{"id":2250,"date":"2021-04-25T12:01:07","date_gmt":"2021-04-25T09:19:20","guid":{"rendered":"https:\/\/pood.moe.ee\/?post_type=product&#038;p=2250"},"modified":"2023-08-14T00:01:16","modified_gmt":"2023-08-13T21:01:16","slug":"terre-magre-sauvignon-friuli-doc-en","status":"publish","type":"product","link":"https:\/\/pood-moe.dev.almic.ee\/en\/shop\/wine\/color\/white-en\/terre-magre-sauvignon-friuli-doc-en\/","title":{"rendered":"Terre Magre Sauvignon Friuli DOC"},"content":{"rendered":"","protected":false},"excerpt":{"rendered":"<p>Terre Magre Sauvignon Friuli DOC<\/p>\n<p>Alkoholisisaldus: alc vol 13 %<br \/>\nPiirkond: Itaalia, D.O.C Friuli<br \/>\nMillest tehtud: 100% Sauvignon Blanc<br \/>\nV\u00e4rvus: S\u00e4rava \u00f5lekollase v\u00e4rvusega, kerge roheklas helk.<br \/>\nAroom: Aromaatne ja v\u00e4ga v\u00e4rske. Tuntav piima n\u00f5gese rohune n\u00fcanss, tugev puuviljasus (roheline \u00f5un, karusmari).<br \/>\nMaitse: Maitses domineerimas puuviljasus- roheline \u00f5un, v\u00e4rsked tsitrused ja troopilise puuviljad. Sekundeerimas Sauv. Blancile omane rohune n\u00fcanss &#8211; pehme piiman\u00f5ges ja soolakas mineraalsus.<br \/>\nServeerimine: Serveerida temperatuuril 7-8 kraadi, Bordeaux t\u00fc\u00fcpi valge veini pokaalist.<br \/>\nToit: Grillitud kalad, karploomad, valge liha- grillitud ja k\u00fcpsetatud kana aromaatsemate kastmetega.<br \/>\nTootest: Imekena kergema kehandiga valge kuiv vein v\u00e4ga tuntud viinamarjasordist. Kena mineraalsus ja v\u00e4rske puuviljane karakter kandmas nii aroomis kui maitses.<br \/>\nTootja: Piera Martellozzo s.P.a<br \/>\nHuvitav fakt: Terre Magre veinide karakteris avaldub h\u00e4sti piirkonnale omane setteline, kruusa- liivane ja mineraalne pinnas.<\/p>\n","protected":false},"featured_media":5647,"template":"","meta":[],"product_cat":[154,138,77],"product_tag":[],"acf":[],"_links":{"self":[{"href":"https:\/\/pood-moe.dev.almic.ee\/en\/wp-json\/wp\/v2\/product\/2250"}],"collection":[{"href":"https:\/\/pood-moe.dev.almic.ee\/en\/wp-json\/wp\/v2\/product"}],"about":[{"href":"https:\/\/pood-moe.dev.almic.ee\/en\/wp-json\/wp\/v2\/types\/product"}],"wp:featuredmedia":[{"embeddable":true,"href":"https:\/\/pood-moe.dev.almic.ee\/en\/wp-json\/wp\/v2\/media\/5647"}],"wp:attachment":[{"href":"https:\/\/pood-moe.dev.almic.ee\/en\/wp-json\/wp\/v2\/media?parent=2250"}],"wp:term":[{"taxonomy":"product_cat","embeddable":true,"href":"https:\/\/pood-moe.dev.almic.ee\/en\/wp-json\/wp\/v2\/product_cat?post=2250"},{"taxonomy":"product_tag","embeddable":true,"href":"https:\/\/pood-moe.dev.almic.ee\/en\/wp-json\/wp\/v2\/product_tag?post=2250"}],"curies":[{"name":"wp","href":"https:\/\/api.w.org\/{rel}","templated":true}]}}