{"id":2260,"date":"2021-04-25T12:24:58","date_gmt":"2021-04-25T09:24:58","guid":{"rendered":"https:\/\/pood.moe.ee\/shop\/uncategorized\/terre-magre-ribolla-gialla-friuli-doc-en\/"},"modified":"2023-08-14T00:01:16","modified_gmt":"2023-08-13T21:01:16","slug":"terre-magre-ribolla-gialla-friuli-doc-en","status":"publish","type":"product","link":"https:\/\/pood-moe.dev.almic.ee\/en\/shop\/wine\/color\/white-en\/terre-magre-ribolla-gialla-friuli-doc-en\/","title":{"rendered":"Terre Magre Ribolla Gialla Friuli DOC"},"content":{"rendered":"","protected":false},"excerpt":{"rendered":"<p>Terre Magre Ribolla Gialla Friuli DOC<\/p>\n<p>Alkoholisisaldus: alc vol 13 %<br \/>\nPiirkond: Itaalia, D.O.C Friuli Colli Orientali<br \/>\nMillest tehtud: 100% Ribolla Gialla viinamarjasordist.<br \/>\nV\u00e4rvus: Helekollase v\u00e4rvusega kerge roheka helgiga.<br \/>\nAroom: Aroomilt aromaatne \u2013 valged lilled ja lopsakas puuviljasus \u2013 v\u00e4rskeid luuvilju, \u00f5una ja greibine s\u00e4rtsakus.<br \/>\nMaitse: Maitses tuntav greibine s\u00e4rtsakus ja greibikoor, v\u00e4rsked luuviljad ja veidi \u00f5una,pirni. J\u00e4relmaitses tunnetatav terroir\u2019le omane mineraalsus.<br \/>\nServeerimine: Serveerida temperatuuril 7-8 kraadi , kindlasti aereerida klaasis- areneb pehmemaks. Bordeaux t\u00fc\u00fcpi punase veini pokaal.<br \/>\nToit: Sobiv kaaslane kalatoitude, mereandide ja viini snitsliga.<br \/>\nTootest: Greibist s\u00e4rtsu ja v\u00e4rskust t\u00e4is aromaatne valge kuiv vein, millel on keskmise t\u00e4idlusega kehand. Vein on v\u00e4rske ja puuviljane soovides enda k\u00f5rvale kindlasti ka sobivat toitu. Karakteris avaldub h\u00e4sti piirkonnale omane terroir.<br \/>\nTootja: Piera Martellozzo s.P.a<br \/>\nHuvitav fakt: Terre Magre veinide karakteris avaldub h\u00e4sti piirkonnale omane kruusa- liivane , mineraalne pinnas. Kasvualad 150 m \u00fcle merepinna.<\/p>\n","protected":false},"featured_media":5651,"template":"","meta":[],"product_cat":[154,138,77],"product_tag":[],"acf":[],"_links":{"self":[{"href":"https:\/\/pood-moe.dev.almic.ee\/en\/wp-json\/wp\/v2\/product\/2260"}],"collection":[{"href":"https:\/\/pood-moe.dev.almic.ee\/en\/wp-json\/wp\/v2\/product"}],"about":[{"href":"https:\/\/pood-moe.dev.almic.ee\/en\/wp-json\/wp\/v2\/types\/product"}],"wp:featuredmedia":[{"embeddable":true,"href":"https:\/\/pood-moe.dev.almic.ee\/en\/wp-json\/wp\/v2\/media\/5651"}],"wp:attachment":[{"href":"https:\/\/pood-moe.dev.almic.ee\/en\/wp-json\/wp\/v2\/media?parent=2260"}],"wp:term":[{"taxonomy":"product_cat","embeddable":true,"href":"https:\/\/pood-moe.dev.almic.ee\/en\/wp-json\/wp\/v2\/product_cat?post=2260"},{"taxonomy":"product_tag","embeddable":true,"href":"https:\/\/pood-moe.dev.almic.ee\/en\/wp-json\/wp\/v2\/product_tag?post=2260"}],"curies":[{"name":"wp","href":"https:\/\/api.w.org\/{rel}","templated":true}]}}