{"id":2264,"date":"2021-04-25T12:32:21","date_gmt":"2021-04-25T09:32:21","guid":{"rendered":"https:\/\/pood.moe.ee\/shop\/uncategorized\/terre-magre-pinot-grigio-friuli-doc-en\/"},"modified":"2023-08-14T00:01:16","modified_gmt":"2023-08-13T21:01:16","slug":"terre-magre-pinot-grigio-friuli-doc-en","status":"publish","type":"product","link":"https:\/\/pood-moe.dev.almic.ee\/en\/shop\/wine\/color\/white-en\/terre-magre-pinot-grigio-friuli-doc-en\/","title":{"rendered":"Terre Magre Pinot Grigio Friuli Doc"},"content":{"rendered":"","protected":false},"excerpt":{"rendered":"<p>Terre Magre Pinot Grigio Friuli Doc<\/p>\n<p>Alkoholisisaldus: alc vol 13 %<br \/>\nPiirkond: Itaalia, D.O.C Friuli<br \/>\nMillest tehtud: 100% Pinot Grigio viinamarjadest<br \/>\nV\u00e4rvus: Valkjas , helekollase v\u00e4rvusega.<br \/>\nAroom: Aroomis domineerimas v\u00e4rskelt puuviljasus- iseloomulikud kr\u00f5mpsuvad luuviljad, tuntavad v\u00e4rsked tsitrused ja mineraalsus.<br \/>\nMaitse: V\u00e4rskelt puuviljane &#8211; iseloomulikud kr\u00f5mpsuvad luuviljad, veidike rohelist \u00f5una. Kestev mineraalsus ja kollasemad tsitrused j\u00e4relmaitses.<br \/>\nServeerimine: Serveerin temperatuuril 7-8 kraadi juures Bordeaux t\u00fc\u00fcpi valge veini pokaalist<br \/>\nToit: Kergemad kalaroad, mereannid, v\u00e4rsked juustud.<br \/>\nTootest: Terroir\u2019d iseloomustava karakteriga valge kuiv vein tuntud viinamarjasordist, millel on kerge kehand ja s\u00e4rtsakaks iseloom.<br \/>\nTootja: Piera Martellozzo s.P.a<br \/>\nHuvitav fakt: Terre Magre veinide karakteris avaldub h\u00e4sti piirkonnale omane kruusa- liivane , mineraalne pinnas. Kasvualad 150 m \u00fcle merepinna.<\/p>\n","protected":false},"featured_media":5655,"template":"","meta":[],"product_cat":[154,138,77],"product_tag":[],"acf":[],"_links":{"self":[{"href":"https:\/\/pood-moe.dev.almic.ee\/en\/wp-json\/wp\/v2\/product\/2264"}],"collection":[{"href":"https:\/\/pood-moe.dev.almic.ee\/en\/wp-json\/wp\/v2\/product"}],"about":[{"href":"https:\/\/pood-moe.dev.almic.ee\/en\/wp-json\/wp\/v2\/types\/product"}],"wp:featuredmedia":[{"embeddable":true,"href":"https:\/\/pood-moe.dev.almic.ee\/en\/wp-json\/wp\/v2\/media\/5655"}],"wp:attachment":[{"href":"https:\/\/pood-moe.dev.almic.ee\/en\/wp-json\/wp\/v2\/media?parent=2264"}],"wp:term":[{"taxonomy":"product_cat","embeddable":true,"href":"https:\/\/pood-moe.dev.almic.ee\/en\/wp-json\/wp\/v2\/product_cat?post=2264"},{"taxonomy":"product_tag","embeddable":true,"href":"https:\/\/pood-moe.dev.almic.ee\/en\/wp-json\/wp\/v2\/product_tag?post=2264"}],"curies":[{"name":"wp","href":"https:\/\/api.w.org\/{rel}","templated":true}]}}