{"id":2268,"date":"2021-04-25T12:37:45","date_gmt":"2021-04-25T09:37:45","guid":{"rendered":"https:\/\/pood.moe.ee\/shop\/uncategorized\/santa-maria-bianco-en\/"},"modified":"2023-08-14T00:01:16","modified_gmt":"2023-08-13T21:01:16","slug":"santa-maria-bianco-en","status":"publish","type":"product","link":"https:\/\/pood-moe.dev.almic.ee\/en\/shop\/wine\/color\/white-en\/santa-maria-bianco-en\/","title":{"rendered":"Santa Maria Bianco"},"content":{"rendered":"","protected":false},"excerpt":{"rendered":"<p>Santa Maria Bianco<\/p>\n<p>Alkoholisisaldus: alc vol 12%<br \/>\nPiirkond: Itaalia, Trentino Alto Adige<br \/>\nMillest tehtud: Viinamarjasort Santa Maria<br \/>\nV\u00e4rvus: Helekollase v\u00e4rvusega kerge roheka helgiga<br \/>\nAroom: Kerge v\u00e4rske ja puuviljane- tuntavad roheline v\u00e4rsked luuviljad ja tsitrused \u2013 sidruni ja sidrunikoore n\u00e4ol.<br \/>\nMaitse: Kuiv valge vein millel on kerge kehand. Maitses on tuntavad v\u00e4rsked tsitrused ja luuviljad, veidid ka v\u00e4rsket \u00f5una. J\u00e4relmaitses kerge rohusus. S\u00e4rtsaka iseloomuga lihtne valge vein.<br \/>\nServeerimine: Serveerida temperatuuril 6-7 kraadi, Bordeaux t\u00fc\u00fcpi valge veini pokaalist.<br \/>\nToit: Ideaalne seltskonnavein, kergemad salatid tsitruste ja puuviljadega.<br \/>\nTootest: Lihtne ja v\u00e4rske vein Kirde Itaalia jahedamast piirkonnast. Lihtne, selge ja v\u00e4rske vein. Maitseomadustelt s\u00e4rtsakas. Kvaliteediaste Vino di Tavolo.<br \/>\nTootja: Piera Martellozzo s.P.a<br \/>\nHuvitav fakt: Santa Maria on v\u00e4hetuntud valge viinamarjasort Itaalia maakonna Emilia- Romagna l\u00e4\u00e4neosast. Peasjalikult kasutatakse passiito meetodil magusate veinide valmistamiseks.<\/p>\n","protected":false},"featured_media":5663,"template":"","meta":[],"product_cat":[154,138,77],"product_tag":[],"acf":[],"_links":{"self":[{"href":"https:\/\/pood-moe.dev.almic.ee\/en\/wp-json\/wp\/v2\/product\/2268"}],"collection":[{"href":"https:\/\/pood-moe.dev.almic.ee\/en\/wp-json\/wp\/v2\/product"}],"about":[{"href":"https:\/\/pood-moe.dev.almic.ee\/en\/wp-json\/wp\/v2\/types\/product"}],"wp:featuredmedia":[{"embeddable":true,"href":"https:\/\/pood-moe.dev.almic.ee\/en\/wp-json\/wp\/v2\/media\/5663"}],"wp:attachment":[{"href":"https:\/\/pood-moe.dev.almic.ee\/en\/wp-json\/wp\/v2\/media?parent=2268"}],"wp:term":[{"taxonomy":"product_cat","embeddable":true,"href":"https:\/\/pood-moe.dev.almic.ee\/en\/wp-json\/wp\/v2\/product_cat?post=2268"},{"taxonomy":"product_tag","embeddable":true,"href":"https:\/\/pood-moe.dev.almic.ee\/en\/wp-json\/wp\/v2\/product_tag?post=2268"}],"curies":[{"name":"wp","href":"https:\/\/api.w.org\/{rel}","templated":true}]}}