{"id":2278,"date":"2021-04-25T17:33:54","date_gmt":"2021-04-25T14:33:54","guid":{"rendered":"https:\/\/pood.moe.ee\/shop\/uncategorized\/terre-magre-refosco-dal-peduncolo-rosso-friuli-d-o-c-en\/"},"modified":"2023-07-17T00:11:32","modified_gmt":"2023-07-16T21:11:32","slug":"terre-magre-refosco-dal-peduncolo-rosso-friuli-d-o-c-en","status":"publish","type":"product","link":"https:\/\/pood-moe.dev.almic.ee\/en\/shop\/wine\/color\/red-en\/terre-magre-refosco-dal-peduncolo-rosso-friuli-d-o-c-en\/","title":{"rendered":"Terre Magre Refosco dal Peduncolo Rosso, Friuli D.O.C."},"content":{"rendered":"","protected":false},"excerpt":{"rendered":"<p>Terre Magre Refosco dal Peduncolo Rosso, Friuli D.O.C.<\/p>\n<p>Alkoholisisaldus: alc vol 13 %<br \/>\nPiirkond: Itaalia, D.O.C Friuli<br \/>\nMillest tehtud: 100% viinamarja sort Refosco dal Peduncolo<br \/>\nV\u00e4rvus: Intensiivse rubiinpunase v\u00e4rvusega punane vein, millel on tugevalt mustjas varjund ja s\u00fcda l\u00e4bipaistmatu.<br \/>\nAroom: Aroom on kompleksne ja meeldiv. Domineerimas K\u00fcpsemad mustad luuviljad, musts\u00f5star ja aroonia. Eristatavad on klaasis ka piprad ja k\u00fcpsetusv\u00fcrtsid, mis annavad m\u00e4rku m\u00f5ningasest tamme manipulatsioonist. Alkohol kenasti integreeritud.<br \/>\nMaitse: Maitses hea komplekssusega punane vein, karakteris domineerimas k\u00fcpsemad mustad luuviljad ja marjad- musts\u00f5strad, aroonia, veidi ka toomingat. Sekundeerimas tagaplaanil must pipar ja k\u00fcpsetusv\u00fcrtsid. Siidise pehme parkhappega vein mille \u00fclipikk j\u00e4relmaitse on kantud marjasusest ja k\u00fcpsetusv\u00fcrtsidest. Tuntav tamme manipulatsioon.<br \/>\nServeerimine: serveerida temperatuuril 16-17 kraadi Bordeaux t\u00fc\u00fcpi punase veini pokaalist. Soovitan aereerida.<br \/>\nToit: r\u00f6stitud sealiha, k\u00fcpsetatud hirv, ravioolid lihaga, lasagne, arenenud juustud- asiago<br \/>\nTootest: Refosco dal Peduncolo on arenenud punane kuiv vein, millel on intensiivne matrjane karakter ja t\u00e4idlane kehand. K\u00fcpsete mustade metsamarjade karakteriga vein v\u00e4hetuntud viinamarjasordist traditsionaalsest veinivalmistamise piirkonnast Kirde- Itaalias. Vein on juba m\u00f5nev\u00f5rra arendatud 500l tammevaadis tonneaux. Hea arengupotensiaaliga vein.<br \/>\nTootja: Piera Martellozzo s.P.a<br \/>\nHuvitav fakt: Terre Magre veinide karakteris avaldub h\u00e4sti piirkonnale omane kruusa- liivane , mineraalne pinnas. Kasvualad 200 m \u00fcle merepinna.<br \/>\nRefosco on tumedakestaline viinamarjasort, mida kasvatatkse peasjalikult Kirde- Itaalias, Sloveenias ja Horvaatias. Sordile on omane hea hape ja tugevad tanniinid, mis vajavad k\u00fcpsemiseks aega ja tihti ka tammevaadi manipulatsiooni.<\/p>\n","protected":false},"featured_media":5421,"template":"","meta":[],"product_cat":[154,134,77],"product_tag":[],"acf":[],"_links":{"self":[{"href":"https:\/\/pood-moe.dev.almic.ee\/en\/wp-json\/wp\/v2\/product\/2278"}],"collection":[{"href":"https:\/\/pood-moe.dev.almic.ee\/en\/wp-json\/wp\/v2\/product"}],"about":[{"href":"https:\/\/pood-moe.dev.almic.ee\/en\/wp-json\/wp\/v2\/types\/product"}],"wp:featuredmedia":[{"embeddable":true,"href":"https:\/\/pood-moe.dev.almic.ee\/en\/wp-json\/wp\/v2\/media\/5421"}],"wp:attachment":[{"href":"https:\/\/pood-moe.dev.almic.ee\/en\/wp-json\/wp\/v2\/media?parent=2278"}],"wp:term":[{"taxonomy":"product_cat","embeddable":true,"href":"https:\/\/pood-moe.dev.almic.ee\/en\/wp-json\/wp\/v2\/product_cat?post=2278"},{"taxonomy":"product_tag","embeddable":true,"href":"https:\/\/pood-moe.dev.almic.ee\/en\/wp-json\/wp\/v2\/product_tag?post=2278"}],"curies":[{"name":"wp","href":"https:\/\/api.w.org\/{rel}","templated":true}]}}