{"id":2282,"date":"2021-04-25T17:38:57","date_gmt":"2021-04-25T14:38:57","guid":{"rendered":"https:\/\/pood.moe.ee\/shop\/uncategorized\/terre-magre-cabernet-franc-friuli-d-o-c-en\/"},"modified":"2023-07-17T00:11:32","modified_gmt":"2023-07-16T21:11:32","slug":"terre-magre-cabernet-franc-friuli-d-o-c-en","status":"publish","type":"product","link":"https:\/\/pood-moe.dev.almic.ee\/en\/shop\/wine\/color\/red-en\/terre-magre-cabernet-franc-friuli-d-o-c-en\/","title":{"rendered":"Terre Magre Cabernet Franc Friuli D.O.C."},"content":{"rendered":"","protected":false},"excerpt":{"rendered":"<p>Terre Magre Cabernet Franc Friuli D.O.C.<\/p>\n<p>Alkoholisisaldus: alc vol 13 %<br \/>\nPiirkond: Itaalia, D.O.C Friuli<br \/>\nMillest tehtud: Viinamarjasort 100% Cabernet Franc<br \/>\nV\u00e4rvus: V\u00e4rvi intensiivsus tugev , v\u00e4rvus rubiinpunane, musta varjundiga.<\/p>\n<p>Aroom: First nose piprad ja mustad \u2013 punased metsamarjad. Karakter k\u00fcpsemad mustad ja punased kirsid, veidi ploomi, mustad ja punased metsamarjad \u2013 mustikat, p\u00f5ldmarja, j\u00f5hvikat. Pipar ja kardemoni n\u00fcanss tagaplaanil, andes vihjeid v\u00e4hesele tamme manipulatsioonile.<\/p>\n<p>Maitse: Maitse karakteris tunda k\u00fcpsed luuviljad- must kirss ja kirsikivi, k\u00fcpsed p\u00f5ldmarjad, mustikat ja p\u00f5ldmarja. Keskmaitses kerged rohelised noodid \u2013 roheline paprika. Pikas J\u00e4relmaitses piprad ja \u00f5rnad k\u00fcpsetusv\u00fcrtsid, mis annavad veinile pehme ja siidide tekstuuri vihjates kergele tamme manipulatsioonile.<\/p>\n<p>Serveerimine: Serveerida temperatuuril 16-17 kraadi Bordeaux punase veini pokaalist. Soovitan aereerida.<br \/>\nToit: L\u00e4\u00e4tsedest valmistatud toidud, grillitud sealiha- ideaalne grillitoit, veiselihast pajaroad, lihapallid tomatikastmes, lammas, metslinnud, k\u00fcpsetatud seak\u00f5ht kr\u00f5beda nahaga \u00f5lle ja punase veini kastmes<br \/>\nTootest: Keskmise kehandiga kvaliteetne Cabernet Franc viinamarjasordist valmistatud punane kuiv vein. Veini karakter on marjane ja kompleksne, pakkudes avastusr\u00f5\u00f5mu k\u00fclmema kliima \u201eteise Cabernet\u201c kohta. Vein on m\u00f5nev\u00f5rra juba arenenud.<br \/>\nTootja: Piera Martellozzo s.P.a<br \/>\nHuvitav fakt: Terre Magre veinide karakteris avaldub h\u00e4sti piirkonnale omane kruusa- liivane , mineraalne pinnas. Kasvualad 200 m \u00fcle merepinna.<\/p>\n","protected":false},"featured_media":5417,"template":"","meta":[],"product_cat":[154,134,77],"product_tag":[],"acf":[],"_links":{"self":[{"href":"https:\/\/pood-moe.dev.almic.ee\/en\/wp-json\/wp\/v2\/product\/2282"}],"collection":[{"href":"https:\/\/pood-moe.dev.almic.ee\/en\/wp-json\/wp\/v2\/product"}],"about":[{"href":"https:\/\/pood-moe.dev.almic.ee\/en\/wp-json\/wp\/v2\/types\/product"}],"wp:featuredmedia":[{"embeddable":true,"href":"https:\/\/pood-moe.dev.almic.ee\/en\/wp-json\/wp\/v2\/media\/5417"}],"wp:attachment":[{"href":"https:\/\/pood-moe.dev.almic.ee\/en\/wp-json\/wp\/v2\/media?parent=2282"}],"wp:term":[{"taxonomy":"product_cat","embeddable":true,"href":"https:\/\/pood-moe.dev.almic.ee\/en\/wp-json\/wp\/v2\/product_cat?post=2282"},{"taxonomy":"product_tag","embeddable":true,"href":"https:\/\/pood-moe.dev.almic.ee\/en\/wp-json\/wp\/v2\/product_tag?post=2282"}],"curies":[{"name":"wp","href":"https:\/\/api.w.org\/{rel}","templated":true}]}}