{"id":2286,"date":"2021-04-25T17:44:16","date_gmt":"2021-04-25T14:44:16","guid":{"rendered":"https:\/\/pood.moe.ee\/shop\/uncategorized\/santa-maria-rosso-en\/"},"modified":"2023-07-17T00:11:32","modified_gmt":"2023-07-16T21:11:32","slug":"santa-maria-rosso-en","status":"publish","type":"product","link":"https:\/\/pood-moe.dev.almic.ee\/en\/shop\/wine\/color\/red-en\/santa-maria-rosso-en\/","title":{"rendered":"Santa Maria Rosso"},"content":{"rendered":"","protected":false},"excerpt":{"rendered":"<p>Santa Maria Rosso<\/p>\n<p>Alkoholisisaldus: alc vol 12%<br \/>\nPiirkond: Itaalia &#8211; Friuli Venezia Giulia, Colli Orientali del Friuli<br \/>\nMillest tehtud: Cabernet Sauvignon ja Merlot<br \/>\nV\u00e4rvus: Violetse alatooniga rubiinpunane vein.<br \/>\nAroom: Aroomis tuntavad v\u00e4rsked kirsid ja veidike kirsikivi.<br \/>\nMaitse: Punane kuiv vein , milell on kerge kehand. Maitse on lopsakalt kirsine, millele annab tooni ka kirsikivine noot. Tagaplaanil aimatavad punaste metsamarjade noodid.<br \/>\nServeerimine: Serveerida Bordeaux t\u00fc\u00fcpi punase veini pokaalist temperatuuril 14-15 kraadi. Seda kergem on ta kehand.<br \/>\nToit: kergemad k\u00fclmad lihal\u00f5igud, salatid. Tarbitav ka pizza k\u00f5rvale.<br \/>\nTootest: Lihtne, v\u00e4rske ja s\u00e4rtsakas punane vein. Tarbitav ka seltskonnaveinina. Kvaliteedi aste Vino di Tavolo.<br \/>\nTootja: Piera Martellozzo 1899<br \/>\nHuvitav fakt: Santa Maria on v\u00e4hetuntud valge viinamarjasort Itaalia maakonna Emilia- Romagna l\u00e4\u00e4neosast. Peasjalikult kasutatakse passiito meetodil magusate veinide valmistamiseks.<\/p>\n","protected":false},"featured_media":5563,"template":"","meta":[],"product_cat":[154,134,77],"product_tag":[],"acf":[],"_links":{"self":[{"href":"https:\/\/pood-moe.dev.almic.ee\/en\/wp-json\/wp\/v2\/product\/2286"}],"collection":[{"href":"https:\/\/pood-moe.dev.almic.ee\/en\/wp-json\/wp\/v2\/product"}],"about":[{"href":"https:\/\/pood-moe.dev.almic.ee\/en\/wp-json\/wp\/v2\/types\/product"}],"wp:featuredmedia":[{"embeddable":true,"href":"https:\/\/pood-moe.dev.almic.ee\/en\/wp-json\/wp\/v2\/media\/5563"}],"wp:attachment":[{"href":"https:\/\/pood-moe.dev.almic.ee\/en\/wp-json\/wp\/v2\/media?parent=2286"}],"wp:term":[{"taxonomy":"product_cat","embeddable":true,"href":"https:\/\/pood-moe.dev.almic.ee\/en\/wp-json\/wp\/v2\/product_cat?post=2286"},{"taxonomy":"product_tag","embeddable":true,"href":"https:\/\/pood-moe.dev.almic.ee\/en\/wp-json\/wp\/v2\/product_tag?post=2286"}],"curies":[{"name":"wp","href":"https:\/\/api.w.org\/{rel}","templated":true}]}}