{"id":2513,"date":"2021-07-12T19:59:22","date_gmt":"2021-07-12T16:59:22","guid":{"rendered":"https:\/\/pood.moe.ee\/shop\/uncategorized\/rexach-baques-brut-imperial-reserva-en\/"},"modified":"2023-08-14T00:01:16","modified_gmt":"2023-08-13T21:01:16","slug":"rexach-baques-brut-imperial-reserva-en","status":"publish","type":"product","link":"https:\/\/pood-moe.dev.almic.ee\/en\/shop\/prosecco-en\/cava-en\/rexach-baques-brut-imperial-reserva-en\/","title":{"rendered":"Rexach Baques Brut Imperial Reserva"},"content":{"rendered":"","protected":false},"excerpt":{"rendered":"<p>Alkoholisisaldus: 11,50%<br \/>\nPiirkond: Penedes Cava DO \/Kataloonia\/ Hispaania<br \/>\nMillest tehtud: 35% Parellada, 33 % Macabeo, 33% Xarel- lo<br \/>\nV\u00e4rvus: \u00d5lekollase v\u00e4rvusega vahuvein, milles helkimas kudsed toonid. Elegantse ja peene mulliga.<br \/>\nAroom: Aroom puuviljane, elegantne kus on n\u00fcannsi andmas p\u00e4hkel ja kena r\u00f6stisus.<br \/>\nMaitse: Maitselt mitmek\u00fclgne keskmise t\u00e4idlusega kuiv vahuvein. Tuntavad noodid k\u00fcpsem \u00f5un ja luuviljad, hea balanss puuviljasuse ja s\u00e4rtsakuse vahel.<br \/>\nServeerimine: Serveerida temperatuuril 8 -10 kraadi, Bordeaux t\u00fc\u00fcpi valge veini pokaalist.<br \/>\nToit: Sobib mitmesuguste roogadega, mereannid ja arenenumad juustud.<br \/>\nTootest: Non Vintage Cava , mis kannab sildil kirjet \u201eImperial\u201c ehk Keiserlik K\u00f5rgus . Arendatud pudelis p\u00e4rmisettel 24 kuud. Salvador Dali pulma vastuv\u00f5tu Cava.<br \/>\nTootja: Rexach Baques<br \/>\nHuvitav fakt: Veinimaja teise p\u00f5lvkonna kaubam\u00e4rk. Esimesed Imperialid juba 1950 \u2013 tel aastatel. Toode v\u00f5itis 2021 aastal Eesti Sommeljeede Assotsatsiooni poolt korraldatud Aasta Veinide valimisel H\u00f5bemedali.<\/p>\n","protected":false},"featured_media":5252,"template":"","meta":[],"product_cat":[122,100],"product_tag":[284],"acf":[],"_links":{"self":[{"href":"https:\/\/pood-moe.dev.almic.ee\/en\/wp-json\/wp\/v2\/product\/2513"}],"collection":[{"href":"https:\/\/pood-moe.dev.almic.ee\/en\/wp-json\/wp\/v2\/product"}],"about":[{"href":"https:\/\/pood-moe.dev.almic.ee\/en\/wp-json\/wp\/v2\/types\/product"}],"wp:featuredmedia":[{"embeddable":true,"href":"https:\/\/pood-moe.dev.almic.ee\/en\/wp-json\/wp\/v2\/media\/5252"}],"wp:attachment":[{"href":"https:\/\/pood-moe.dev.almic.ee\/en\/wp-json\/wp\/v2\/media?parent=2513"}],"wp:term":[{"taxonomy":"product_cat","embeddable":true,"href":"https:\/\/pood-moe.dev.almic.ee\/en\/wp-json\/wp\/v2\/product_cat?post=2513"},{"taxonomy":"product_tag","embeddable":true,"href":"https:\/\/pood-moe.dev.almic.ee\/en\/wp-json\/wp\/v2\/product_tag?post=2513"}],"curies":[{"name":"wp","href":"https:\/\/api.w.org\/{rel}","templated":true}]}}