{"id":2518,"date":"2021-07-12T20:05:42","date_gmt":"2021-07-12T17:05:42","guid":{"rendered":"https:\/\/pood.moe.ee\/shop\/uncategorized\/rexach-baques-brut-nature-gran-reserva-en\/"},"modified":"2023-08-14T00:01:16","modified_gmt":"2023-08-13T21:01:16","slug":"rexach-baques-brut-nature-gran-reserva-en","status":"publish","type":"product","link":"https:\/\/pood-moe.dev.almic.ee\/en\/shop\/prosecco-en\/cava-en\/rexach-baques-brut-nature-gran-reserva-en\/","title":{"rendered":"Rexach Baques Brut Nature Gran Reserva"},"content":{"rendered":"","protected":false},"excerpt":{"rendered":"<p>Alkoholisisaldus: 11,50%<br \/>\nPiirkond: Penedes Cava DO \/Kataloonia\/ Hispaania<br \/>\nMillest tehtud: 40% Xarel\u00b7lo, 35% Parellada, 25% Macabeo<br \/>\nV\u00e4rvus: Helekollane ja s\u00e4rav. Kerge kuldne helk ja kaunis mullirida.<br \/>\nAroom: Aroom elegantne ja v\u00e4rske. Iseloomustav s\u00f5na mitmek\u00fclgsus, kus domineerimas m\u00f5nus r\u00f6stisus \u2013 v\u00e4rskete k\u00fcpsetiste h\u00f5ng pagarikojast<br \/>\nMaitse: Maitses tuntavav mitmek\u00fclgsus mis on heas tasakaalus aroomi komponentidega. Meeldivalt s\u00e4rtsakas keskmise kehandiga kuiv vahuvein, kus karakteris annavad tooni kuivatatud puuviljad ja m\u00f5nus r\u00f6stisus.<br \/>\nServeerimine: Serveerida temperatuuril 8 &#8211; 10 kraadi , Bordeaux t\u00fc\u00fcpi Valge veini pokaalist.<br \/>\nToit: Sobib kenasti paljude toitudega, eriti merest tulevaga.<br \/>\nTootest: Non Vintage Cava , mis kannab sildil kirjet Brut Nature ehk peaaegu suhkruvaba ( lubatud j\u00e4\u00e4ksuhkur 0-3 g ). Arendatud p\u00e4rmisettel 40 kuud.<br \/>\nTootja: Tunnustatud pereettev\u00f5te, mis valmistab vaikseid ja vahuveine aastast 1910.<br \/>\nHuvitav fakt: Veinimaja ikoontoode, mille t\u00f5id turule veinimaja 3 p\u00f5lvkonna esindajad.<\/p>\n","protected":false},"featured_media":5266,"template":"","meta":[],"product_cat":[122,100],"product_tag":[],"acf":[],"_links":{"self":[{"href":"https:\/\/pood-moe.dev.almic.ee\/en\/wp-json\/wp\/v2\/product\/2518"}],"collection":[{"href":"https:\/\/pood-moe.dev.almic.ee\/en\/wp-json\/wp\/v2\/product"}],"about":[{"href":"https:\/\/pood-moe.dev.almic.ee\/en\/wp-json\/wp\/v2\/types\/product"}],"wp:featuredmedia":[{"embeddable":true,"href":"https:\/\/pood-moe.dev.almic.ee\/en\/wp-json\/wp\/v2\/media\/5266"}],"wp:attachment":[{"href":"https:\/\/pood-moe.dev.almic.ee\/en\/wp-json\/wp\/v2\/media?parent=2518"}],"wp:term":[{"taxonomy":"product_cat","embeddable":true,"href":"https:\/\/pood-moe.dev.almic.ee\/en\/wp-json\/wp\/v2\/product_cat?post=2518"},{"taxonomy":"product_tag","embeddable":true,"href":"https:\/\/pood-moe.dev.almic.ee\/en\/wp-json\/wp\/v2\/product_tag?post=2518"}],"curies":[{"name":"wp","href":"https:\/\/api.w.org\/{rel}","templated":true}]}}