{"id":2528,"date":"2021-07-12T20:12:54","date_gmt":"2021-07-12T17:12:54","guid":{"rendered":"https:\/\/pood.moe.ee\/shop\/uncategorized\/rexach-baques-gran-carta-brut-reserva-en\/"},"modified":"2023-08-14T00:01:16","modified_gmt":"2023-08-13T21:01:16","slug":"rexach-baques-gran-carta-brut-reserva-en","status":"publish","type":"product","link":"https:\/\/pood-moe.dev.almic.ee\/en\/shop\/prosecco-en\/cava-en\/rexach-baques-gran-carta-brut-reserva-en\/","title":{"rendered":"Rexach Baques Gran Carta Brut Reserva"},"content":{"rendered":"","protected":false},"excerpt":{"rendered":"<p>Alkoholisisaldus: 11,50%<br \/>\nPiirkond: Penedes Cava DO \/Kataloonia\/ Hispaania<br \/>\nMillest tehtud: 35 % Parellada, 22 % Macabeo, 43 % Xarell-lo<br \/>\nV\u00e4rvus: V\u00e4rvuselt helekollane ja helge noor ja v\u00e4rske cava. J\u00f5ulisem mullirida.<br \/>\nAroom: Aroom v\u00e4rske, tuntavad v\u00e4rsked puu \u2013 ja luuviljad.<br \/>\nMaitse: Meeldiv , v\u00e4rske ja mineraalne kuiv vahuvein, millel on puuviljane karakter.<br \/>\nServeerimine: Serveerida temperatuuril 8 kraadi Bordeaux t\u00fc\u00fcpi valge veini pokaalist.<br \/>\nToit: Kerged ja v\u00e4rsked mereroad. Meeldiv seltskonnajook ja aperatiiv.<br \/>\nTootest: Kuiv keskmise kehandiga Non Vintage vahuvein, mis on valmistatud Methode Traditionell. Arendatud pudelis p\u00e4rmisettel 18 kuud.<br \/>\nTootja: Rexach Baques<br \/>\nHuvitav fakt: Nime Gran Carta Registreeris umbes 1929 \/ 1930 veinitehase asutaja Pere Baques Rafecas.<\/p>\n","protected":false},"featured_media":5262,"template":"","meta":[],"product_cat":[122,100],"product_tag":[284],"acf":[],"_links":{"self":[{"href":"https:\/\/pood-moe.dev.almic.ee\/en\/wp-json\/wp\/v2\/product\/2528"}],"collection":[{"href":"https:\/\/pood-moe.dev.almic.ee\/en\/wp-json\/wp\/v2\/product"}],"about":[{"href":"https:\/\/pood-moe.dev.almic.ee\/en\/wp-json\/wp\/v2\/types\/product"}],"wp:featuredmedia":[{"embeddable":true,"href":"https:\/\/pood-moe.dev.almic.ee\/en\/wp-json\/wp\/v2\/media\/5262"}],"wp:attachment":[{"href":"https:\/\/pood-moe.dev.almic.ee\/en\/wp-json\/wp\/v2\/media?parent=2528"}],"wp:term":[{"taxonomy":"product_cat","embeddable":true,"href":"https:\/\/pood-moe.dev.almic.ee\/en\/wp-json\/wp\/v2\/product_cat?post=2528"},{"taxonomy":"product_tag","embeddable":true,"href":"https:\/\/pood-moe.dev.almic.ee\/en\/wp-json\/wp\/v2\/product_tag?post=2528"}],"curies":[{"name":"wp","href":"https:\/\/api.w.org\/{rel}","templated":true}]}}