{"id":2533,"date":"2021-07-12T20:17:24","date_gmt":"2021-07-12T17:17:24","guid":{"rendered":"https:\/\/pood.moe.ee\/shop\/uncategorized\/rexach-baques-pere-rexach-gran-reserva-en\/"},"modified":"2023-08-14T00:01:16","modified_gmt":"2023-08-13T21:01:16","slug":"rexach-baques-pere-rexach-gran-reserva-en","status":"publish","type":"product","link":"https:\/\/pood-moe.dev.almic.ee\/en\/shop\/prosecco-en\/cava-en\/rexach-baques-pere-rexach-gran-reserva-en\/","title":{"rendered":"Rexach Baques P\u00e9re Rexach Gran Reserva"},"content":{"rendered":"","protected":false},"excerpt":{"rendered":"<p>Alkoholisisaldus: 11,50 % alc vol<br \/>\nPiirkond: Penedes, Cava DO \/Kataloonia\/ Hispaania<br \/>\nMillest tehtud: 35% Parellada, 25% Macabeo, 40% Xarel- lo, n\u00e4puotsaga Pinot Noir<br \/>\nV\u00e4rvus: V\u00e4rvuselt \u00f5lekollane jook, kuldselt helkiva peegeldusega.<br \/>\nAroom: Aroomilt juba m\u00f5nev\u00f5rra arenenud aastak\u00e4igu Cava, kus tunda p\u00e4hleid, k\u00fcpseid luu- ja puuvilju, vaniljet ja r\u00f6stiseid noote.<br \/>\nMaitse: Elegantne ja meeldiv keskmise t\u00e4idlusega kuiv vahuvein, mis on valmistatud Methode Traditionelle. Pehme vahusus ja maitses kajastumas aroomist tuttavad n\u00fcansid.<br \/>\nServeerimine: Serveerida temperatuuri 8-10 kraadi Bordeaux t\u00fc\u00fcpi valge veini pokaalist. Joogi v\u00f5ib avada juba veidi varem ja lasta tal hingata, v\u00f5ib ka aereerida kitsamasse dekantrisse.<br \/>\nToit: Oma kompleksuses sobib mitmesuguste toitudega, m\u00f5nev\u00f5rra arenenud juustudega. Meeldiv seltskonna jook.<br \/>\nTootest: 2015 aasta Vintage Cava , mis kannab veinimaja kolmanda p\u00f5lvkonna meistri Pere Rexach Baquesi nime. Arendatud pudelis p\u00e4rmisettel 60 kuud.<br \/>\nTootja: Rexach Baques<br \/>\nHuvitav fakt: Spetsiaalne Cava , mis valmistati Montse Rexach veinitehase 100 juubeli puhul. Igast aastak\u00e4igust valmistatakse kokku 900 pudelit, mis j\u00e4etakse k\u00fcpsema veinikeldritesse.<\/p>\n","protected":false},"featured_media":5258,"template":"","meta":[],"product_cat":[122,100],"product_tag":[284],"acf":[],"_links":{"self":[{"href":"https:\/\/pood-moe.dev.almic.ee\/en\/wp-json\/wp\/v2\/product\/2533"}],"collection":[{"href":"https:\/\/pood-moe.dev.almic.ee\/en\/wp-json\/wp\/v2\/product"}],"about":[{"href":"https:\/\/pood-moe.dev.almic.ee\/en\/wp-json\/wp\/v2\/types\/product"}],"wp:featuredmedia":[{"embeddable":true,"href":"https:\/\/pood-moe.dev.almic.ee\/en\/wp-json\/wp\/v2\/media\/5258"}],"wp:attachment":[{"href":"https:\/\/pood-moe.dev.almic.ee\/en\/wp-json\/wp\/v2\/media?parent=2533"}],"wp:term":[{"taxonomy":"product_cat","embeddable":true,"href":"https:\/\/pood-moe.dev.almic.ee\/en\/wp-json\/wp\/v2\/product_cat?post=2533"},{"taxonomy":"product_tag","embeddable":true,"href":"https:\/\/pood-moe.dev.almic.ee\/en\/wp-json\/wp\/v2\/product_tag?post=2533"}],"curies":[{"name":"wp","href":"https:\/\/api.w.org\/{rel}","templated":true}]}}