{"id":2537,"date":"2021-07-12T20:21:04","date_gmt":"2021-07-12T17:21:04","guid":{"rendered":"https:\/\/pood.moe.ee\/shop\/uncategorized\/rexach-baques-rosat-reserva-organic-en\/"},"modified":"2023-08-14T00:01:15","modified_gmt":"2023-08-13T21:01:15","slug":"rexach-baques-rosat-reserva-organic-en","status":"publish","type":"product","link":"https:\/\/pood-moe.dev.almic.ee\/en\/shop\/prosecco-en\/cava-en\/rexach-baques-rosat-reserva-organic-en\/","title":{"rendered":"Rexach Baques Rosat Reserva Organic"},"content":{"rendered":"","protected":false},"excerpt":{"rendered":"<p>Alkoholisisaldus: 11,50%<br \/>\nPiirkond: Penedes Cava DO \/Kataloonia\/ Hispaania<br \/>\nMillest tehtud: 100% Pinot Noir<br \/>\nV\u00e4rvus: V\u00e4rvuselt helge ja \u00f5rnroosa.<br \/>\nAroom: V\u00e4rsked ja marjased aroomid \u2013 v\u00e4rsked maasikad ja kirsine karakter.<br \/>\nMaitse: Maitselt kuiv vahuvein , mille maitsepalett on rikkalikult marjane \u2013 tunatvad v\u00e4rske kirsi ja maasikate noodid. Pehme ja meeldiv mull. J\u00e4relmaitse marjane ja \u00fclipikk.<br \/>\nServeerimine: Serveerida temperatuuril 8-10 kraadi Bordeaux t\u00fc\u00fcpi valge veini pokaalist<br \/>\nToit: Sobib erinevate toitude k\u00f5rvale, hea aperatiiv v\u00f5i suvine terassijook nautimiseks heas seltskonnas.<br \/>\nTootest: Kuiv keskmise kehandiga Non Vintage vahuvein, mis on valmistatud Methode Traditionell. Arendatud pudelis p\u00e4rmisettel 15 kuud.<br \/>\nTootja: Rexach Baques<br \/>\nHuvitav fakt: Alates 2013 on valmistatud aastas 2000 \u2013 3000 pudelit. Vahuveini tutvustas ja t\u00f5i v\u00e4lja Rexach Baquesi cava maja veinivalmistajate neljas p\u00f5lvkond.<\/p>\n","protected":false},"featured_media":5256,"template":"","meta":[],"product_cat":[122,100],"product_tag":[284],"acf":[],"_links":{"self":[{"href":"https:\/\/pood-moe.dev.almic.ee\/en\/wp-json\/wp\/v2\/product\/2537"}],"collection":[{"href":"https:\/\/pood-moe.dev.almic.ee\/en\/wp-json\/wp\/v2\/product"}],"about":[{"href":"https:\/\/pood-moe.dev.almic.ee\/en\/wp-json\/wp\/v2\/types\/product"}],"wp:featuredmedia":[{"embeddable":true,"href":"https:\/\/pood-moe.dev.almic.ee\/en\/wp-json\/wp\/v2\/media\/5256"}],"wp:attachment":[{"href":"https:\/\/pood-moe.dev.almic.ee\/en\/wp-json\/wp\/v2\/media?parent=2537"}],"wp:term":[{"taxonomy":"product_cat","embeddable":true,"href":"https:\/\/pood-moe.dev.almic.ee\/en\/wp-json\/wp\/v2\/product_cat?post=2537"},{"taxonomy":"product_tag","embeddable":true,"href":"https:\/\/pood-moe.dev.almic.ee\/en\/wp-json\/wp\/v2\/product_tag?post=2537"}],"curies":[{"name":"wp","href":"https:\/\/api.w.org\/{rel}","templated":true}]}}