{"id":2587,"date":"2021-07-29T12:09:08","date_gmt":"2021-07-29T09:09:08","guid":{"rendered":"https:\/\/pood.moe.ee\/shop\/uncategorized\/arca-de-noe-blanco-en\/"},"modified":"2023-08-14T00:01:15","modified_gmt":"2023-08-13T21:01:15","slug":"arca-de-noe-blanco-en","status":"publish","type":"product","link":"https:\/\/pood-moe.dev.almic.ee\/en\/shop\/wine\/color\/white-en\/arca-de-noe-blanco-en\/","title":{"rendered":"Arca de Noe Blanco"},"content":{"rendered":"","protected":false},"excerpt":{"rendered":"<p>Arca de Noe Blanco, Rioja DOCa<\/p>\n<p>Alkoholisisaldus: 12,50 alc vol<br \/>\nPiirkond: Rioja DOCa \/ Hispaania<br \/>\nMillest tehtud: 100% Viura ehk Macabeo<br \/>\nV\u00e4rvus: Vein on helekollase v\u00e4rvusega, millel on rohekas helk.<br \/>\nAroom: Intensiivne ja aromaatne . Aroomis valged v\u00e4rsked luuviljad ja valgete lillede \u00f5isi.<br \/>\nMaitse: Kerge kehandiga v\u00e4rske ja r\u00f5\u00f5msameelne vein, mille maitse karakteris tuntavad v\u00e4rsked tsitruselised, \u00f5un, pirn ja Troopilised puuviljad.<br \/>\nServeerimine: Serveerida temperatuuril 7 -8 kraadi Bordeaux t\u00fc\u00fcpi valge veini pokaalist.<br \/>\nToit: Meeldiv seltskonnavein ja aperatiiv. Nautimiseks erinevate tapaste ja suupistete k\u00f5rval.<br \/>\nTootest: Noor ja v\u00e4rske valge kuiv vein , mis on p\u00e4rit Hispaania \u00fchest tipp piirkonnast Riojast, mis k\u00fcll enam paistab silma oma punaste veinidega, kuid kindlasti maksab proovida ka sealseid valgeid veine.<br \/>\nTootja: Bodega El Arca de Noe<br \/>\nHuvitav fakt:<br \/>\nMacabeo e. Riojas kutsutud ka kui Viura on \u00fcks kolmest viinamarja sordist, mida kasuatatakse cavade valmistamisel.<\/p>\n","protected":false},"featured_media":5595,"template":"","meta":[],"product_cat":[292,138,77],"product_tag":[],"acf":[],"_links":{"self":[{"href":"https:\/\/pood-moe.dev.almic.ee\/en\/wp-json\/wp\/v2\/product\/2587"}],"collection":[{"href":"https:\/\/pood-moe.dev.almic.ee\/en\/wp-json\/wp\/v2\/product"}],"about":[{"href":"https:\/\/pood-moe.dev.almic.ee\/en\/wp-json\/wp\/v2\/types\/product"}],"wp:featuredmedia":[{"embeddable":true,"href":"https:\/\/pood-moe.dev.almic.ee\/en\/wp-json\/wp\/v2\/media\/5595"}],"wp:attachment":[{"href":"https:\/\/pood-moe.dev.almic.ee\/en\/wp-json\/wp\/v2\/media?parent=2587"}],"wp:term":[{"taxonomy":"product_cat","embeddable":true,"href":"https:\/\/pood-moe.dev.almic.ee\/en\/wp-json\/wp\/v2\/product_cat?post=2587"},{"taxonomy":"product_tag","embeddable":true,"href":"https:\/\/pood-moe.dev.almic.ee\/en\/wp-json\/wp\/v2\/product_tag?post=2587"}],"curies":[{"name":"wp","href":"https:\/\/api.w.org\/{rel}","templated":true}]}}