{"id":2591,"date":"2021-07-29T12:17:29","date_gmt":"2021-07-29T09:17:29","guid":{"rendered":"https:\/\/pood.moe.ee\/shop\/uncategorized\/arca-de-noe-rosado-en\/"},"modified":"2023-09-11T00:02:26","modified_gmt":"2023-09-10T21:02:26","slug":"arca-de-noe-rosado-en","status":"publish","type":"product","link":"https:\/\/pood-moe.dev.almic.ee\/en\/shop\/wine\/color\/rose-en\/arca-de-noe-rosado-en\/","title":{"rendered":"Arca de Noe Rosado"},"content":{"rendered":"","protected":false},"excerpt":{"rendered":"<p>Arca de Noe Rosado, Rioja DOCa<\/p>\n<p>Alkoholisisaldus: 13% alc vol<br \/>\nPiirkond: Rioja DOCa \/ Hispaania<br \/>\nMillest tehtud: Viura, Tempranillo, Garnacha<br \/>\nV\u00e4rvus: Vein on l\u00f5heroosa v\u00e4rvusega.<br \/>\nAroom: Aroom on rikkalik ja marjane \u2013 punased marjad, roosi\u00f5ielehed ja v\u00e4rsked luuviljad.<br \/>\nMaitse: Rikkalik kerge kehandiga kuiv ja v\u00e4rske roosa vein. Iseloomus tunda punaseid marju -s\u00f5strad, maasikas ja v\u00e4rskeid luuvilju.<br \/>\nServeerimine: Serveerida temperatuuril 7-8 kraadi Bordeaux t\u00fc\u00fcpi valge veini pokaalist.<br \/>\nToit: Meeldiv seltskonnavein ja aperatiiv. Nautimiseks erinevate tapaste ja suupistete k\u00f5rval.<br \/>\nTootest: Noor ja v\u00e4rske roosa kuiv vein , mis on p\u00e4rit Hispaania \u00fchest tipp piirkonnast Riojast, mis k\u00fcll enam paistab silma oma punaste veinidega, kuid kindlasti maksab proovida ka sealseid valgeid ja roosasid veine.<br \/>\nTootja: Bodega El Arca de Noe<br \/>\nHuvitav fakt: Bodega El Arca de Noes kasvatatavad viinamarjad p\u00e4rinevad k\u00f5ik tootja enda viinamarja istandustest , mille keskmine vanus on 35 aastat ja v\u00e4ga suur osa juba vanuses \u00fcle 50 aasta.<\/p>\n","protected":false},"featured_media":5326,"template":"","meta":[],"product_cat":[136,292,77],"product_tag":[],"acf":[],"_links":{"self":[{"href":"https:\/\/pood-moe.dev.almic.ee\/en\/wp-json\/wp\/v2\/product\/2591"}],"collection":[{"href":"https:\/\/pood-moe.dev.almic.ee\/en\/wp-json\/wp\/v2\/product"}],"about":[{"href":"https:\/\/pood-moe.dev.almic.ee\/en\/wp-json\/wp\/v2\/types\/product"}],"wp:featuredmedia":[{"embeddable":true,"href":"https:\/\/pood-moe.dev.almic.ee\/en\/wp-json\/wp\/v2\/media\/5326"}],"wp:attachment":[{"href":"https:\/\/pood-moe.dev.almic.ee\/en\/wp-json\/wp\/v2\/media?parent=2591"}],"wp:term":[{"taxonomy":"product_cat","embeddable":true,"href":"https:\/\/pood-moe.dev.almic.ee\/en\/wp-json\/wp\/v2\/product_cat?post=2591"},{"taxonomy":"product_tag","embeddable":true,"href":"https:\/\/pood-moe.dev.almic.ee\/en\/wp-json\/wp\/v2\/product_tag?post=2591"}],"curies":[{"name":"wp","href":"https:\/\/api.w.org\/{rel}","templated":true}]}}