{"id":2601,"date":"2021-07-29T12:43:11","date_gmt":"2021-07-29T09:43:11","guid":{"rendered":"https:\/\/pood.moe.ee\/shop\/uncategorized\/carl-loewen-riesling-trocken-varidor-en\/"},"modified":"2023-08-14T00:01:15","modified_gmt":"2023-08-13T21:01:15","slug":"carl-loewen-riesling-trocken-varidor-en","status":"publish","type":"product","link":"https:\/\/pood-moe.dev.almic.ee\/en\/shop\/wine\/color\/white-en\/carl-loewen-riesling-trocken-varidor-en\/","title":{"rendered":"Carl Loewen Riesling Trocken Varidor"},"content":{"rendered":"","protected":false},"excerpt":{"rendered":"<p>Carl Loewen Riesling Varidor<\/p>\n<p>Alkoholisisaldus: 12,00%<br \/>\nPiirkond: Mosel, Saksamaa<br \/>\nMillest tehtud: Riesling 100%<br \/>\nV\u00e4rvus: Kirgas helekollane, kerge rohekas v\u00e4lgatus joogis. Klaasi seintele tekivad veinile kenad pikad jalad.<br \/>\nAroom: Primaarsed aroomid veinis kollane v\u00e4rske \u00f5un,veidi \u00f5unaseemneid, tuntavad v\u00e4rsked valged lilled \u2013 \u00f5unapuu \u00f5ied. Sekundeerimas v\u00e4rked troopiliste viljade aroomid- ananass, luuviljad, melon ja tsitrused- greip ja greibi koor. Tajutav lubjakivine mineraalsus.<br \/>\nMaitse: Maitselt kuiv valge vein Saksamaa tipp-piirkonnast. Keskmise kehandi ja puuviljase karakteriga s\u00e4rtsakas vein, mille iseloomus on tunda v\u00e4rskeid \u00f5unu, \u00f5unakoort- ja seeemneid, v\u00e4rskeid luuvilju. K\u00f5ike seda balansseerimas tsitrused- greip, greibi valge nahk ja lubjakivine mineraalsus.<br \/>\nServeerimine: Serveerida temperatuuril 8-10 kraadi. Ei vaja aereerimist ega dekanteerimist, kuid areneb klaasis.<br \/>\nToit: Traditsiooniline k\u00fcpsetatud sealiha ja hapukapsas J\u00f5ululaual. Sealiha vorstikesed, grillitud k\u00f6\u00f6giviljad, grillitud valge kala.<br \/>\nTootest: Kuulsa Moseli tootja kuiv valge vein, mille aroomi ja maitse komponendid on heas balansis ja komplekssed. Valmistatud 100% Rieslingust.<br \/>\nTootja: Weingut Carl Loewen<br \/>\nHuvitav fakt: Weingut Carl Loewenile kuulub Moseli piirkonna \u00fcks vanimaid aedu Maximin Herrenberg,kuhu esimesed viinapuud istutati 1896 aastal. Sealset pinnast iseloomustab unikaalne punane kiltkivi, mis annab veinidele v\u00f5imsa aroomi. Weingut Cal Loewen kuulub ka Rieslingu tootjate \u00fchendusse Bernkasteller Ring, kes omakorda on ka Saksamaa vanim veinioksjoni firma.<\/p>\n","protected":false},"featured_media":5643,"template":"","meta":[],"product_cat":[152,138,77],"product_tag":[],"acf":[],"_links":{"self":[{"href":"https:\/\/pood-moe.dev.almic.ee\/en\/wp-json\/wp\/v2\/product\/2601"}],"collection":[{"href":"https:\/\/pood-moe.dev.almic.ee\/en\/wp-json\/wp\/v2\/product"}],"about":[{"href":"https:\/\/pood-moe.dev.almic.ee\/en\/wp-json\/wp\/v2\/types\/product"}],"wp:featuredmedia":[{"embeddable":true,"href":"https:\/\/pood-moe.dev.almic.ee\/en\/wp-json\/wp\/v2\/media\/5643"}],"wp:attachment":[{"href":"https:\/\/pood-moe.dev.almic.ee\/en\/wp-json\/wp\/v2\/media?parent=2601"}],"wp:term":[{"taxonomy":"product_cat","embeddable":true,"href":"https:\/\/pood-moe.dev.almic.ee\/en\/wp-json\/wp\/v2\/product_cat?post=2601"},{"taxonomy":"product_tag","embeddable":true,"href":"https:\/\/pood-moe.dev.almic.ee\/en\/wp-json\/wp\/v2\/product_tag?post=2601"}],"curies":[{"name":"wp","href":"https:\/\/api.w.org\/{rel}","templated":true}]}}