{"id":2608,"date":"2021-07-29T12:50:05","date_gmt":"2021-07-29T09:50:05","guid":{"rendered":"https:\/\/pood.moe.ee\/shop\/uncategorized\/carl-loewen-riesling-quant-en\/"},"modified":"2023-08-14T00:01:15","modified_gmt":"2023-08-13T21:01:15","slug":"carl-loewen-riesling-quant-en","status":"publish","type":"product","link":"https:\/\/pood-moe.dev.almic.ee\/en\/shop\/wine\/color\/white-en\/carl-loewen-riesling-quant-en\/","title":{"rendered":"Carl Loewen Riesling Quant"},"content":{"rendered":"","protected":false},"excerpt":{"rendered":"<p>Carl Loewen Riesling Quant<\/p>\n<p>Alkoholisisaldus: 11,50% alc vol<br \/>\nPiirkond: Mosel, Saksamaa<br \/>\nMillest tehtud: Riesling 100%<br \/>\nV\u00e4rvus: Kirgas helekollane, kerge rohekas v\u00e4lgatus joogis. Klaasi seintele tekivad veinile kenad pikad jalad.<br \/>\nAroom: Primaarsed aroomid kollane v\u00e4rske \u00f5un, \u00f5unaseemned, ja aromaatsed \u00f5unapuuu \u00f5ied. Sekundaarsed aroomid v\u00e4rsked luuviljad, ananass, mesisus ja klaasis \u00fcha v\u00f5imenduvad tsitrused- kollane sidrun ja greip. \u00d5hku juurde saades valged lilled ja v\u00f5imenduv troopika.<br \/>\nMaitse: Maitselt off- dry t\u00fc\u00fcpi valge vein Saksamaa tipp-piirkonnast. Puuviljase karakteriga vein, millel on keskmine kehand ja tuntav s\u00e4rtsakakus,mis balansserib kenasti puuviljasust. Veini iseloomus on tunda v\u00e4rskeid \u00f5unu, pirni, kr\u00f5mpsuvaid luuvilju, ananassi ja melonit. K\u00f5ike seda tasakaalustamas mahlased tsitrused- greip, veidi greibikoore m\u00f5rudust ning mineraalsus.<br \/>\nServeerimine: Serveerida temperatuuril 8-10 kraadi. Ei vaja aereerimist ega dekanteerimist, kuid areneb kenasti klaasis.<br \/>\nToit: V\u00fcrtsikad toidud, mereannid- grillitud ja k\u00fcpsetatud valge kala. Traditsiooniline k\u00fcpsetatud sealiha ja hapukapsas J\u00f5ululaual. Sealiha vorstikesed mango t\u0161atni ja teiste v\u00fcrtsikate lisanditega. Suitsukala nii punane kui rasvasem valge.<br \/>\nTootest: Kuulsa Moseli tootja off dry \/poolkuiv\/ t\u00fc\u00fcpi valge vein, mis on heas balansis ja komplekssed. Valmistatud 100% Rieslingust.<br \/>\nTootja: Weingut Carl Loewen<br \/>\nHuvitav fakt: Weingut Carl Loewenile kuulub Moseli piirkonna \u00fcks vanimaid aedu Maximin Herrenberg, kuhu esimesed viinapuud istutati 1896 aastal. Sealset pinnast iseloomustab unikaalne punane kiltkivi, mis annab veinidele v\u00f5imsa aroomi. Weingut Cal Loewen kuulub ka Rieslingu tootjate \u00fchendusse Bernkasteller Ring, kes omakorda on ka Saksamaa vanim veinioksjoni firma.<\/p>\n","protected":false},"featured_media":5607,"template":"","meta":[],"product_cat":[152,138,77],"product_tag":[],"acf":[],"_links":{"self":[{"href":"https:\/\/pood-moe.dev.almic.ee\/en\/wp-json\/wp\/v2\/product\/2608"}],"collection":[{"href":"https:\/\/pood-moe.dev.almic.ee\/en\/wp-json\/wp\/v2\/product"}],"about":[{"href":"https:\/\/pood-moe.dev.almic.ee\/en\/wp-json\/wp\/v2\/types\/product"}],"wp:featuredmedia":[{"embeddable":true,"href":"https:\/\/pood-moe.dev.almic.ee\/en\/wp-json\/wp\/v2\/media\/5607"}],"wp:attachment":[{"href":"https:\/\/pood-moe.dev.almic.ee\/en\/wp-json\/wp\/v2\/media?parent=2608"}],"wp:term":[{"taxonomy":"product_cat","embeddable":true,"href":"https:\/\/pood-moe.dev.almic.ee\/en\/wp-json\/wp\/v2\/product_cat?post=2608"},{"taxonomy":"product_tag","embeddable":true,"href":"https:\/\/pood-moe.dev.almic.ee\/en\/wp-json\/wp\/v2\/product_tag?post=2608"}],"curies":[{"name":"wp","href":"https:\/\/api.w.org\/{rel}","templated":true}]}}