{"id":2620,"date":"2021-07-29T13:16:10","date_gmt":"2021-07-29T10:16:10","guid":{"rendered":"https:\/\/pood.moe.ee\/shop\/uncategorized\/pago-los-balancines-gold-crianza-en\/"},"modified":"2023-07-17T00:11:31","modified_gmt":"2023-07-16T21:11:31","slug":"pago-los-balancines-gold-crianza-en","status":"publish","type":"product","link":"https:\/\/pood-moe.dev.almic.ee\/en\/shop\/wine\/color\/red-en\/pago-los-balancines-gold-crianza-en\/","title":{"rendered":"Pago Los Balancines Gold Crianza"},"content":{"rendered":"","protected":false},"excerpt":{"rendered":"<p>Pago Los Balancines Gold Crianza 2017, Ribera del Guadiana<\/p>\n<p>Alkoholisisaldus: 14% alc vol<br \/>\nPiirkond: Ribera del Guadiana DO\/ Extremadura DO\/ Hispaania<br \/>\nMillest tehtud: Tempranillo \/ Garnacha\/ Garnacha Tintorera<br \/>\nV\u00e4rvus: Veini v\u00e4rvust v\u00f5iks nimetada intensiivseks kirsipunaseks noorusliku violetse varjundiga.<br \/>\nAroom: \u00dcsna intensiivses aroomis kangastumas v\u00e4rsked punased luuviljad ja metsamarjad, millele sekka n\u00fcanssi andmas lillelisus. Aereerides avaldumas tamme arendusele vihjavad r\u00f6stised n\u00fcansid \u2013 lagrits ja vanilje.<br \/>\nMaitse: T\u00e4idlasema kehandiga kuiv punane vein. Maitsekooslus intensiivne ja suud t\u00e4itev. K\u00fcpsed punased ja ka mustad luuviljad \u2013 kirsid, ploomid, k\u00fcpsed mustad metsamarjad. Keskmaitses kerge herbaalsus, j\u00e4relmaitse pikk ja kantud tammevaadi arengust tingitud v\u00fcrtsikatest nootidest \u2013 balsamico, vanilje.<br \/>\nServeerimine: Serveerida temperatuuril 16-17 kraadi Bordeaux t\u00fc\u00fcpi punase veini pokaalist. V\u00f5ib aereerida.<br \/>\nToit: Soovitus grillitud med k\u00fcpsusastmes veise v\u00e4lisfilee steik, v\u00f5i lamba ribid. Ahjus k\u00fcpsetatud lamba koot punase veini ja rosmariini kastmes.<br \/>\nTootest: Vein on laagerdunud 9 kuud Prantsuse tamme vaadis, lisaks ka v\u00e4hemalt 6 kuud pudelis. Aastak\u00e4ik 2017.<br \/>\nTootja: Pago Los Blancines<br \/>\nHuvitav fakt: Garnacha Tintorera e . Alicante Bouchet kuulub Tintorera viinamrjade gruppi. Nimetus tuleneb sellest , et viinamarja mahl on samuti tume nagu viinamarja kest. Temast toodetud veinid on intensiivse v\u00e4rvipalettiga, alkoholirikkad, madala happega ja nurgelised. Oma intensiivse aroomi, v\u00e4revuse ja punaste marjade karakteri t\u00f5ttu sobib h\u00e4sti segudesse, t\u00e4iendama teisi viinamarjasorte.<\/p>\n","protected":false},"featured_media":5555,"template":"","meta":[],"product_cat":[134,292,77],"product_tag":[],"acf":[],"_links":{"self":[{"href":"https:\/\/pood-moe.dev.almic.ee\/en\/wp-json\/wp\/v2\/product\/2620"}],"collection":[{"href":"https:\/\/pood-moe.dev.almic.ee\/en\/wp-json\/wp\/v2\/product"}],"about":[{"href":"https:\/\/pood-moe.dev.almic.ee\/en\/wp-json\/wp\/v2\/types\/product"}],"wp:featuredmedia":[{"embeddable":true,"href":"https:\/\/pood-moe.dev.almic.ee\/en\/wp-json\/wp\/v2\/media\/5555"}],"wp:attachment":[{"href":"https:\/\/pood-moe.dev.almic.ee\/en\/wp-json\/wp\/v2\/media?parent=2620"}],"wp:term":[{"taxonomy":"product_cat","embeddable":true,"href":"https:\/\/pood-moe.dev.almic.ee\/en\/wp-json\/wp\/v2\/product_cat?post=2620"},{"taxonomy":"product_tag","embeddable":true,"href":"https:\/\/pood-moe.dev.almic.ee\/en\/wp-json\/wp\/v2\/product_tag?post=2620"}],"curies":[{"name":"wp","href":"https:\/\/api.w.org\/{rel}","templated":true}]}}