{"id":2624,"date":"2021-07-29T13:20:33","date_gmt":"2021-07-29T10:20:33","guid":{"rendered":"https:\/\/pood.moe.ee\/shop\/uncategorized\/paiva-solo-i-cayetana-en\/"},"modified":"2023-08-14T00:01:15","modified_gmt":"2023-08-13T21:01:15","slug":"paiva-solo-i-cayetana-en","status":"publish","type":"product","link":"https:\/\/pood-moe.dev.almic.ee\/en\/shop\/wine\/color\/white-en\/paiva-solo-i-cayetana-en\/","title":{"rendered":"PAIVA Solo I Cayetana"},"content":{"rendered":"","protected":false},"excerpt":{"rendered":"<p>PAIVA Solo I Cayetana, Extremadura DO<\/p>\n<p>Alkoholisisaldus: 13% alc vol<br \/>\nPiirkond: Ribera del Guadiana DO\/ Extremadura DO \/ Hispaania<br \/>\nMillest tehtud: 100 % Cayetana Blanca \u2013 iidne viinamarjasor.<br \/>\nV\u00e4rvus: Puhas, s\u00e4rav ja sidrunkollane s\u00e4hvimas roheline nooruslik helk.<br \/>\nAroom: Aroomis tuntav aromaatsus ja lillelisus kuid samas v\u00e4rske ja nooruslik. Sekundeerimas v\u00e4rsked troopilised luuviljad \u2013 valge virsik ja \u00f5un ning pirn. Sur \u2013 Lie annab veinile kerge kreemise n\u00fcansi.<br \/>\nMaitse: Keskmise kehandiga valge kuiv vein, mille maitses samuti domineerimas veidi k\u00fcpsemad troopilised luu- ja puuviljad. Struktuuri andmas lime ja v\u00e4ga hea mineraalne v\u00e4rskus, mis tasakaalustamas sur- liest tingitud kerget kreemisust. J\u00e4relmaitse kompleksne ja \u00fclipikk.<br \/>\nServeerimine: Serveerida temperatuuril 8 kraadi Bordeaux t\u00fc\u00fcpi valge veini pokaalist.<br \/>\nToit: Sobib paljude mereandidega \u2013 kala, krevetid. Samuti hea kaaslane lihtsamate kana , kala ja sealihast toitudega. Sobiv kaste aitab toitu ja veini kenasti \u00fcheks siduda. Lisaks veel Foie Gras ja nooremad laabi juustud.<br \/>\nTootest: Cayetana on iidne viinamarjasort, mille kasvuala on Edela- Hispaanias ja Portugalis. Tuntud ka nimede all Pardina, Jaen Blanco ja Mourisco Branco. Kasutatakse palju Brandy de Jerezi valmistamisel. Viinapuud on 40 ja rohkem aastat vanad, pinnas savine. Viinamarjade korje Septembri l\u00f5pus. Peale fermentatsiooni protsessi hoitakse veini m\u00f5nda aega terastangis p\u00e4rmisettel. Nimetatakse seda toimingut sur \u2013 lie, mille k\u00e4igus vein omandab pehmemad ja komplekssemad maitsen\u00fcansid.<br \/>\nTootja: Bodegas Martinez Paiva<br \/>\nHuvitav fakt: Vein on v\u00f5itnud h\u00f5bemedali 2019 International Wine Challenge v\u00f5istlusel sama v\u00e4rvi medali ka Jaapanis Sakura Japan Women\u2019s wine awardsil 2020 aastal.<\/p>\n","protected":false},"featured_media":5631,"template":"","meta":[],"product_cat":[292,138,77],"product_tag":[],"acf":[],"_links":{"self":[{"href":"https:\/\/pood-moe.dev.almic.ee\/en\/wp-json\/wp\/v2\/product\/2624"}],"collection":[{"href":"https:\/\/pood-moe.dev.almic.ee\/en\/wp-json\/wp\/v2\/product"}],"about":[{"href":"https:\/\/pood-moe.dev.almic.ee\/en\/wp-json\/wp\/v2\/types\/product"}],"wp:featuredmedia":[{"embeddable":true,"href":"https:\/\/pood-moe.dev.almic.ee\/en\/wp-json\/wp\/v2\/media\/5631"}],"wp:attachment":[{"href":"https:\/\/pood-moe.dev.almic.ee\/en\/wp-json\/wp\/v2\/media?parent=2624"}],"wp:term":[{"taxonomy":"product_cat","embeddable":true,"href":"https:\/\/pood-moe.dev.almic.ee\/en\/wp-json\/wp\/v2\/product_cat?post=2624"},{"taxonomy":"product_tag","embeddable":true,"href":"https:\/\/pood-moe.dev.almic.ee\/en\/wp-json\/wp\/v2\/product_tag?post=2624"}],"curies":[{"name":"wp","href":"https:\/\/api.w.org\/{rel}","templated":true}]}}