{"id":2628,"date":"2021-07-29T13:24:32","date_gmt":"2021-07-29T10:24:32","guid":{"rendered":"https:\/\/pood.moe.ee\/shop\/uncategorized\/paiva-tinto-cosecha-en\/"},"modified":"2023-07-17T00:11:31","modified_gmt":"2023-07-16T21:11:31","slug":"paiva-tinto-cosecha-en","status":"publish","type":"product","link":"https:\/\/pood-moe.dev.almic.ee\/en\/shop\/wine\/color\/red-en\/paiva-tinto-cosecha-en\/","title":{"rendered":"PAIVA Tinto Cosecha"},"content":{"rendered":"","protected":false},"excerpt":{"rendered":"<p>PAIVA Tinto Cosecha, Extremadura DO<\/p>\n<p>Alkoholisisaldus: 14% alc vol<br \/>\nPiirkond: Ribera del Guadiana DO\/ Extremadura DO \/ Hispaania<br \/>\nMillest tehtud: Viinamarjasordid Tempranillo\/ Merlot\/ Syrah \/<br \/>\nV\u00e4rvus: Vein on kirsipunase v\u00e4rvusega ja violetse varjundiga.<br \/>\nAroom: Aroom on kirsine ja magusate punasete marjade karakteriga, kus eristumas selgelt vaarikat ja lagritsat.<br \/>\nMaitse: Kuiv punane vein, mis on maitses marjane ja mahlakas, \u00fcmarate pehmete marja tanniinidega. Karakteris eristumas v\u00e4rske ploom ja kirss, kirsiskivi ja punased marjad. Suus s\u00e4rtsakas ja nooruslik. Kehandilt keskmise t\u00e4idlusega j\u00e4relmaitses punased marjad ja piimakohvi.<br \/>\nServeerimine: Serveerida temperatuuril 15 kraadi Bordeaux t\u00fc\u00fcpi punase veini pokaalist. Veini v\u00f5ib aereerida, vajadusel ka dekanteerida.<br \/>\nToit: Sobiv k\u00fclmade suupistete juures, mis on valmistatud sealihast ja erinevad pasteedid. Sobiv tarbimiseks seltskonnas.<br \/>\nTootest: Vein on valmistatud kasutades naturaalsete veinide valmistamisel kasutatavaid v\u00f5tteid ja ta on filtreerimata. Mist\u00f5ttu v\u00f5ib tekkida ka sadet.<br \/>\nTootja: Bodegas Martinez Paiva<br \/>\nHuvitav fakt: Bodegas Martinez Paiva kasutab oma veinide arendamisel 300 liitriseid Ameerika ja Prantsuse tammevaate. Protsess toimub ajavahemikus 12-24 kuud, mille k\u00e4igus toimub ka malolaktiline fermentatsioon. Peale segamist ja villimist puhkavad veinid riiulil veel v\u00e4hemalt 12 kuud, et savutada oma isikup\u00e4ra ja karakter.<\/p>\n","protected":false},"featured_media":5559,"template":"","meta":[],"product_cat":[134,292,77],"product_tag":[],"acf":[],"_links":{"self":[{"href":"https:\/\/pood-moe.dev.almic.ee\/en\/wp-json\/wp\/v2\/product\/2628"}],"collection":[{"href":"https:\/\/pood-moe.dev.almic.ee\/en\/wp-json\/wp\/v2\/product"}],"about":[{"href":"https:\/\/pood-moe.dev.almic.ee\/en\/wp-json\/wp\/v2\/types\/product"}],"wp:featuredmedia":[{"embeddable":true,"href":"https:\/\/pood-moe.dev.almic.ee\/en\/wp-json\/wp\/v2\/media\/5559"}],"wp:attachment":[{"href":"https:\/\/pood-moe.dev.almic.ee\/en\/wp-json\/wp\/v2\/media?parent=2628"}],"wp:term":[{"taxonomy":"product_cat","embeddable":true,"href":"https:\/\/pood-moe.dev.almic.ee\/en\/wp-json\/wp\/v2\/product_cat?post=2628"},{"taxonomy":"product_tag","embeddable":true,"href":"https:\/\/pood-moe.dev.almic.ee\/en\/wp-json\/wp\/v2\/product_tag?post=2628"}],"curies":[{"name":"wp","href":"https:\/\/api.w.org\/{rel}","templated":true}]}}