{"id":2760,"date":"2021-09-14T12:40:14","date_gmt":"2021-09-14T09:40:14","guid":{"rendered":"https:\/\/pood.moe.ee\/shop\/uncategorized\/valmagaz-mencia-rosado-en\/"},"modified":"2023-09-11T00:02:26","modified_gmt":"2023-09-10T21:02:26","slug":"valmagaz-mencia-rosado-en","status":"publish","type":"product","link":"https:\/\/pood-moe.dev.almic.ee\/en\/shop\/wine\/color\/rose-en\/valmagaz-mencia-rosado-en\/","title":{"rendered":"Valmagaz Mencia Rosado"},"content":{"rendered":"","protected":false},"excerpt":{"rendered":"<p>Valmagaz Mencia Rosado, Bierzo DO<\/p>\n<p>Alkoholisisaldus: 12,50 % alc vol<br \/>\nPiirkond: DO Bierzo \/ Hispaania<br \/>\nMillest tehtud: 100% Mencia<br \/>\nV\u00e4rvus: Puhas, selge ja sillerdav v\u00e4rske maasikaselt helepunane.<br \/>\nAroom: Marjane ja v\u00e4rske aroom, kus domineerimas v\u00e4rsked punased marjad \u2013 kirsid, maasikas, punased s\u00f5strad.<br \/>\nMaitse: Kerge kehandiga roosa vein, millel on v\u00e4rskete magusate suvemarjade iseloom. V\u00f5ib sisaldada v\u00e4ga v\u00e4hesel m\u00e4\u00e4ral mullilist struktuuri (Co2).<br \/>\nServeerimine: Serveerida temperatuuril 8-9 kraadi Bordeaux t\u00fc\u00fcpi valge veini pokaalist.<br \/>\nToit: Sobiv seltskonna jook. Hea kaaslane mereandidega, rasvasem kala sobivate kastmetega, grillitud k\u00f6\u00f6giviljad.<br \/>\nTootest: Kauni sillerdava roosa v\u00e4rvuse tarbeks matseeritakse viinamarjade kesti 7 tunni v\u00e4ltel viinamarjamahlas 10 kraadise temperatuuri juures.<br \/>\nTootja: Gran Bierzo<br \/>\nHuvitav fakt: Bierzo kasvatab erinevaid viinamarjasorte, kuid nende seas paistab silma madala happesusega Mencia viinamari, millel on keskmise suurusega kobar. Marjad on sinakasvioletset v\u00e4rvi ja paksu kestaga.<\/p>\n","protected":false},"featured_media":5320,"template":"","meta":[],"product_cat":[136,292,77],"product_tag":[306,305,304],"acf":[],"_links":{"self":[{"href":"https:\/\/pood-moe.dev.almic.ee\/en\/wp-json\/wp\/v2\/product\/2760"}],"collection":[{"href":"https:\/\/pood-moe.dev.almic.ee\/en\/wp-json\/wp\/v2\/product"}],"about":[{"href":"https:\/\/pood-moe.dev.almic.ee\/en\/wp-json\/wp\/v2\/types\/product"}],"wp:featuredmedia":[{"embeddable":true,"href":"https:\/\/pood-moe.dev.almic.ee\/en\/wp-json\/wp\/v2\/media\/5320"}],"wp:attachment":[{"href":"https:\/\/pood-moe.dev.almic.ee\/en\/wp-json\/wp\/v2\/media?parent=2760"}],"wp:term":[{"taxonomy":"product_cat","embeddable":true,"href":"https:\/\/pood-moe.dev.almic.ee\/en\/wp-json\/wp\/v2\/product_cat?post=2760"},{"taxonomy":"product_tag","embeddable":true,"href":"https:\/\/pood-moe.dev.almic.ee\/en\/wp-json\/wp\/v2\/product_tag?post=2760"}],"curies":[{"name":"wp","href":"https:\/\/api.w.org\/{rel}","templated":true}]}}