{"id":2865,"date":"2021-10-15T13:23:16","date_gmt":"2021-10-15T10:23:16","guid":{"rendered":"https:\/\/pood.moe.ee\/shop\/uncategorized\/moe-saxby-akvavit-en\/"},"modified":"2023-02-20T00:02:40","modified_gmt":"2023-02-19T22:02:40","slug":"moe-saxby-akvavit-en","status":"publish","type":"product","link":"https:\/\/pood-moe.dev.almic.ee\/en\/shop\/strongspirits\/other-spirits\/moe-saxby-akvavit-en\/","title":{"rendered":"Moe Saxby Akvavit"},"content":{"rendered":"","protected":false},"excerpt":{"rendered":"<p>Alkoholisisaldus: alc vol 42%<\/p>\n<p>Piirkond: Eesti<\/p>\n<p>Millest tehtud: 100% Eesti teraviljast valmistatud rukkipiiritus, maitsestatud tilli, k\u00f6\u00f6mnete ja merevetikaga. K\u00fcpsenud Prantsuse tamme vaadis ja viimistluse saanud Ameerika tamme vaadis.<\/p>\n<p>V\u00e4rvus: Heleroheline, kerge kollakas varjund.<\/p>\n<p>Aroom: Aroomis tunda soolasust, merevetikat ja k\u00f6\u00f6mneleiba.<\/p>\n<p>Maitse: Maitses magusalt peenleivane, selgelt \u00e4ratuntavad k\u00f6\u00f6mned, millele lisandumas vetikane maitsen\u00fcanss koos tuntava soolasusega. J\u00e4relmaitses v\u00e4rske till.<\/p>\n<p>Serveerimine: Serveerida temperatuuril 14-15 kraadi tulip t\u00fc\u00fcpi lacoopita klaasist.<\/p>\n<p>Toit: Serveerida aperatiivina, v\u00f5i kalaroogadega shotina. V\u00f5ib kasutada kokteilide koostisosana.<\/p>\n<p>Tootest: Saxby Akvavit nimetus tuleneb Vormsi saare Saxby tuletornist, mis on Eestimaa l\u00e4\u00e4ne-loodepoolseim tipp. Ka Merevetikad on korjatud Vormsi saare \u00fcmbrusest.<\/p>\n<p>Tootja: MOE O\u00dc<\/p>\n<p>Huvitav fakt: Saxby majakas on vanim Vormsi tuletorn, mis ehitati 1864 aastal.<br \/>\nTuletorni l\u00e4hedal metsas on osaliselt s\u00e4ilinud 20. sajandi algul rajatud Peeter Suure merekindluse kaitserajatisi.<\/p>\n","protected":false},"featured_media":5156,"template":"","meta":[],"product_cat":[433,431,71],"product_tag":[],"acf":[],"_links":{"self":[{"href":"https:\/\/pood-moe.dev.almic.ee\/en\/wp-json\/wp\/v2\/product\/2865"}],"collection":[{"href":"https:\/\/pood-moe.dev.almic.ee\/en\/wp-json\/wp\/v2\/product"}],"about":[{"href":"https:\/\/pood-moe.dev.almic.ee\/en\/wp-json\/wp\/v2\/types\/product"}],"wp:featuredmedia":[{"embeddable":true,"href":"https:\/\/pood-moe.dev.almic.ee\/en\/wp-json\/wp\/v2\/media\/5156"}],"wp:attachment":[{"href":"https:\/\/pood-moe.dev.almic.ee\/en\/wp-json\/wp\/v2\/media?parent=2865"}],"wp:term":[{"taxonomy":"product_cat","embeddable":true,"href":"https:\/\/pood-moe.dev.almic.ee\/en\/wp-json\/wp\/v2\/product_cat?post=2865"},{"taxonomy":"product_tag","embeddable":true,"href":"https:\/\/pood-moe.dev.almic.ee\/en\/wp-json\/wp\/v2\/product_tag?post=2865"}],"curies":[{"name":"wp","href":"https:\/\/api.w.org\/{rel}","templated":true}]}}