{"id":2927,"date":"2021-11-05T13:43:20","date_gmt":"2021-11-05T11:43:20","guid":{"rendered":"https:\/\/pood.moe.ee\/shop\/uncategorized\/moe-kulastuskeskuse-kinkekaart-en\/"},"modified":"2021-11-05T13:43:20","modified_gmt":"2021-11-05T11:43:20","slug":"moe-kulastuskeskuse-kinkekaart-en","status":"publish","type":"product","link":"https:\/\/pood-moe.dev.almic.ee\/en\/shop\/gifts\/moe-kulastuskeskuse-kinkekaart-en\/","title":{"rendered":"Moe K\u00fclastuskeskuse kinkekaart"},"content":{"rendered":"","protected":false},"excerpt":{"rendered":"<p>Moe K\u00fclastuskeskuse kinkekaart summas 25eur, 50eur v\u00f5i 100eur. Selle kinkekaardiga saab tasuda teenuste eest Moe k\u00fclastuskeskuses ja maksta ka Moe vabrikupoes. K\u00fclastuskeskuse elamustega saab l\u00e4hemalt tutvuda: <a href=\"https:\/\/visit.moe.ee\/info\/\" target=\"_blank\" rel=\"noopener\">https:\/\/visit.moe.ee\/info\/<\/a><\/p>\n<p>Saadame teile kinkekaardi paberkandjal unikaalse kaardinumbriga. Kui soovite kinkekaarti digitaalsel kujul palun j\u00e4tke kommentaar tellimuse juurde arvelduse andmete sisestamise sektsiooni l\u00f5pus (lahter &#8220;M\u00e4rkused tellimuse kohta&#8221;).<\/p>\n","protected":false},"featured_media":2926,"template":"","meta":[],"product_cat":[72,74],"product_tag":[],"acf":[],"_links":{"self":[{"href":"https:\/\/pood-moe.dev.almic.ee\/en\/wp-json\/wp\/v2\/product\/2927"}],"collection":[{"href":"https:\/\/pood-moe.dev.almic.ee\/en\/wp-json\/wp\/v2\/product"}],"about":[{"href":"https:\/\/pood-moe.dev.almic.ee\/en\/wp-json\/wp\/v2\/types\/product"}],"wp:featuredmedia":[{"embeddable":true,"href":"https:\/\/pood-moe.dev.almic.ee\/en\/wp-json\/wp\/v2\/media\/2926"}],"wp:attachment":[{"href":"https:\/\/pood-moe.dev.almic.ee\/en\/wp-json\/wp\/v2\/media?parent=2927"}],"wp:term":[{"taxonomy":"product_cat","embeddable":true,"href":"https:\/\/pood-moe.dev.almic.ee\/en\/wp-json\/wp\/v2\/product_cat?post=2927"},{"taxonomy":"product_tag","embeddable":true,"href":"https:\/\/pood-moe.dev.almic.ee\/en\/wp-json\/wp\/v2\/product_tag?post=2927"}],"curies":[{"name":"wp","href":"https:\/\/api.w.org\/{rel}","templated":true}]}}