{"id":2941,"date":"2021-11-09T09:54:57","date_gmt":"2021-11-09T07:54:57","guid":{"rendered":"https:\/\/pood.moe.ee\/?post_type=product&#038;p=2941"},"modified":"2023-09-11T07:58:22","modified_gmt":"2023-09-11T04:58:22","slug":"muddis-tapa-ipa-2","status":"publish","type":"product","link":"https:\/\/pood-moe.dev.almic.ee\/en\/shop\/olu\/muddis-tapa-ipa-2\/","title":{"rendered":"Muddis Tapa IPA"},"content":{"rendered":"","protected":false},"excerpt":{"rendered":"<p><em>Vasekarva, kergelt m\u00f5rkjas India Pale Ale t\u00fc\u00fcpi \u00f5lu, tsitruselise aroomi ning tugevalt humalase maitsega.\u00a0\u00a0<\/em><\/p>\n<p>Serveerida temperatuuril\u00a0 7 -12 C\u00a0 pilsner t\u00fc\u00fcpi klaasist.<\/p>\n<p>Toidusoovitus:<\/p>\n<ul>\n<li><em>Sinihallitusjuustud<\/em><\/li>\n<li><em>V\u00fcrtsikad aasia toidud<\/em><\/li>\n<li><em>Grillitud liharoad<\/em><\/li>\n<\/ul>\n<p>P\u00e4ritolumaa: Eesti<\/p>\n<p>Hoida kindlasti k\u00fclmkapis!<\/p>\n<p>P\u00e4ritolumaa: Eesti<\/p>\n<p>Tootja: Moe \u00d5llevabrik O\u00dc &#8211; Muddis Brewery<\/p>\n<p><img decoding=\"async\" loading=\"lazy\" class=\"alignnone wp-image-274\" src=\"http:\/\/pood.moe.ee\/wp-content\/uploads\/2018\/11\/craft-beer.png\" alt=\"\" width=\"100\" height=\"100\" srcset=\"https:\/\/pood-moe.dev.almic.ee\/wp-content\/uploads\/2018\/11\/craft-beer.png 300w, https:\/\/pood-moe.dev.almic.ee\/wp-content\/uploads\/2018\/11\/craft-beer-150x150.png 150w, https:\/\/pood-moe.dev.almic.ee\/wp-content\/uploads\/2018\/11\/craft-beer-100x100.png 100w\" sizes=\"(max-width: 100px) 100vw, 100px\" \/><\/p>\n<p>ABV 6.5%, IBU 40, SRM 7, OG 15, FG 3<\/p>\n","protected":false},"featured_media":5071,"template":"","meta":[],"product_cat":[432,42],"product_tag":[],"acf":[],"_links":{"self":[{"href":"https:\/\/pood-moe.dev.almic.ee\/en\/wp-json\/wp\/v2\/product\/2941"}],"collection":[{"href":"https:\/\/pood-moe.dev.almic.ee\/en\/wp-json\/wp\/v2\/product"}],"about":[{"href":"https:\/\/pood-moe.dev.almic.ee\/en\/wp-json\/wp\/v2\/types\/product"}],"wp:featuredmedia":[{"embeddable":true,"href":"https:\/\/pood-moe.dev.almic.ee\/en\/wp-json\/wp\/v2\/media\/5071"}],"wp:attachment":[{"href":"https:\/\/pood-moe.dev.almic.ee\/en\/wp-json\/wp\/v2\/media?parent=2941"}],"wp:term":[{"taxonomy":"product_cat","embeddable":true,"href":"https:\/\/pood-moe.dev.almic.ee\/en\/wp-json\/wp\/v2\/product_cat?post=2941"},{"taxonomy":"product_tag","embeddable":true,"href":"https:\/\/pood-moe.dev.almic.ee\/en\/wp-json\/wp\/v2\/product_tag?post=2941"}],"curies":[{"name":"wp","href":"https:\/\/api.w.org\/{rel}","templated":true}]}}