{"id":2948,"date":"2021-11-09T10:09:20","date_gmt":"2021-11-09T08:09:20","guid":{"rendered":"https:\/\/pood.moe.ee\/?post_type=product&#038;p=2948"},"modified":"2023-09-11T07:58:21","modified_gmt":"2023-09-11T04:58:21","slug":"muddis-lager-24x33cl-2","status":"publish","type":"product","link":"https:\/\/pood-moe.dev.almic.ee\/en\/shop\/olu\/muddis-lager-24x33cl-2\/","title":{"rendered":"Muddis Lager 24x33cl"},"content":{"rendered":"","protected":false},"excerpt":{"rendered":"<p>Muddis Lager on pruulitud Uue-Maailma humalatega laager t\u00fc\u00fcpi \u00f5lu.<\/p>\n<p>Rikkaliku buketiga, karge ja v\u00e4rskendav hele \u00f5lu.<\/p>\n<p>P\u00e4ritolumaa: Eesti<\/p>\n<p>Kartongkastis 24 x 33cl<\/p>\n<p>Tootja: Moe \u00d5llevabrik O\u00dc &#8211; Muddis Brewery<\/p>\n<p>\u2022 Serveerimisel j\u00e4rgida temperatuurivahemikku 4-7 C\u00b0<br \/>\n\u2022 Pakkuda Pilsner t\u00fc\u00fcpi klaasist<\/p>\n<p>Toidusoovitus: kergelt v\u00fcrtsikad road, risotto, mereannid<\/p>\n<p>&nbsp;<\/p>\n<p><img decoding=\"async\" loading=\"lazy\" class=\"alignnone wp-image-274\" src=\"http:\/\/pood.moe.ee\/wp-content\/uploads\/2018\/11\/craft-beer.png\" alt=\"\" width=\"100\" height=\"100\" srcset=\"https:\/\/pood-moe.dev.almic.ee\/wp-content\/uploads\/2018\/11\/craft-beer.png 300w, https:\/\/pood-moe.dev.almic.ee\/wp-content\/uploads\/2018\/11\/craft-beer-150x150.png 150w, https:\/\/pood-moe.dev.almic.ee\/wp-content\/uploads\/2018\/11\/craft-beer-100x100.png 100w\" sizes=\"(max-width: 100px) 100vw, 100px\" \/><\/p>\n<p>ABV 5%, IBU 25, SRM 4, OG 12, FG 3, Purgi suurus 33cl<\/p>\n","protected":false},"featured_media":5069,"template":"","meta":[],"product_cat":[432,42],"product_tag":[],"acf":[],"_links":{"self":[{"href":"https:\/\/pood-moe.dev.almic.ee\/en\/wp-json\/wp\/v2\/product\/2948"}],"collection":[{"href":"https:\/\/pood-moe.dev.almic.ee\/en\/wp-json\/wp\/v2\/product"}],"about":[{"href":"https:\/\/pood-moe.dev.almic.ee\/en\/wp-json\/wp\/v2\/types\/product"}],"wp:featuredmedia":[{"embeddable":true,"href":"https:\/\/pood-moe.dev.almic.ee\/en\/wp-json\/wp\/v2\/media\/5069"}],"wp:attachment":[{"href":"https:\/\/pood-moe.dev.almic.ee\/en\/wp-json\/wp\/v2\/media?parent=2948"}],"wp:term":[{"taxonomy":"product_cat","embeddable":true,"href":"https:\/\/pood-moe.dev.almic.ee\/en\/wp-json\/wp\/v2\/product_cat?post=2948"},{"taxonomy":"product_tag","embeddable":true,"href":"https:\/\/pood-moe.dev.almic.ee\/en\/wp-json\/wp\/v2\/product_tag?post=2948"}],"curies":[{"name":"wp","href":"https:\/\/api.w.org\/{rel}","templated":true}]}}