{"id":2971,"date":"2021-11-09T12:46:26","date_gmt":"2021-11-09T10:46:26","guid":{"rendered":"https:\/\/pood.moe.ee\/?post_type=product&#038;p=2971"},"modified":"2023-09-11T07:58:20","modified_gmt":"2023-09-11T04:58:20","slug":"kinkekomplekt-mohn-poppy-gin-pro","status":"publish","type":"product","link":"https:\/\/pood-moe.dev.almic.ee\/en\/shop\/kingitused\/kinkekomplekt\/kinkekomplekt-mohn-poppy-gin-pro\/","title":{"rendered":"Kinkekomplekt &#8220;Mohn Poppy Gin Pro&#8221; Piiratud kogus!"},"content":{"rendered":"","protected":false},"excerpt":{"rendered":"<p>Maitsekas kinkekarbis:<\/p>\n<ul>\n<li>70cl Mohn Poppy Gin 45%<\/li>\n<li>50cl v\u00f5i 70cl Moe Distillery sheiker<\/li>\n<li>Dzinnikokteilide voldik.<\/li>\n<\/ul>\n<div><strong>Kinkekomplektide puhul pakume tarnev\u00f5imalustest vaid meie enda autojuhiga k\u00e4ttetoimetamist. V\u00f5imalik on ka ise j\u00e4rele tulla.\u00a0<\/strong><\/div>\n<div>\n<div>&#8211; Kohaletoimetamine (al 5 pakist): Tallinnas ja Tallinna l\u00e4hi\u00fcmbruses (Viimsi, Maardu, J\u00f5el\u00e4htme, Harku, Saue, Saku, Kiili ja Rae valdades),\u00a0 Tapal vallas ja selle l\u00e4hi\u00fcmbruses (Rakvere ja Kadrina vallad).<\/div>\n<div>&#8211; Hulgitellimuste puhul (al 15 pakist) saame kauba teieni Harju, L\u00e4\u00e4ne-Virumaa ja P\u00e4rnu maakondades! Hulgitellimuste puhul pakume ka soodustusi ja v\u00f5imalust komplekteerida personaalne pakk. P\u00e4ringud palume saata\u00a0<a href=\"mailto:pood@moe.ee\" target=\"_blank\" rel=\"external noopener\">pood@moe.ee<\/a>.<\/div>\n<div><\/div>\n<div>&#8211; Kui soovite ise j\u00e4rele tulla, siis meie kontorid asuvad: Tallinna Esinduskauplus <strong>TULEVIKU TEE 12<\/strong>, Tallinn-Tartu mnt. \u00e4\u00e4res, J\u00fcri aleviku alguses ja Moe Peenviinavabrikus (T\u00f6\u00f6stuse, Moe k\u00fcla, Tapa vald).<\/div>\n<div><\/div>\n<div>Palun edastage oma soov seoses kinkepakkidega otse <a href=\"https:\/\/pood.moe.ee\/kontakt\/\" target=\"_blank\" rel=\"noopener\"><span style=\"text-decoration: underline;\">emaili, telefoni v\u00f5i kontakti vormi kaudu<\/span><\/a>.<\/div>\n<\/div>\n","protected":false},"featured_media":5779,"template":"","meta":[],"product_cat":[43,428],"product_tag":[],"acf":[],"_links":{"self":[{"href":"https:\/\/pood-moe.dev.almic.ee\/en\/wp-json\/wp\/v2\/product\/2971"}],"collection":[{"href":"https:\/\/pood-moe.dev.almic.ee\/en\/wp-json\/wp\/v2\/product"}],"about":[{"href":"https:\/\/pood-moe.dev.almic.ee\/en\/wp-json\/wp\/v2\/types\/product"}],"wp:featuredmedia":[{"embeddable":true,"href":"https:\/\/pood-moe.dev.almic.ee\/en\/wp-json\/wp\/v2\/media\/5779"}],"wp:attachment":[{"href":"https:\/\/pood-moe.dev.almic.ee\/en\/wp-json\/wp\/v2\/media?parent=2971"}],"wp:term":[{"taxonomy":"product_cat","embeddable":true,"href":"https:\/\/pood-moe.dev.almic.ee\/en\/wp-json\/wp\/v2\/product_cat?post=2971"},{"taxonomy":"product_tag","embeddable":true,"href":"https:\/\/pood-moe.dev.almic.ee\/en\/wp-json\/wp\/v2\/product_tag?post=2971"}],"curies":[{"name":"wp","href":"https:\/\/api.w.org\/{rel}","templated":true}]}}