{"id":3036,"date":"2021-11-16T12:39:16","date_gmt":"2021-11-16T10:39:16","guid":{"rendered":"https:\/\/pood.moe.ee\/?post_type=product&#038;p=3036"},"modified":"2023-09-11T07:58:20","modified_gmt":"2023-09-11T04:58:20","slug":"moe-kulastuskeskuse-markmik","status":"publish","type":"product","link":"https:\/\/pood-moe.dev.almic.ee\/en\/shop\/kingitused\/moe-kulastuskeskuse-markmik\/","title":{"rendered":"Moe k\u00fclastuskeskuse m\u00e4rkmik"},"content":{"rendered":"","protected":false},"excerpt":{"rendered":"<p>Moe k\u00fclastuskeskuse m\u00e4rkmik.<\/p>\n","protected":false},"featured_media":5795,"template":"","meta":[],"product_cat":[43],"product_tag":[],"acf":[],"_links":{"self":[{"href":"https:\/\/pood-moe.dev.almic.ee\/en\/wp-json\/wp\/v2\/product\/3036"}],"collection":[{"href":"https:\/\/pood-moe.dev.almic.ee\/en\/wp-json\/wp\/v2\/product"}],"about":[{"href":"https:\/\/pood-moe.dev.almic.ee\/en\/wp-json\/wp\/v2\/types\/product"}],"wp:featuredmedia":[{"embeddable":true,"href":"https:\/\/pood-moe.dev.almic.ee\/en\/wp-json\/wp\/v2\/media\/5795"}],"wp:attachment":[{"href":"https:\/\/pood-moe.dev.almic.ee\/en\/wp-json\/wp\/v2\/media?parent=3036"}],"wp:term":[{"taxonomy":"product_cat","embeddable":true,"href":"https:\/\/pood-moe.dev.almic.ee\/en\/wp-json\/wp\/v2\/product_cat?post=3036"},{"taxonomy":"product_tag","embeddable":true,"href":"https:\/\/pood-moe.dev.almic.ee\/en\/wp-json\/wp\/v2\/product_tag?post=3036"}],"curies":[{"name":"wp","href":"https:\/\/api.w.org\/{rel}","templated":true}]}}