{"id":3203,"date":"2021-12-08T13:26:45","date_gmt":"2021-12-08T11:26:45","guid":{"rendered":"https:\/\/pood.moe.ee\/shop\/uncategorized\/bourdic-chardonnay-en\/"},"modified":"2023-08-14T00:01:15","modified_gmt":"2023-08-13T21:01:15","slug":"bourdic-chardonnay-en","status":"publish","type":"product","link":"https:\/\/pood-moe.dev.almic.ee\/en\/shop\/wine\/color\/white-en\/bourdic-chardonnay-en\/","title":{"rendered":"Bourdic Chardonnay"},"content":{"rendered":"","protected":false},"excerpt":{"rendered":"<p>2020 Gamme Bourdic Chardonnay<\/p>\n<p>Alkoholisisaldus: alc vol 13,50 %<br \/>\nPiirkond: Pays d&#8217;oc \/ Prantsusmaa<br \/>\nMillest tehtud: Valmistatud 100% Chardonnay viinamarja sordist.<br \/>\nV\u00e4rvus: Veini v\u00e4rvus on helekollane kerge roheka helgiga.<br \/>\nAroom: Aroomis tuntavad v\u00e4rsked luuviljad ja v\u00e4rske \u00f5un. Sekundeerimas v\u00e4rsked tsitrused.<br \/>\nMaitse: Keskmise kehandiga valge kuive vein. Vein on maitses mitmepalgeline \u2013 v\u00e4rske \u00f5un ja luuviljad, kergelt v\u00f5ine suutunnetus ja sarapuup\u00e4hklid j\u00e4relmaitses tsitrused ja kerge \u00fcrdisus.<br \/>\nServeerimine: Serveerida temperatuuril 8 kraadi Bordeaux t\u00fc\u00fcpi valge veini pokaalist.<br \/>\nToit: Sobivad toidud sealiha ja kanaliha \u2013 kooresed valge veini kastmed. Grillitud rasvasem kala sobivas kastmes.<br \/>\nTootest: Auhinnad<br \/>\n2021 Les Oenologues de France&#8217;i Languedoci suurep\u00e4raste veinide konkurss KULD<br \/>\n2021 N\u00eemes&#8217;i veinikonkurss H\u00d5BE<br \/>\nViinamarjad kasvavad oru p\u00f5hjas savi- ja lubjakivi rikastel muldadel. Valmistamisel kasutatakse pneumaatilist pressimist ja arendamist roostevabast terasest t\u00fcnnides.<\/p>\n<p>Tootja: Les Collines du Bourdic<br \/>\nHuvitav fakt: Kooperatiiv Les Collines du Bourdic on asutatud 1928 aastal, olles L\u00f5una-Prantsusmaal \u00fcks vanimaid kooperatiive. Asudes Nimesist p\u00f5hjas Sevenni m\u00e4eaheliku jalamil \u00fchendab ta omavahel suured L\u00f5una \u2013 Prantsusmaa veinipiirkonnad L\u00f5una- Rhone ja Languedoci.<\/p>\n","protected":false},"featured_media":5599,"template":"","meta":[],"product_cat":[370,138,77],"product_tag":[],"acf":[],"_links":{"self":[{"href":"https:\/\/pood-moe.dev.almic.ee\/en\/wp-json\/wp\/v2\/product\/3203"}],"collection":[{"href":"https:\/\/pood-moe.dev.almic.ee\/en\/wp-json\/wp\/v2\/product"}],"about":[{"href":"https:\/\/pood-moe.dev.almic.ee\/en\/wp-json\/wp\/v2\/types\/product"}],"wp:featuredmedia":[{"embeddable":true,"href":"https:\/\/pood-moe.dev.almic.ee\/en\/wp-json\/wp\/v2\/media\/5599"}],"wp:attachment":[{"href":"https:\/\/pood-moe.dev.almic.ee\/en\/wp-json\/wp\/v2\/media?parent=3203"}],"wp:term":[{"taxonomy":"product_cat","embeddable":true,"href":"https:\/\/pood-moe.dev.almic.ee\/en\/wp-json\/wp\/v2\/product_cat?post=3203"},{"taxonomy":"product_tag","embeddable":true,"href":"https:\/\/pood-moe.dev.almic.ee\/en\/wp-json\/wp\/v2\/product_tag?post=3203"}],"curies":[{"name":"wp","href":"https:\/\/api.w.org\/{rel}","templated":true}]}}