{"id":3207,"date":"2021-12-08T13:41:21","date_gmt":"2021-12-08T11:41:21","guid":{"rendered":"https:\/\/pood.moe.ee\/shop\/uncategorized\/bourdic-la-rabassiere-millessime-blanc-en\/"},"modified":"2023-08-14T00:01:15","modified_gmt":"2023-08-13T21:01:15","slug":"bourdic-la-rabassiere-millessime-blanc-en","status":"publish","type":"product","link":"https:\/\/pood-moe.dev.almic.ee\/en\/shop\/wine\/color\/white-en\/bourdic-la-rabassiere-millessime-blanc-en\/","title":{"rendered":"Bourdic La Rabassiere Millessime Blanc"},"content":{"rendered":"","protected":false},"excerpt":{"rendered":"<p>2020 Gamme Bourdic La Rabassiere Millessime Blanc<\/p>\n<p>Alkoholisisaldus: alc vol 13%<br \/>\nPiirkond: AOP Duch\u00e9 D&#8217;Uz\u00e8s\/L\u00f5una Rhone\/Prantsusmaa<br \/>\nMillest tehtud: Viognier, Roussanne ja Grenache Blanc , mida on arendatud tammevaadis.<br \/>\nV\u00e4rvus: Veinil on kuldse helgiga helekollane v\u00e4rvus.<br \/>\nAroom: Aromaatsel veinil on mitmek\u00fclgsed aroomin\u00fcansid, kus torkavad silma lopsakas k\u00fcpsem puuviljasus, s\u00e4rtsakad tsitrused koos rabarberiga ja \u00fcrdised n\u00fcansid.<br \/>\nMaitse: Valge vein, mis on pigem t\u00e4idlasema kehandiga. Siidises maitsepaletis on andmas tooni s\u00e4rtsakad tsitrused ja kuivatatud puuviljade n\u00fcansid, koos mee ja vaniljega. J\u00e4relmaitse on \u00fclipikk koos \u00fcrdise alatooniga.<br \/>\nServeerimine: Serveerida temperatuuril 8-9 kraadi Bordeaux t\u00fc\u00fcpi valge veini pokaalist.<br \/>\nToit: Sobiv koos valge liha ja rasvasema kalaga valgetes kastmetes, tr\u00fchvlid ja muud seened.<br \/>\nTootest: auhinnatud:<br \/>\n1 t\u00e4rn \u2013 Guide Hachette des Vins 2022<br \/>\nKULD ja KULD medalite Coup de C\u0153ur \u2013 Les \u0152nologues de France&#8217;i Languedoci suurte veinide konkurss<br \/>\nKULD OCCITANIA piirkondlik veinikonkurss<br \/>\nViinamarjad on kasvanud savi- lubjakivi rikastel k\u00f5rgematel n\u00f5lvadel. Roussanne viinamarjasort on laagerdunud tammevaadis , mis annab veinile \u00fcmaramat ja p\u00e4hklisemat karakterit.<\/p>\n<p>Tootja: Les Collines du Bourdic<br \/>\nHuvitav fakt: La Rabassi\u00e8re t\u00e4hendab (Provance\u2019i keeles tr\u00fchvel) valmistatud t\u00e4histamaks traditsioonilist Uz\u00e8si piirkonna tr\u00fchvlip\u00e4eva.<\/p>\n","protected":false},"featured_media":5603,"template":"","meta":[],"product_cat":[370,138,77],"product_tag":[],"acf":[],"_links":{"self":[{"href":"https:\/\/pood-moe.dev.almic.ee\/en\/wp-json\/wp\/v2\/product\/3207"}],"collection":[{"href":"https:\/\/pood-moe.dev.almic.ee\/en\/wp-json\/wp\/v2\/product"}],"about":[{"href":"https:\/\/pood-moe.dev.almic.ee\/en\/wp-json\/wp\/v2\/types\/product"}],"wp:featuredmedia":[{"embeddable":true,"href":"https:\/\/pood-moe.dev.almic.ee\/en\/wp-json\/wp\/v2\/media\/5603"}],"wp:attachment":[{"href":"https:\/\/pood-moe.dev.almic.ee\/en\/wp-json\/wp\/v2\/media?parent=3207"}],"wp:term":[{"taxonomy":"product_cat","embeddable":true,"href":"https:\/\/pood-moe.dev.almic.ee\/en\/wp-json\/wp\/v2\/product_cat?post=3207"},{"taxonomy":"product_tag","embeddable":true,"href":"https:\/\/pood-moe.dev.almic.ee\/en\/wp-json\/wp\/v2\/product_tag?post=3207"}],"curies":[{"name":"wp","href":"https:\/\/api.w.org\/{rel}","templated":true}]}}