{"id":3211,"date":"2021-12-08T13:47:47","date_gmt":"2021-12-08T11:47:47","guid":{"rendered":"https:\/\/pood.moe.ee\/shop\/uncategorized\/bourdic-la-rabassiere-rouge-en\/"},"modified":"2023-07-17T00:11:31","modified_gmt":"2023-07-16T21:11:31","slug":"bourdic-la-rabassiere-rouge-en","status":"publish","type":"product","link":"https:\/\/pood-moe.dev.almic.ee\/en\/shop\/wine\/color\/red-en\/bourdic-la-rabassiere-rouge-en\/","title":{"rendered":"Bourdic La Rabassi\u00e8re Rouge"},"content":{"rendered":"","protected":false},"excerpt":{"rendered":"<p>2019 Gamme Bourdic La Rabassi\u00e8re Rouge<\/p>\n<p>Alkoholisisaldus: alc vol 14%<br \/>\nPiirkond: AOP Duch\u00e9 D&#8217;Uz\u00e8s\/L\u00f5una Rhone\/Prantsusmaa<br \/>\nMillest tehtud: Syrah viinamarjasort segatud Grenachega ja osaliselt arendatud ka vaadis.<br \/>\nV\u00e4rvus: Rubiinpunase v\u00e4rvuse ja violetse veinikaarega<br \/>\nAroom: Veini aroomis domineerivad k\u00fcpsemad mustad ja punased luuviljad, suitsuploomised noodid segunemas p\u00f5ldmarjase aroomiga, mis muudab veini aroomi meeldivalt lopsakaks. Tagaplaanil kerge alusmets.<br \/>\nMaitse: Keskmise kehandiga kuiv punane vein. Maitsekarakterit loomas k\u00fcpsemad luuviljad ja marmelaadised mustad metsamarjad. Pikas ja intensiivses j\u00e4relmaitses k\u00fcpsetusv\u00fcrtsid ja r\u00f6stised maitse n\u00fcansid, mille seas ka kerged seenesed maitsen\u00fcansid.<br \/>\nServeerimine: Serveerida temperatuuril 16 kraadi Bordeaux t\u00fc\u00fcpi punase veini pokaalist.<br \/>\nToit: Toidud tr\u00fchvlite ja seentega. Metsloomad- ulukid ja arenenud juustud.<br \/>\nTootest: VINIFIKATSIOON<br \/>\nTraditsiooniline 15-p\u00e4evane kestakontakt. 20% veinist laagerdunud tammevaatides. Filtreerimata, et s\u00e4ilitada veini parimaid omadusi.<br \/>\nTootja: Les Collines du Bourdic<br \/>\nHuvitav fakt: La Rabassi\u00e8re t\u00e4hendab (Provance\u2019i keeles tr\u00fchvel) valmistatud t\u00e4histamaks traditsioonilist Uz\u00e8si piirkonna tr\u00fchvlip\u00e4eva.<\/p>\n","protected":false},"featured_media":5527,"template":"","meta":[],"product_cat":[370,134,77],"product_tag":[],"acf":[],"_links":{"self":[{"href":"https:\/\/pood-moe.dev.almic.ee\/en\/wp-json\/wp\/v2\/product\/3211"}],"collection":[{"href":"https:\/\/pood-moe.dev.almic.ee\/en\/wp-json\/wp\/v2\/product"}],"about":[{"href":"https:\/\/pood-moe.dev.almic.ee\/en\/wp-json\/wp\/v2\/types\/product"}],"wp:featuredmedia":[{"embeddable":true,"href":"https:\/\/pood-moe.dev.almic.ee\/en\/wp-json\/wp\/v2\/media\/5527"}],"wp:attachment":[{"href":"https:\/\/pood-moe.dev.almic.ee\/en\/wp-json\/wp\/v2\/media?parent=3211"}],"wp:term":[{"taxonomy":"product_cat","embeddable":true,"href":"https:\/\/pood-moe.dev.almic.ee\/en\/wp-json\/wp\/v2\/product_cat?post=3211"},{"taxonomy":"product_tag","embeddable":true,"href":"https:\/\/pood-moe.dev.almic.ee\/en\/wp-json\/wp\/v2\/product_tag?post=3211"}],"curies":[{"name":"wp","href":"https:\/\/api.w.org\/{rel}","templated":true}]}}