{"id":3215,"date":"2021-12-08T13:52:00","date_gmt":"2021-12-08T11:52:00","guid":{"rendered":"https:\/\/pood.moe.ee\/shop\/uncategorized\/bourdic-les-vignes-chardonnay-viognier-en\/"},"modified":"2023-08-14T00:01:15","modified_gmt":"2023-08-13T21:01:15","slug":"bourdic-les-vignes-chardonnay-viognier-en","status":"publish","type":"product","link":"https:\/\/pood-moe.dev.almic.ee\/en\/shop\/wine\/color\/white-en\/bourdic-les-vignes-chardonnay-viognier-en\/","title":{"rendered":"Bourdic Les Vignes Chardonnay &#8211; Viognier"},"content":{"rendered":"","protected":false},"excerpt":{"rendered":"<p>Gamme Bourdic Les Vignes Chardonnay &#8211; Viognier<\/p>\n<p>Alkoholisisaldus: alc vol 13,50 %<br \/>\nPiirkond: Pays d&#8217;oc \/ Prantsusmaa<br \/>\nMillest tehtud: Valmistatud Chardonnay ja Viognier viinamarjadest.<br \/>\nV\u00e4rvus: Helekollase v\u00e4rvusega.<br \/>\nAroom: Aromaatne ja helgelt lilleline aroom, kus sekka annavad tooni v\u00e4rske \u00f5un ja troopilised puuviljad.<br \/>\nMaitse: Lopsakalt puuviljane ja hea mineraalsusesga valge kuiv vein. Vein on kehandilt pigem kergem ja s\u00e4rtsaka olemisega. J\u00e4relmaitse on keskmise pikkusega ja kompleksne kus tuntavad ka \u00fcrdised n\u00fcansid.<br \/>\nServeerimine: Serveerida temperatuuril 7-8 kraadi Bordeaux t\u00fc\u00fcpi valge veini pokaalist.<br \/>\nToit: Hea aperatiiv ja kaaslane mereandide juures.<br \/>\nTootest: Viinamarjad on kasvatatud madalamatel n\u00f5lvadel mergli pinnasel. \u201eHeritage Les Vignes\u201c on veini sari, mis j\u00e4lgib kaasaegseid veini valmistamise v\u00f5tteid kui ka traditsioonilisi p\u00f5him\u00f5tteid, mis koos peavad andma v\u00e4rskeid ja puuviljaseid veine.<br \/>\nTootja: Les Collines du Bourdic \/ Pays d&#8217;Auge\/ Prantsusmaa<br \/>\nHuvitav fakt: Kooperatiiv Les Collines du Bourdic on asutatud 1928 aastal, olles L\u00f5una-Prantsusmaal \u00fcks vanimaid kooperatiive. Asudes Nimesist p\u00f5hjas Sevenni m\u00e4eaheliku jalamil \u00fchendab ta omavahel suured L\u00f5una \u2013 Prantsusmaa veinipiirkonnad L\u00f5una- Rhone ja Languedoci.<\/p>\n","protected":false},"featured_media":5619,"template":"","meta":[],"product_cat":[370,138,77],"product_tag":[],"acf":[],"_links":{"self":[{"href":"https:\/\/pood-moe.dev.almic.ee\/en\/wp-json\/wp\/v2\/product\/3215"}],"collection":[{"href":"https:\/\/pood-moe.dev.almic.ee\/en\/wp-json\/wp\/v2\/product"}],"about":[{"href":"https:\/\/pood-moe.dev.almic.ee\/en\/wp-json\/wp\/v2\/types\/product"}],"wp:featuredmedia":[{"embeddable":true,"href":"https:\/\/pood-moe.dev.almic.ee\/en\/wp-json\/wp\/v2\/media\/5619"}],"wp:attachment":[{"href":"https:\/\/pood-moe.dev.almic.ee\/en\/wp-json\/wp\/v2\/media?parent=3215"}],"wp:term":[{"taxonomy":"product_cat","embeddable":true,"href":"https:\/\/pood-moe.dev.almic.ee\/en\/wp-json\/wp\/v2\/product_cat?post=3215"},{"taxonomy":"product_tag","embeddable":true,"href":"https:\/\/pood-moe.dev.almic.ee\/en\/wp-json\/wp\/v2\/product_tag?post=3215"}],"curies":[{"name":"wp","href":"https:\/\/api.w.org\/{rel}","templated":true}]}}