{"id":3219,"date":"2021-12-08T14:16:57","date_gmt":"2021-12-08T12:16:57","guid":{"rendered":"https:\/\/pood.moe.ee\/shop\/uncategorized\/bourdic-le-prestige-blanc-en\/"},"modified":"2023-08-14T00:01:15","modified_gmt":"2023-08-13T21:01:15","slug":"bourdic-le-prestige-blanc-en","status":"publish","type":"product","link":"https:\/\/pood-moe.dev.almic.ee\/en\/shop\/wine\/color\/white-en\/bourdic-le-prestige-blanc-en\/","title":{"rendered":"Bourdic Le Prestige Blanc"},"content":{"rendered":"","protected":false},"excerpt":{"rendered":"<p>2019 Gamme Bourdic Le Prestige Blanc<\/p>\n<p>Alkoholisisaldus: alc vol 13,50 %<br \/>\nPiirkond: Pays d&#8217;oc \/ Prantsusmaa<br \/>\nMillest tehtud: 100% Chardonnay viinamarja sordist, mida on arendatud tammevaadis.<br \/>\nV\u00e4rvus: Helekollase v\u00e4rvusega vein, millel on kuldne helk.<br \/>\nAroom: Veini<br \/>\nMaitse: Keskmisest veidid t\u00e4idlasema kehandiga valge vein, mida on arendatud tammevaadis. Puuviljane karakter kus tooni andmas \u00f5un ja valged v\u00e4rskemad luuviljad. Tammevaadilalgerdus lisamas p\u00e4hkliseid, vaniljeseid ja v\u00f5iseid maitsen\u00fcansse, mida omakorda ellu \u00e4ratamas greipfruiti s\u00e4rtsakus. \u00dclipikk j\u00e4relmaitse.<br \/>\nServeerimine: Serveerida temperatuuril 8 &#8211; 9 kraadi Bordeaux t\u00fc\u00fcpi valge veini pokaalist.<br \/>\nToit: Vasikaliha ja arenenud juustud.<br \/>\nTootest: Viinamarjad on kasvanud madalamatel n\u00f5lvadel merglisel pinnasel. Veini on arendatud tammevaadis. Vein on v\u00f5otnud ka auhindu kohalikelt veinikonkurssidelt.<br \/>\nGOLD Concours G\u00e9n\u00e9ral Agricole de Paris 2018<br \/>\nTootja: Les Collines du Bourdic<br \/>\nHuvitav fakt: Kooperatiiv Les Collines du Bourdic on asutatud 1928 aastal, olles L\u00f5una-Prantsusmaal \u00fcks vanimaid kooperatiive. Asudes Nimesist p\u00f5hjas Sevenni m\u00e4eaheliku jalamil \u00fchendab ta omavahel suured L\u00f5una \u2013 Prantsusmaa veinipiirkonnad L\u00f5una- Rhone ja Languedoci.<\/p>\n","protected":false},"featured_media":5623,"template":"","meta":[],"product_cat":[370,138,77],"product_tag":[],"acf":[],"_links":{"self":[{"href":"https:\/\/pood-moe.dev.almic.ee\/en\/wp-json\/wp\/v2\/product\/3219"}],"collection":[{"href":"https:\/\/pood-moe.dev.almic.ee\/en\/wp-json\/wp\/v2\/product"}],"about":[{"href":"https:\/\/pood-moe.dev.almic.ee\/en\/wp-json\/wp\/v2\/types\/product"}],"wp:featuredmedia":[{"embeddable":true,"href":"https:\/\/pood-moe.dev.almic.ee\/en\/wp-json\/wp\/v2\/media\/5623"}],"wp:attachment":[{"href":"https:\/\/pood-moe.dev.almic.ee\/en\/wp-json\/wp\/v2\/media?parent=3219"}],"wp:term":[{"taxonomy":"product_cat","embeddable":true,"href":"https:\/\/pood-moe.dev.almic.ee\/en\/wp-json\/wp\/v2\/product_cat?post=3219"},{"taxonomy":"product_tag","embeddable":true,"href":"https:\/\/pood-moe.dev.almic.ee\/en\/wp-json\/wp\/v2\/product_tag?post=3219"}],"curies":[{"name":"wp","href":"https:\/\/api.w.org\/{rel}","templated":true}]}}