{"id":3227,"date":"2021-12-08T14:25:18","date_gmt":"2021-12-08T12:25:18","guid":{"rendered":"https:\/\/pood.moe.ee\/shop\/uncategorized\/bourdic-racine-blanc-en\/"},"modified":"2023-08-14T00:01:15","modified_gmt":"2023-08-13T21:01:15","slug":"bourdic-racine-blanc-en","status":"publish","type":"product","link":"https:\/\/pood-moe.dev.almic.ee\/en\/shop\/wine\/color\/white-en\/bourdic-racine-blanc-en\/","title":{"rendered":"Bourdic Racine Blanc"},"content":{"rendered":"","protected":false},"excerpt":{"rendered":"<p>Gamme Bourdic Racine Blanc<\/p>\n<p>Alkoholisisaldus: alc vol 13,50 %<br \/>\nPiirkond: AOP Duch\u00e9 D&#8217;Uz\u00e8s\/L\u00f5una Rhone\/Prantsusmaa<br \/>\nMillest tehtud: Selles veinis seguneb aromaatne ja eksootiliste aroomidega sort Viognier, Grenache blanc oma lopsakusega ja Roussane, mis toob veini, n\u00f5tkuse ja peenuse.<br \/>\nV\u00e4rvus: Helekollane , kerge helerohelise helgiga<br \/>\nAroom: Aroomis domineerimas valged lilled, d\u00fcsess ja kollane v\u00e4rske \u00f5un, koos tsitruselistega.<br \/>\nMaitse: Keskmise kehandiga valge kuiv vein. S\u00e4rtsakale veinile annavad karakteri pirn, v\u00e4rske \u00f5un ja tsitrused koos troopiliste puuviljadega. J\u00e4relmaitse on pikk ja tsitruseline.<br \/>\nServeerimine: Serveerida temperatuuril 8 kraadi Bordeaux t\u00fc\u00fcpi valge veini pokaalist.<br \/>\nToit: serveerida aperatiiviks, tapaste k\u00f5rvale, grillitud kala ja erinevad kalaroad.<br \/>\nTootest: Vinifikatsioonil kerge kestakontakt ja pressimine ja k\u00e4\u00e4ritamine roostevabast terasest mahutites madalatel temperatuuridel.<br \/>\nVEINILE OMASTATUD AUHINNAD 2021<br \/>\nKULD \u2013 konkurss Macon Great Wines of France<br \/>\nKULD \u2013 N\u00eemes&#8217;i veinikonkurss<br \/>\nH\u00d5BE \u2013 Les \u0152nologues de France&#8217;i konkurss Great Wines of Languedoc<\/p>\n<p>Tootja: Les Collines du Bourdic<br \/>\nHuvitav fakt: Kooperatiiv Les Collines du Bourdic on asutatud 1928 aastal, olles L\u00f5una-Prantsusmaal \u00fcks vanimaid kooperatiive. Asudes Nimesist p\u00f5hjas Sevenni m\u00e4eaheliku jalamil \u00fchendab ta omavahel suured L\u00f5una \u2013 Prantsusmaa veinipiirkonnad L\u00f5una- Rhone ja Languedoci.<\/p>\n","protected":false},"featured_media":5615,"template":"","meta":[],"product_cat":[370,138,77],"product_tag":[],"acf":[],"_links":{"self":[{"href":"https:\/\/pood-moe.dev.almic.ee\/en\/wp-json\/wp\/v2\/product\/3227"}],"collection":[{"href":"https:\/\/pood-moe.dev.almic.ee\/en\/wp-json\/wp\/v2\/product"}],"about":[{"href":"https:\/\/pood-moe.dev.almic.ee\/en\/wp-json\/wp\/v2\/types\/product"}],"wp:featuredmedia":[{"embeddable":true,"href":"https:\/\/pood-moe.dev.almic.ee\/en\/wp-json\/wp\/v2\/media\/5615"}],"wp:attachment":[{"href":"https:\/\/pood-moe.dev.almic.ee\/en\/wp-json\/wp\/v2\/media?parent=3227"}],"wp:term":[{"taxonomy":"product_cat","embeddable":true,"href":"https:\/\/pood-moe.dev.almic.ee\/en\/wp-json\/wp\/v2\/product_cat?post=3227"},{"taxonomy":"product_tag","embeddable":true,"href":"https:\/\/pood-moe.dev.almic.ee\/en\/wp-json\/wp\/v2\/product_tag?post=3227"}],"curies":[{"name":"wp","href":"https:\/\/api.w.org\/{rel}","templated":true}]}}