{"id":3231,"date":"2021-12-08T14:28:00","date_gmt":"2021-12-08T12:28:00","guid":{"rendered":"https:\/\/pood.moe.ee\/shop\/uncategorized\/bourdic-syrah-en\/"},"modified":"2023-07-17T00:11:30","modified_gmt":"2023-07-16T21:11:30","slug":"bourdic-syrah-en","status":"publish","type":"product","link":"https:\/\/pood-moe.dev.almic.ee\/en\/shop\/wine\/color\/red-en\/bourdic-syrah-en\/","title":{"rendered":"Bourdic Syrah"},"content":{"rendered":"","protected":false},"excerpt":{"rendered":"<p>2019 Gamme Bourdic Syrah<\/p>\n<p>Alkoholisisaldus: alc vol 13,50 %<br \/>\nPiirkond: Pays d&#8217;oc \/ Prantsusmaa<br \/>\nMillest tehtud: Viinamarjasort Syrah<br \/>\nV\u00e4rvus: Intensiivne rubiinpunane v\u00e4rvus, millel on tugev must varjund.<br \/>\nAroom: Aroomis k\u00fcpsemad punased marjad ja piprad.<br \/>\nMaitse: \u00dcmar ja t\u00e4idlase kehandiga ilmekas kuiv punane vein, mille karakterit m\u00e4\u00e4ravad viinamarjale omased piprased n\u00fcansid k\u00e4sik\u00e4es tumedate luuviljade ja punaste marjadega.<br \/>\nServeerimine: Serveerida temperatuuril 16-17 kraadi Bordeaux t\u00fc\u00fcpi punase veini pokaalist.<br \/>\nToit: Sobilikud toidu paarilised k\u00fc\u00fclik, metslinnud ja punane med k\u00fcpsusastmes liha.<br \/>\nTootest: Vein on v\u00f5itnud auhindu:<br \/>\nKULD medaL N\u00eemes&#8217;i veinikonkurssilt.<br \/>\nViinamarjad on kasvatatud Sevenni m\u00e4estiku savi- lubjakivi muldadel. Veini valmistamisel 10 p\u00e4evane kestakontakt.<br \/>\nTootja: Les Collines du Bourdic<br \/>\nHuvitav fakt: Kooperatiiv Les Collines du Bourdic on asutatud 1928 aastal, olles L\u00f5una-Prantsusmaal \u00fcks vanimaid kooperatiive. Asudes Nimesist p\u00f5hjas Sevenni m\u00e4eaheliku jalamil \u00fchendab ta omavahel suured L\u00f5una \u2013 Prantsusmaa veinipiirkonnad: L\u00f5una- Rhone ja Languedoci<\/p>\n","protected":false},"featured_media":5531,"template":"","meta":[],"product_cat":[370,134,77],"product_tag":[],"acf":[],"_links":{"self":[{"href":"https:\/\/pood-moe.dev.almic.ee\/en\/wp-json\/wp\/v2\/product\/3231"}],"collection":[{"href":"https:\/\/pood-moe.dev.almic.ee\/en\/wp-json\/wp\/v2\/product"}],"about":[{"href":"https:\/\/pood-moe.dev.almic.ee\/en\/wp-json\/wp\/v2\/types\/product"}],"wp:featuredmedia":[{"embeddable":true,"href":"https:\/\/pood-moe.dev.almic.ee\/en\/wp-json\/wp\/v2\/media\/5531"}],"wp:attachment":[{"href":"https:\/\/pood-moe.dev.almic.ee\/en\/wp-json\/wp\/v2\/media?parent=3231"}],"wp:term":[{"taxonomy":"product_cat","embeddable":true,"href":"https:\/\/pood-moe.dev.almic.ee\/en\/wp-json\/wp\/v2\/product_cat?post=3231"},{"taxonomy":"product_tag","embeddable":true,"href":"https:\/\/pood-moe.dev.almic.ee\/en\/wp-json\/wp\/v2\/product_tag?post=3231"}],"curies":[{"name":"wp","href":"https:\/\/api.w.org\/{rel}","templated":true}]}}