{"id":3235,"date":"2021-12-08T14:32:44","date_gmt":"2021-12-08T12:32:44","guid":{"rendered":"https:\/\/pood.moe.ee\/shop\/uncategorized\/bourdic-viognier-en\/"},"modified":"2023-08-14T00:01:15","modified_gmt":"2023-08-13T21:01:15","slug":"bourdic-viognier-en","status":"publish","type":"product","link":"https:\/\/pood-moe.dev.almic.ee\/en\/shop\/wine\/color\/white-en\/bourdic-viognier-en\/","title":{"rendered":"Bourdic Viognier"},"content":{"rendered":"","protected":false},"excerpt":{"rendered":"<p>2020 Gamme Bourdic Viognier<\/p>\n<p>Alkoholisisaldus: alc vol 13,50%<br \/>\nPiirkond: Pays d&#8217;oc \/ Prantsusmaa<br \/>\nMillest tehtud: 100% Viognier viinamarjasordist<br \/>\nV\u00e4rvus: Vein on helekollase v\u00e4rvusega, veidi roheka helgiga, mis vihjab tema noorusele.<br \/>\nAroom: Aromaatne ja v\u00e4rske valge vein, kus domineerimas eksootilised troopilised puuviljad. V\u00e4rskus ja valgete lillede aroomsus.<br \/>\nMaitse: Kuiv valge vein, milles on \u00f5unte ja eksootiliste puuviljade meeldivat v\u00e4rskust. Keskmine kehand annab veinile maitses meeldivat \u00fcmarust. Pikk ja mereline kompleksus l\u00f5punootides.<br \/>\nServeerimine: Serveerida temperatuuril 8 -9 kraadi Bordeaux t\u00fc\u00fcpi valge veini pokaalist.<br \/>\nToit: Sobiv aperatiiv, meeldiv kaaslane grillitud kala, koorikloomade ja kammkarpide juurde. K\u00f5rvitsa toidud.<br \/>\nTootest: vein on v\u00f5itnud mitmeid auhindu:<br \/>\nGOLD Concours des Grands Vins du Languedoc Prantsusmaal<br \/>\nViinamarjad kasvanud savi- lubjakivimuldadel Coteaux\u2019s. Valmistamisel veinil kerge kestakontakt.<br \/>\nTootja: Les Collines du Bourdic<br \/>\nHuvitav fakt: Kooperatiiv Les Collines du Bourdic on asutatud 1928 aastal, olles L\u00f5una-Prantsusmaal \u00fcks vanimaid kooperatiive. Asudes Nimesist p\u00f5hjas Sevenni m\u00e4eaheliku jalamil \u00fchendab ta omavahel suured L\u00f5una \u2013 Prantsusmaa veinipiirkonnad L\u00f5una- Rhone ja Languedoci.<\/p>\n","protected":false},"featured_media":5611,"template":"","meta":[],"product_cat":[370,138,77],"product_tag":[],"acf":[],"_links":{"self":[{"href":"https:\/\/pood-moe.dev.almic.ee\/en\/wp-json\/wp\/v2\/product\/3235"}],"collection":[{"href":"https:\/\/pood-moe.dev.almic.ee\/en\/wp-json\/wp\/v2\/product"}],"about":[{"href":"https:\/\/pood-moe.dev.almic.ee\/en\/wp-json\/wp\/v2\/types\/product"}],"wp:featuredmedia":[{"embeddable":true,"href":"https:\/\/pood-moe.dev.almic.ee\/en\/wp-json\/wp\/v2\/media\/5611"}],"wp:attachment":[{"href":"https:\/\/pood-moe.dev.almic.ee\/en\/wp-json\/wp\/v2\/media?parent=3235"}],"wp:term":[{"taxonomy":"product_cat","embeddable":true,"href":"https:\/\/pood-moe.dev.almic.ee\/en\/wp-json\/wp\/v2\/product_cat?post=3235"},{"taxonomy":"product_tag","embeddable":true,"href":"https:\/\/pood-moe.dev.almic.ee\/en\/wp-json\/wp\/v2\/product_tag?post=3235"}],"curies":[{"name":"wp","href":"https:\/\/api.w.org\/{rel}","templated":true}]}}