{"id":3239,"date":"2021-12-08T14:36:17","date_gmt":"2021-12-08T12:36:17","guid":{"rendered":"https:\/\/pood.moe.ee\/shop\/uncategorized\/bourdic-cabernet-sauvignon-en\/"},"modified":"2023-07-17T00:11:30","modified_gmt":"2023-07-16T21:11:30","slug":"bourdic-cabernet-sauvignon-en","status":"publish","type":"product","link":"https:\/\/pood-moe.dev.almic.ee\/en\/shop\/wine\/color\/red-en\/bourdic-cabernet-sauvignon-en\/","title":{"rendered":"Bourdic Cabernet Sauvignon"},"content":{"rendered":"","protected":false},"excerpt":{"rendered":"<p>2019 Gamme Bourdic Cabernet Sauvignon<\/p>\n<p>Alkoholisisaldus: alc vol 13,50 %<br \/>\nPiirkond: Pays d&#8217;oc \/ Prantsusmaa<br \/>\nMillest tehtud: Viinamarjasort Cabernet Sauvignon.<br \/>\nV\u00e4rvus: Veini v\u00e4rvus on intensiivne ja musta varjundiga.<br \/>\nAroom: Aroomis on tunda rikkalikult k\u00fcpsemaid musti s\u00f5straid ja tumedat kirssi, mille sekundeerimas mustad marjad ja v\u00fcrtsikad toonid.<br \/>\nMaitse: T\u00e4idlase kehandiga punane kuiv vein, mille maitses on tunda mustis\u00f5straid ja tumedaid metsamarju. Pikk j\u00e4relmaitse v\u00fcrtsikas ja siidiste tanniinidega.<br \/>\nServeerimine: Serveerida temperatuuril 16-17 kraadi Bordeaux t\u00fc\u00fcpi punase veini pokaalist.<br \/>\nToit: Serveerida k\u00fclmade lihal\u00f5ikudega, pikalt k\u00fcpsetatud lambakoot.<br \/>\nTootest: Toode on v\u00f5itnud auhindu<br \/>\nN\u00eemes&#8217;i veinikonkurssil H\u00d5BE 2018.<br \/>\nViinamarjad on kasvatatud Sevennide m\u00e4estiku savi- ja lubjarikastel pinnastel. Veini vinifikatsioonil &#8211; 12 p\u00e4evane kestakontakt.<br \/>\nTootja: Les Collines du Bourdic<br \/>\nHuvitav fakt: Kooperatiiv Les Collines du Bourdic on asutatud 1928 aastal, olles L\u00f5una-Prantsusmaal \u00fcks vanimaid kooperatiive. Asudes Nimesist p\u00f5hjas Sevenni m\u00e4eaheliku jalamil \u00fchendab ta omavahel suured L\u00f5una \u2013 Prantsusmaa veinipiirkonnad L\u00f5una- Rhone ja Languedoci.<\/p>\n","protected":false},"featured_media":5523,"template":"","meta":[],"product_cat":[370,134,77],"product_tag":[],"acf":[],"_links":{"self":[{"href":"https:\/\/pood-moe.dev.almic.ee\/en\/wp-json\/wp\/v2\/product\/3239"}],"collection":[{"href":"https:\/\/pood-moe.dev.almic.ee\/en\/wp-json\/wp\/v2\/product"}],"about":[{"href":"https:\/\/pood-moe.dev.almic.ee\/en\/wp-json\/wp\/v2\/types\/product"}],"wp:featuredmedia":[{"embeddable":true,"href":"https:\/\/pood-moe.dev.almic.ee\/en\/wp-json\/wp\/v2\/media\/5523"}],"wp:attachment":[{"href":"https:\/\/pood-moe.dev.almic.ee\/en\/wp-json\/wp\/v2\/media?parent=3239"}],"wp:term":[{"taxonomy":"product_cat","embeddable":true,"href":"https:\/\/pood-moe.dev.almic.ee\/en\/wp-json\/wp\/v2\/product_cat?post=3239"},{"taxonomy":"product_tag","embeddable":true,"href":"https:\/\/pood-moe.dev.almic.ee\/en\/wp-json\/wp\/v2\/product_tag?post=3239"}],"curies":[{"name":"wp","href":"https:\/\/api.w.org\/{rel}","templated":true}]}}