{"id":3615,"date":"2022-02-12T15:01:48","date_gmt":"2022-02-12T13:01:48","guid":{"rendered":"https:\/\/pood.moe.ee\/?post_type=product&#038;p=3615"},"modified":"2023-09-11T07:58:10","modified_gmt":"2023-09-11T04:58:10","slug":"bolgheri-superiore-doc-2016","status":"publish","type":"product","link":"https:\/\/pood-moe.dev.almic.ee\/en\/shop\/vein\/varvus\/punane\/bolgheri-superiore-doc-2016\/","title":{"rendered":"Campo alle Comete Bolgheri Superiore DOC"},"content":{"rendered":"","protected":false},"excerpt":{"rendered":"<p>Bolgheri Superiore DOC, Campo Alle Comete<\/p>\n<p><strong>Alkoholisisaldus<\/strong>: 14,50%<br \/>\n<strong>Piirkond<\/strong>: Bolgheri DOC\/ Toscana\/ Itaalia<br \/>\n<strong>Millest tehtud<\/strong>: 40% Cabernet Sauvignon, 35 % Merlot, 20% Cabernet Franc ja 5% Petite Verdot<br \/>\n<strong>V\u00e4rvus<\/strong>: Intensiivne rubiinpunane v\u00e4rvus , millel on violetne alatoon.<br \/>\n<strong>Aroom<\/strong>: Veini aroom on k\u00fclluslik ja v\u00e4ljendusrikas. Leides seal musta kirssi, m\u00fcnti ja k\u00fcpsemaid musti metsamarju, mis on segunemas tumeda sokolaadi ja arengust tekkivate omap\u00e4raste n\u00fcanssidega.<br \/>\n<strong>Maitse<\/strong>: Intensiivne ja v\u00e4ljendusrikas punane vein , millel on t\u00e4idlane kehand. Mitmek\u00fclgse veini iseloomus v\u00f5ib \u00e4ra tunda k\u00fcpset marjasust ja n\u00fcansse tumedatest luuviljdest kuni k\u00fcpsetusv\u00fcrtsideni ja enamgi veel. Tanniinistruktuur on h\u00e4sti integreeritud ja toetab \u00fclipikka j\u00e4relmaitset.<br \/>\n<strong>Toit<\/strong>: Vinnutatud lihatooted, arenenud juustud, punane liha grillituna, Metsloomad \u2013 hirv.<br \/>\n<strong>Serveerimine<\/strong>: Serveerida temperatuuril 16- 17 kraadi Bordeaux t\u00fc\u00fcpi punase veini pokaalist<br \/>\n<strong>Tootest<\/strong>: Iga viinamrjasordi fermentatsiooni protsess leiab aset eraldi teras vaadis umbes 25 p\u00e4eva jooksul. Lisaks on veini arendatud 15-18 kuud uutes ja kasutatud 500 liitristes Prantsuse tammevaatides Tonneaux- des. Peale pudeldamist veel minimaalselt 10-12 kuud veel pudelis. Esimene aastak\u00e4ik mis on valminud t\u00e4ielikult Feudi di San Gregorio kaubam\u00e4rgi all. Valmistati kokku umbes 14 000 pudelit. Veini s\u00e4ilitamis potensiaal on pikk h\u00f5lmates kindlasti ajavahemikku 2022 \u2013 2038.<br \/>\n<strong>Tootja<\/strong>: Feudi di San Gregorio<br \/>\n<strong>M\u00f5ni tore fakt: <\/strong>Campo Alle Comete on selle viinamrja kasvatus piirkonna iidne nimetus, millega on p\u00fc\u00fctud tuua kliendini veinimaja olemust \u2013 maagiline maailm, kuhu saab pageda igap\u00e4eva elust ja unistada. Veinimaja logo ja kujunduse on loonud kunstnik ja illustraator Nicoletta Ceccoli. Fragmendid kujtletavast unistuste maailmast on j\u00f5udnud ka minimalistlikele pudeli siltidele.<br \/>\nPiirkond h\u00f5lmab 17,5 ha, millest 14,5 ha on viinamrjakasvatuse all ja 2,5 ha oliivipuude all.<br \/>\nHinnangud: 2016 Robert Parker 93 \/ 100<br \/>\n2016 Wine Spectator 93 \/ 100<br \/>\n2016 Wine Enthusiast 96 \/ 100<br \/>\n2017 James Suckling 94 \/ 100<\/p>\n","protected":false},"featured_media":5396,"template":"","meta":[],"product_cat":[148,116,55],"product_tag":[],"acf":[],"_links":{"self":[{"href":"https:\/\/pood-moe.dev.almic.ee\/en\/wp-json\/wp\/v2\/product\/3615"}],"collection":[{"href":"https:\/\/pood-moe.dev.almic.ee\/en\/wp-json\/wp\/v2\/product"}],"about":[{"href":"https:\/\/pood-moe.dev.almic.ee\/en\/wp-json\/wp\/v2\/types\/product"}],"wp:featuredmedia":[{"embeddable":true,"href":"https:\/\/pood-moe.dev.almic.ee\/en\/wp-json\/wp\/v2\/media\/5396"}],"wp:attachment":[{"href":"https:\/\/pood-moe.dev.almic.ee\/en\/wp-json\/wp\/v2\/media?parent=3615"}],"wp:term":[{"taxonomy":"product_cat","embeddable":true,"href":"https:\/\/pood-moe.dev.almic.ee\/en\/wp-json\/wp\/v2\/product_cat?post=3615"},{"taxonomy":"product_tag","embeddable":true,"href":"https:\/\/pood-moe.dev.almic.ee\/en\/wp-json\/wp\/v2\/product_tag?post=3615"}],"curies":[{"name":"wp","href":"https:\/\/api.w.org\/{rel}","templated":true}]}}