{"id":3618,"date":"2022-02-12T15:04:40","date_gmt":"2022-02-12T13:04:40","guid":{"rendered":"https:\/\/pood.moe.ee\/?post_type=product&#038;p=3618"},"modified":"2023-09-11T07:58:09","modified_gmt":"2023-09-11T04:58:09","slug":"2016-cabernet-sirch","status":"publish","type":"product","link":"https:\/\/pood-moe.dev.almic.ee\/en\/shop\/vein\/varvus\/punane\/2016-cabernet-sirch\/","title":{"rendered":"Sirch Cabernet"},"content":{"rendered":"","protected":false},"excerpt":{"rendered":"<p>2016 Cabernet, Sirch<\/p>\n<p>Alkoholisisaldus: 12,50% alc vol<br \/>\nPiirkond: Friuli Colli Orientali DOC \/ Itaalia<br \/>\nMillest tehtud: 100% Cabernet Franc viinamarjasordist.<br \/>\nV\u00e4rvus: Rubiinpunase v\u00e4rvusega violetse varjundiga punane vein.<br \/>\nVeinist: Keskmise kehandiga hea tanniinistruktuuriga punavein P\u00f5hja- Itaaliast. Aroomis ja maitses k\u00fcpsete mustade luuviljade ja mustade marjade aroom, mis k\u00e4tkeb endas ka sordile omaseid \u00fcrdiseid ja pipraseid n\u00fcansse.<br \/>\nToit: Meeldiv kaasalane tugevamate pasta toitudega, suurep\u00e4rane kaaslane ulukite ja kaunviljadest toitudega. Keskmises arenguastmes juustud.<br \/>\nServeerimine: Serveerida temperatuuril 16-17 kraadi Bordeaux t\u00fc\u00fcpi punase veini pokaalist. Veini pole vaja aereerida ega dekanteerida.<br \/>\nTootest: Colli Orientali del Friuli on alati esindanud Friuli Venezia Giulia \u00fcht klassikalisemat veinikasvatuspiirkonda. Klassikalisest Bordeaux viinamarjast valmistatud punavein.<br \/>\nTootja: Feudi di San Gregorio, Sirch<br \/>\nM\u00f5ni tore fakt: Klassikalisest Bordeaux viinamarjast valmistatud punavein. Viinapuud on kasvanud Cabaernet Francile sobivatel lubjarikastel muldadel, kus on ka rikkalikult kruusa ja liiva.<br \/>\nFriuli Venezia Giulia on Kirde- Itaalia tuntud veinipiirkond, mis piirneb p\u00f5hjas Austria ja idas Sloveeniaga. Veini stiil varieerub palju s\u00f5ltuvalt sellest kas seda valmistatakse vahemerelises v\u00f5i Alpi kontinentaalses kliima m\u00f5jus. Peamiselt valge veini piirkonnana tuntud Friuli kasvatab palju rahusvaheliselt tuntud viinamarja sorte, kuna piirkond sai tugevalt kannatada 1800 l\u00f5pul m\u00f6llanud Phylloxera poolt.<\/p>\n","protected":false},"featured_media":5408,"template":"","meta":[],"product_cat":[148,116,55],"product_tag":[],"acf":[],"_links":{"self":[{"href":"https:\/\/pood-moe.dev.almic.ee\/en\/wp-json\/wp\/v2\/product\/3618"}],"collection":[{"href":"https:\/\/pood-moe.dev.almic.ee\/en\/wp-json\/wp\/v2\/product"}],"about":[{"href":"https:\/\/pood-moe.dev.almic.ee\/en\/wp-json\/wp\/v2\/types\/product"}],"wp:featuredmedia":[{"embeddable":true,"href":"https:\/\/pood-moe.dev.almic.ee\/en\/wp-json\/wp\/v2\/media\/5408"}],"wp:attachment":[{"href":"https:\/\/pood-moe.dev.almic.ee\/en\/wp-json\/wp\/v2\/media?parent=3618"}],"wp:term":[{"taxonomy":"product_cat","embeddable":true,"href":"https:\/\/pood-moe.dev.almic.ee\/en\/wp-json\/wp\/v2\/product_cat?post=3618"},{"taxonomy":"product_tag","embeddable":true,"href":"https:\/\/pood-moe.dev.almic.ee\/en\/wp-json\/wp\/v2\/product_tag?post=3618"}],"curies":[{"name":"wp","href":"https:\/\/api.w.org\/{rel}","templated":true}]}}