{"id":3622,"date":"2022-02-12T15:00:25","date_gmt":"2022-02-12T13:00:25","guid":{"rendered":"https:\/\/pood.moe.ee\/?post_type=product&#038;p=3622"},"modified":"2023-09-11T07:58:11","modified_gmt":"2023-09-11T04:58:11","slug":"cabernet-sauvignon-igt-2017","status":"publish","type":"product","link":"https:\/\/pood-moe.dev.almic.ee\/en\/shop\/vein\/varvus\/punane\/cabernet-sauvignon-igt-2017\/","title":{"rendered":"Campo alle Comete Cabernet Sauvignon"},"content":{"rendered":"","protected":false},"excerpt":{"rendered":"<p>Cabernet Sauvignon , Campo Alle Comete<\/p>\n<p><strong>Alkoholisisaldus<\/strong>: 14,00%<br \/>\n<strong>Piirkond<\/strong>: Bolgheri IGT\/ Toscana \/ Itaalia<br \/>\n<strong>Millest tehtud<\/strong>: 100% Cabernet Sauvignon viinamarjad<br \/>\n<strong>V\u00e4rvus<\/strong>: Kirgas rubiinpunane v\u00e4rvus .<br \/>\n<strong>Aroom<\/strong>: Aroomis tuntavad Caberent Sauvignonile omane marjane lopsakus &#8211; mustade marjade ja luuviljade iseloom, millele lisandumas v\u00fcrtsikad\/\u00fcrdised n\u00fcansid.<br \/>\n<strong>Maitse<\/strong>: Intensiivne ja heas balansis n\u00fcansirikas punane vein, mis on valmistatud klassikalisest Bordeaux viinamarjast. Kehandilt veidi \u00fcmaram. Maitses avanemas v\u00e4rske marjasus ja luuviljad \u2013 kirss, ploom ja mustikas, mis segunemas v\u00fcrtsikusega. J\u00e4relmaitse \u00fclipikk ja siidisec tanniinistruktuuriga.<br \/>\n<strong>Toit<\/strong>: Hea kaaslane punasest lihast valmistatud eel- ja pearoogade k\u00f5rvale. Aksessuaariks punase veini kaste.<br \/>\n<strong>Serveerimine<\/strong>: Serveerida temperatuuril 16-17 kraadi Bordeaux t\u00fc\u00fcpi punase veini pokaalist.<br \/>\n<strong>Tootest<\/strong>: Fermentatsioon koos kestakontaktiga 3 n\u00e4dalat terastangis. Veini arendatakse kokku 6 kuud osaliselt keskmise r\u00f6stiastmega barriques, osaliselt terastangis ja osaliselt tonneaux- s (500 l vaat).<br \/>\n<strong>Tootja<\/strong>: Kaubam\u00e4rk Feudi di San Gregorio ja nende Toscana veinimaja Campo Alle Comete<br \/>\n<strong>M\u00f5ni tore fak<\/strong>t:<br \/>\nCampo alle Comete Cabernet Sauvignon s\u00fcnnib viinamrjaistandustest, mis asuvad Succhericio v\u00e4ikelinnas Castagneta Carducci Livorno provintsis.<br \/>\nCampo Alle Comete on veinivalmistus piirkonna iidne nimetus, millega on p\u00fc\u00fctud tuua kliendini veinimaja olemust \u2013 maagiline maailm, kuhu saab pageda igap\u00e4eva elust ja unistada. Kujutades seda ka minimalistlikel pudeli siltidel.<br \/>\nHinnangud: Wine Spectator 2017 90\/ 100<br \/>\nJames Suckling 2017 91\/ 100<\/p>\n","protected":false},"featured_media":5400,"template":"","meta":[],"product_cat":[148,116,55],"product_tag":[],"acf":[],"_links":{"self":[{"href":"https:\/\/pood-moe.dev.almic.ee\/en\/wp-json\/wp\/v2\/product\/3622"}],"collection":[{"href":"https:\/\/pood-moe.dev.almic.ee\/en\/wp-json\/wp\/v2\/product"}],"about":[{"href":"https:\/\/pood-moe.dev.almic.ee\/en\/wp-json\/wp\/v2\/types\/product"}],"wp:featuredmedia":[{"embeddable":true,"href":"https:\/\/pood-moe.dev.almic.ee\/en\/wp-json\/wp\/v2\/media\/5400"}],"wp:attachment":[{"href":"https:\/\/pood-moe.dev.almic.ee\/en\/wp-json\/wp\/v2\/media?parent=3622"}],"wp:term":[{"taxonomy":"product_cat","embeddable":true,"href":"https:\/\/pood-moe.dev.almic.ee\/en\/wp-json\/wp\/v2\/product_cat?post=3622"},{"taxonomy":"product_tag","embeddable":true,"href":"https:\/\/pood-moe.dev.almic.ee\/en\/wp-json\/wp\/v2\/product_tag?post=3622"}],"curies":[{"name":"wp","href":"https:\/\/api.w.org\/{rel}","templated":true}]}}