{"id":3626,"date":"2022-02-12T15:00:51","date_gmt":"2022-02-12T13:00:51","guid":{"rendered":"https:\/\/pood.moe.ee\/?post_type=product&#038;p=3626"},"modified":"2023-09-11T07:58:10","modified_gmt":"2023-09-11T04:58:10","slug":"dubl-brut-falanghina-nv-magnum","status":"publish","type":"product","link":"https:\/\/pood-moe.dev.almic.ee\/en\/shop\/prosecco\/vahuvein\/dubl-brut-falanghina-nv-magnum\/","title":{"rendered":"DUBL Brut Falanghina Magnum"},"content":{"rendered":"","protected":false},"excerpt":{"rendered":"<p>DUBL Brut Falanghina nv Magnum<\/p>\n<p>Piirkond: Sorbo Serpico \/ Campania \/ Itaalia<br \/>\nTootest: Vahuvein, mis on pandud Magnum (1.5L) pudelisse. Suures pudelis savutab vein v\u00f5imsama komplekssuse ja keerukamad maitsen\u00fcansid. P\u00f5hjuseks asjaolu et suures pudelis on veini rohkem ja seet\u00f5ttu ka \u00f5hku v\u00e4hem, mis omakorda aga p\u00f5hjustabki veini pikema ja \u00fchtlasema arengu. Paljud tootjad valmistavadki Magnumeid sooviga n\u00e4idata oma parimaid tooteid ja aastak\u00e4ike. Nii ka siin.<br \/>\nMillest tehtud: 100% Falanghina viinamarjadest valmistatud methode traditionelle kuiv vahuvein.<br \/>\nToit: Ideaalne aperatiiv v\u00f5i kergemad eelroad kalast ja koorikloomad.<br \/>\nServeerimine: Serveerida temperatuuril 8 kraadi Bordeaux t\u00fc\u00fcpi valge veini pokaalist.<br \/>\nTootja: Feudi di San Gregorio<br \/>\nM\u00f5ni tore fakt: DUBL kaubam\u00e4rk on loodud 2003 aastal valmistamaks Methode Traditionell vahuveine Campaniale omastest viinamarja sortidest Aglianico, Greco di Tufo ja Falanghina. Eesm\u00e4rgiga pakkuda nii tarbijale kui ka veinimeistritele uusi v\u00f5imalusi muutuvas moodsas maailmas.<br \/>\nEAN: 8022888152031<br \/>\nAlkoholisisaldus: 12,50% alc vol<\/p>\n","protected":false},"featured_media":5311,"template":"","meta":[],"product_cat":[108],"product_tag":[],"acf":[],"_links":{"self":[{"href":"https:\/\/pood-moe.dev.almic.ee\/en\/wp-json\/wp\/v2\/product\/3626"}],"collection":[{"href":"https:\/\/pood-moe.dev.almic.ee\/en\/wp-json\/wp\/v2\/product"}],"about":[{"href":"https:\/\/pood-moe.dev.almic.ee\/en\/wp-json\/wp\/v2\/types\/product"}],"wp:featuredmedia":[{"embeddable":true,"href":"https:\/\/pood-moe.dev.almic.ee\/en\/wp-json\/wp\/v2\/media\/5311"}],"wp:attachment":[{"href":"https:\/\/pood-moe.dev.almic.ee\/en\/wp-json\/wp\/v2\/media?parent=3626"}],"wp:term":[{"taxonomy":"product_cat","embeddable":true,"href":"https:\/\/pood-moe.dev.almic.ee\/en\/wp-json\/wp\/v2\/product_cat?post=3626"},{"taxonomy":"product_tag","embeddable":true,"href":"https:\/\/pood-moe.dev.almic.ee\/en\/wp-json\/wp\/v2\/product_tag?post=3626"}],"curies":[{"name":"wp","href":"https:\/\/api.w.org\/{rel}","templated":true}]}}