{"id":3630,"date":"2022-02-12T15:00:36","date_gmt":"2022-02-12T13:00:36","guid":{"rendered":"https:\/\/pood.moe.ee\/?post_type=product&#038;p=3630"},"modified":"2023-09-11T07:58:11","modified_gmt":"2023-09-11T04:58:11","slug":"dubl-greco","status":"publish","type":"product","link":"https:\/\/pood-moe.dev.almic.ee\/en\/shop\/prosecco\/vahuvein\/dubl-greco\/","title":{"rendered":"DUBL Greco +"},"content":{"rendered":"","protected":false},"excerpt":{"rendered":"<p>DUBL Greco + , vintage 2016<\/p>\n<p>Alkoholisisaldus: 12,50% alc vol<br \/>\nPiirkond: Sorbo Serpico \/ Campania \/ Itaalia<br \/>\nMillest tehtud: Vintage e. Aastak\u00e4igu vahuvein, mis on valmistatud p\u00f5lismaisest viinamarjasordist Greco di Tufo.<br \/>\nV\u00e4rvus: \u00d5lekollase v\u00e4rvusega vahuvein, millel on kuldne varjund ja pikk kestev mullirida.<br \/>\nAroom: Kompleksne ja mitmek\u00fclgne aroom, kus domineerimas tsitrused ja troopilised puuviljad andes elegantse ja lillelise tulemuse.<br \/>\nMaitse: Mineraalne ja kompleksne v\u00e4rske vahuvein, kus tuntavad klasssikalisele sampanjameetodile omased n\u00fcansid- maitserohkus, pehme ja kreemine vahusus ning pikk kestev j\u00e4relmaitse.<br \/>\nToit: Sobiv kaaslane satmaks ka pearoogi, mis on valmistatud mereandide baasil \u2013 mereanni risotto, kikerherne road, praetud ja soolatud kala nt. Tursk.<br \/>\nServeerimine: Serveerida temperatuuril 10 \u2013 12 kraadi Bordeaux t\u00fc\u00fcpi punase veini pokaalist.<br \/>\nTootest: Methode Traditionelle valmistatud vintage vahuvein Campania piirkonna p\u00f5lisest viinamarja sordist Greco di Tufo. Vahuveini teine fermentatsioon p\u00e4rmisettel on kestnud 30 kuud.<br \/>\nTootja: Feudi di san Gregorio<br \/>\nM\u00f5ni tore fakt: Nimetuse DUBL t\u00e4henduses ja sarjas v\u00e4ljendub kahe maja veinimaja koost\u00f6\u00f6. Anselme Selosse (Selosse Champagne) ja Riccardo Cottarella (Feudi di San Gregorio ).<br \/>\nDUBL kaubam\u00e4rk on loodud 2003 aastal valmistamaks Methode Traditionell vahuveine Campaniale omastest viinamarja sortidest Aglianico, Greco di Tufo ja Falanghina. Eesm\u00e4rgiga pakkuda nii tarbijale kui ka veinimeistritele uusi v\u00f5imalusi muutuvas ja moodsas maailmas.<br \/>\nHinnangud: Robert Parker, 2014 91 punkti<br \/>\nWine Enthusiast, 2015 91 punkti<\/p>\n","protected":false},"featured_media":5307,"template":"","meta":[],"product_cat":[108],"product_tag":[],"acf":[],"_links":{"self":[{"href":"https:\/\/pood-moe.dev.almic.ee\/en\/wp-json\/wp\/v2\/product\/3630"}],"collection":[{"href":"https:\/\/pood-moe.dev.almic.ee\/en\/wp-json\/wp\/v2\/product"}],"about":[{"href":"https:\/\/pood-moe.dev.almic.ee\/en\/wp-json\/wp\/v2\/types\/product"}],"wp:featuredmedia":[{"embeddable":true,"href":"https:\/\/pood-moe.dev.almic.ee\/en\/wp-json\/wp\/v2\/media\/5307"}],"wp:attachment":[{"href":"https:\/\/pood-moe.dev.almic.ee\/en\/wp-json\/wp\/v2\/media?parent=3630"}],"wp:term":[{"taxonomy":"product_cat","embeddable":true,"href":"https:\/\/pood-moe.dev.almic.ee\/en\/wp-json\/wp\/v2\/product_cat?post=3630"},{"taxonomy":"product_tag","embeddable":true,"href":"https:\/\/pood-moe.dev.almic.ee\/en\/wp-json\/wp\/v2\/product_tag?post=3630"}],"curies":[{"name":"wp","href":"https:\/\/api.w.org\/{rel}","templated":true}]}}