{"id":3634,"date":"2022-02-12T15:00:02","date_gmt":"2022-02-12T13:00:02","guid":{"rendered":"https:\/\/pood.moe.ee\/?post_type=product&#038;p=3634"},"modified":"2023-09-11T07:58:13","modified_gmt":"2023-09-11T04:58:13","slug":"dubl-rose-aglianico-nv","status":"publish","type":"product","link":"https:\/\/pood-moe.dev.almic.ee\/en\/shop\/prosecco\/vahuvein\/dubl-rose-aglianico-nv\/","title":{"rendered":"DUBL Rose Aglianico"},"content":{"rendered":"","protected":false},"excerpt":{"rendered":"<p>DUBL Rose Aglianico NV<\/p>\n<p>Alkoholisisaldus: 12,50%<br \/>\nPiirkond: Sorbo Serpico \/ Campania \/ Itaalia<br \/>\nMillest tehtud: 100% Aglianico viinamarjadest valmistatud Rose vahuvein.<br \/>\nV\u00e4rvus: \u00d5rnroosa v\u00e4rvuse ja p\u00fcsiva mullijoaga s\u00e4delev vahuvein.<br \/>\nAroom: Aroom on v\u00e4rske, rikkalik ja p\u00f5nev. Domineerivaks aroomiks s\u00e4rtsakad tsitrused, millele lisanduvad v\u00e4rsked punased marjad ja kerge kaneel.<br \/>\nMaitse: Meeldiv keskmise kehandiga, kreemjas ja elegantne vahuvein, mille maitses domineerimas aroomist tuttavad v\u00e4rsked punased marjad ja nektariin. \u00dclipikk j\u00e4relmaitse, kus m\u00e4nglemas pihlaka ja ingveri n\u00fcansid.<br \/>\nToit: Sobiv kaaslane paljude mere \u2013 ja molluski toitude juurde. Krevetid, suitsul\u00f5he, koorikloomad \u2013 t\u00f6\u00f6tab k\u00f5igiga.<br \/>\nServeerimine: Serveerin temperatuuril 8-10 kraadi Bordeaux t\u00fc\u00fcpi punase veini pokaalist.<br \/>\nTootest: Methode Traditionelle valmistatud vahuvein Campania piirkonnale omasest viinamarja sordist Aglianico di Taurasi. Viinamarjad on kasvanud oman\u00e4olisel pinnasel- mis on moodustunud vulkaanilistest, liivakivist ja marlist (savine). Vahuveini teine fermentatsioon p\u00e4rmisettel on kestnud 18 kuud.<br \/>\nTootja: Feudi di San Gregorio<br \/>\nM\u00f5ni tore fakt: Nimetuse DUBL t\u00e4henduses ja sarjas v\u00e4ljendub kahe maja veinimaja koost\u00f6\u00f6. Anselme Selosse (Selosse Champagne) ja Riccardo Cottarella (Feudi di San Gregorio) Campanias.<br \/>\nDUBL kaubam\u00e4rk on loodud 2003 aastal valmistamaks Methode Traditionell vahuveine Campaniale omastest viinamarja sortidest Aglianico, Greco di Tufo ja Falanghina. Eesm\u00e4rgiga pakkuda nii tarbijale kui ka veinimeistritele uusi v\u00f5imalusi muutuvas moodsas maailmas.<br \/>\nSorbo Serpico on vald Itaalias Campania maakonnas, t\u00e4psemalt Avellino provintsis umbes 500 m k\u00f5rgusel merepinnast. Sorbo Serpico asustustihedus on keskmiselt 75 inimest km2 kohta.<br \/>\nHinnangud: Robert Parkeri skaalal 92 punkti<br \/>\nWine Enthusiast 92 punkti<\/p>\n","protected":false},"featured_media":5303,"template":"","meta":[],"product_cat":[108],"product_tag":[],"acf":[],"_links":{"self":[{"href":"https:\/\/pood-moe.dev.almic.ee\/en\/wp-json\/wp\/v2\/product\/3634"}],"collection":[{"href":"https:\/\/pood-moe.dev.almic.ee\/en\/wp-json\/wp\/v2\/product"}],"about":[{"href":"https:\/\/pood-moe.dev.almic.ee\/en\/wp-json\/wp\/v2\/types\/product"}],"wp:featuredmedia":[{"embeddable":true,"href":"https:\/\/pood-moe.dev.almic.ee\/en\/wp-json\/wp\/v2\/media\/5303"}],"wp:attachment":[{"href":"https:\/\/pood-moe.dev.almic.ee\/en\/wp-json\/wp\/v2\/media?parent=3634"}],"wp:term":[{"taxonomy":"product_cat","embeddable":true,"href":"https:\/\/pood-moe.dev.almic.ee\/en\/wp-json\/wp\/v2\/product_cat?post=3634"},{"taxonomy":"product_tag","embeddable":true,"href":"https:\/\/pood-moe.dev.almic.ee\/en\/wp-json\/wp\/v2\/product_tag?post=3634"}],"curies":[{"name":"wp","href":"https:\/\/api.w.org\/{rel}","templated":true}]}}