{"id":3637,"date":"2022-02-12T15:00:17","date_gmt":"2022-02-12T13:00:17","guid":{"rendered":"https:\/\/pood.moe.ee\/?post_type=product&#038;p=3637"},"modified":"2023-09-11T07:58:12","modified_gmt":"2023-09-11T04:58:12","slug":"dubl-brut-falanghina-nv","status":"publish","type":"product","link":"https:\/\/pood-moe.dev.almic.ee\/en\/shop\/prosecco\/vahuvein\/dubl-brut-falanghina-nv\/","title":{"rendered":"DUBL Brut Falanghina"},"content":{"rendered":"","protected":false},"excerpt":{"rendered":"<p>DUBL Brut Falanghina NV<\/p>\n<p>Alkoholisisaldus: 12,50% alc vol<br \/>\nPiirkond: Sorbo Serpico \/ Campania \/ Itaalia<br \/>\nMillest tehtud: 100% Falanghina viinamarjadest valmistatud methode traditionelle kuiv vahuvein.<br \/>\nV\u00e4rvus: \u00d5lekollase v\u00e4rvusega ja p\u00fcsiva mullijoaga kaunis vahuvein.<br \/>\nAroom: V\u00e4rske ja aromaatne vahuvein, kus domineerimas \u00f5una- virsiku ja kummeli n\u00fcansid, mida t\u00e4iendavad aprikoosi \u00fcmarad toonid.<br \/>\nMaitse: Keskmise kehandiga Methode Traditionelle valmistatud vahuvein, millel on kreemjas ja n\u00fcansirohke v\u00e4rskete tsitruste ja troopiliste viljade maitsepalett. L\u00f5ppviimistlus pikk ja p\u00fcsiv.<br \/>\nToit: Ideaalne aperatiiv v\u00f5i kergemad eelroad kalast ja koorikloomad.<br \/>\nServeerimine: Serveerida temperatuuril 8 kraadi Bordeaux t\u00fc\u00fcpi valge veini pokaalist.<br \/>\nTootest: Methode Traditionelle valmistatud vahuvein Campania piirkonna p\u00f5lisest viinamarja sordist Falanghina. Vahuveini teine fermentatsioon p\u00e4rmisettel on kestnud 18 kuud.<br \/>\nTootja: Feudi di San Gregorio<br \/>\nM\u00f5ni tore fakt: Nimetuse DUBL t\u00e4henduses ja sarjas v\u00e4ljendub kahe maja veinimaja koost\u00f6\u00f6. Anselme Selosse (Selosse Champagne) ja Riccardo Cottarella (Feudi di San Gregorio) Campanias.<br \/>\nDUBL kaubam\u00e4rk on loodud 2003 aastal valmistamaks Methode Traditionell vahuveine Campaniale omastest viinamarja sortidest Aglianico, Greco di Tufo ja Falanghina. Eesm\u00e4rgiga pakkuda nii tarbijale kui ka veinimeistritele uusi v\u00f5imalusi muutuvas moodsas maailmas.<br \/>\nSorbo Serpico on vald Itaalias Campania maakonnas, t\u00e4psemalt Avellino provintsis umbes 500 m k\u00f5rgusel merepinnast. Sorbo Serpico asustustihedus on keskmiselt 75 inimest km2 kohta.<br \/>\nHinnangud: Wine Enthusiast, 2018 90 punkti<br \/>\nJames Suckling, 2021 92 pts<\/p>\n","protected":false},"featured_media":5309,"template":"","meta":[],"product_cat":[108],"product_tag":[],"acf":[],"_links":{"self":[{"href":"https:\/\/pood-moe.dev.almic.ee\/en\/wp-json\/wp\/v2\/product\/3637"}],"collection":[{"href":"https:\/\/pood-moe.dev.almic.ee\/en\/wp-json\/wp\/v2\/product"}],"about":[{"href":"https:\/\/pood-moe.dev.almic.ee\/en\/wp-json\/wp\/v2\/types\/product"}],"wp:featuredmedia":[{"embeddable":true,"href":"https:\/\/pood-moe.dev.almic.ee\/en\/wp-json\/wp\/v2\/media\/5309"}],"wp:attachment":[{"href":"https:\/\/pood-moe.dev.almic.ee\/en\/wp-json\/wp\/v2\/media?parent=3637"}],"wp:term":[{"taxonomy":"product_cat","embeddable":true,"href":"https:\/\/pood-moe.dev.almic.ee\/en\/wp-json\/wp\/v2\/product_cat?post=3637"},{"taxonomy":"product_tag","embeddable":true,"href":"https:\/\/pood-moe.dev.almic.ee\/en\/wp-json\/wp\/v2\/product_tag?post=3637"}],"curies":[{"name":"wp","href":"https:\/\/api.w.org\/{rel}","templated":true}]}}