{"id":3644,"date":"2022-02-12T15:00:24","date_gmt":"2022-02-12T13:00:24","guid":{"rendered":"https:\/\/pood.moe.ee\/?post_type=product&#038;p=3644"},"modified":"2023-09-11T07:58:12","modified_gmt":"2023-09-11T04:58:12","slug":"2018-pinot-nero","status":"publish","type":"product","link":"https:\/\/pood-moe.dev.almic.ee\/en\/shop\/vein\/varvus\/punane\/2018-pinot-nero\/","title":{"rendered":"Sirch Pinot Nero"},"content":{"rendered":"","protected":false},"excerpt":{"rendered":"<p>Pinot Nero, Sirch<\/p>\n<p><strong>Alkoholisisaldus<\/strong>: 13,00 % alc vol<br \/>\n<strong>Piirkond<\/strong>: Friuli Colli Orientali DOC \/ Itaalia<br \/>\n<strong>Millest tehtud<\/strong>: Viinamarja sort Pinot Nero<br \/>\n<strong>V\u00e4rvus<\/strong>: S\u00e4rav rubiinpunane v\u00e4rvus<br \/>\n<strong>Aroom<\/strong>: Aroomis selged vaarika n\u00fcansid ja pehme marjasus. Vihjed kannikestele.<br \/>\n<strong>Maitse<\/strong>: Kekmise kehandiga punane vein, mille karakteris avalduvad punased kirsid ja punased metsamajad.<br \/>\n<strong>Toit<\/strong>: Liha ja seente p\u00f5hised pastad ja riisitoidud, valge liha ja kana.<br \/>\nServeerimine: Serveerida temperatuuril 15-16 kraadi Burgundia t\u00fc\u00fcpi punase veini pokaalist<br \/>\n<strong>Tootest<\/strong>: Klassikaline Burgundia viinamarjasort Pinot Noir, mis P\u00f5hja- Itaalias kannab nime Pinot Nero annes m\u00f5nev\u00f5rra teistsuguse stiiliga punaseid veine kui Burgundias.<br \/>\n<strong>Tootja<\/strong>: Feudi di San Gregorio , Sirch<br \/>\n<strong>M\u00f5ni tore fakt<\/strong>: Friuli Venezia Giulia on Kirde- Itaalia tuntud veinipiirkond, mis piirneb p\u00f5hjas Austria ja idas Sloveeniaga. Veini stiil varieerub palju s\u00f5ltuvalt sellest kas seda valmistatakse vahemerelises v\u00f5i Alpi kontinentaalses kliima m\u00f5jus. Peamiselt valge veini piirkonnana tuntud Friuli kasvatab palju rahusvaheliselt tuntud viinamarja sorte, kuna piirkond sai tugevalt kannatada 1800 l\u00f5pul m\u00f6llanud Phylloxera poolt.<\/p>\n<p>&nbsp;<\/p>\n","protected":false},"featured_media":5410,"template":"","meta":[],"product_cat":[148,116,55],"product_tag":[],"acf":[],"_links":{"self":[{"href":"https:\/\/pood-moe.dev.almic.ee\/en\/wp-json\/wp\/v2\/product\/3644"}],"collection":[{"href":"https:\/\/pood-moe.dev.almic.ee\/en\/wp-json\/wp\/v2\/product"}],"about":[{"href":"https:\/\/pood-moe.dev.almic.ee\/en\/wp-json\/wp\/v2\/types\/product"}],"wp:featuredmedia":[{"embeddable":true,"href":"https:\/\/pood-moe.dev.almic.ee\/en\/wp-json\/wp\/v2\/media\/5410"}],"wp:attachment":[{"href":"https:\/\/pood-moe.dev.almic.ee\/en\/wp-json\/wp\/v2\/media?parent=3644"}],"wp:term":[{"taxonomy":"product_cat","embeddable":true,"href":"https:\/\/pood-moe.dev.almic.ee\/en\/wp-json\/wp\/v2\/product_cat?post=3644"},{"taxonomy":"product_tag","embeddable":true,"href":"https:\/\/pood-moe.dev.almic.ee\/en\/wp-json\/wp\/v2\/product_tag?post=3644"}],"curies":[{"name":"wp","href":"https:\/\/api.w.org\/{rel}","templated":true}]}}