{"id":3649,"date":"2022-02-12T15:00:26","date_gmt":"2022-02-12T13:00:26","guid":{"rendered":"https:\/\/pood.moe.ee\/?post_type=product&#038;p=3649"},"modified":"2023-09-11T07:58:11","modified_gmt":"2023-09-11T04:58:11","slug":"podere-277-syrah-igt-2019","status":"publish","type":"product","link":"https:\/\/pood-moe.dev.almic.ee\/en\/shop\/vein\/varvus\/punane\/podere-277-syrah-igt-2019\/","title":{"rendered":"Campo alle Comete Podere 277 Syrah"},"content":{"rendered":"","protected":false},"excerpt":{"rendered":"<p>Podere 277 Syrah, Campo Alle Comete<\/p>\n<p><strong>Alkoholisisaldus<\/strong>: 13,50%<br \/>\n<strong>Piirkond<\/strong>: Bolgheri IGT\/ Toscana \/ Itaalia<br \/>\n<strong>Millest tehtud<\/strong>: 100% Syrah viinamarjasort. mida kasvatatakse Podere 277 nimelisel maat\u00fckil, kus on k\u00f5ige sobikum pinnas Syrah kasvatamiseks.<br \/>\n<strong>V\u00e4rvus<\/strong>: V\u00e4rvuselt tumeda varjundiga rubiinpunane.<br \/>\n<strong>Aroom<\/strong>: Aroomis tuntavad punased metsamarjad ja tumedad luuviljad. Sekundeerimas Syrah viinamarja sordile omased piprased noodid.<br \/>\n<strong>Maitse<\/strong>: Keskmise t\u00e4idlusega iseloomukas punavein. Maitses tuntavad k\u00fcpsed tumedad luuviljad- ploom ja ja metsamarjad. Siidine ja pehme suutunnetus ja j\u00e4relmaitses piprased ja balsamicole omased n\u00fcansid.<br \/>\n<strong>Toit<\/strong>: Kena kaaslane grillitud liha ja hirve k\u00f5rvale. Arenenud laabijuustud.<br \/>\n<strong>Serveerimine<\/strong>: Serveerida temperatuuril 16-17 kraadi Bordeaux t\u00fc\u00fcpi punase veini pokaalist.<br \/>\n<strong>Tootest<\/strong>: Veini on peale fermentstiooni protsessi arendatud 10 kuud terastangis ja seej\u00e4rel veel 6 kuud pudelis.<br \/>\n<strong>Tootja<\/strong>: Itaalia tuntuselt nr. 5 Kaubam\u00e4rk Feudi di San Gregorio ja nende Toscana veinimaja Campo Alle Comete<br \/>\n<strong>M\u00f5ni tore fakt<\/strong>: Syrah viinamarju kasvatatakse Podere 277 nimelisel maat\u00fckil, kus on k\u00f5ige sobilikum pinnas Syrah kasvatamiseks.<br \/>\nHinnangud: 2018 James Suckling 94\/ 100<\/p>\n","protected":false},"featured_media":5506,"template":"","meta":[],"product_cat":[148,116,55],"product_tag":[],"acf":[],"_links":{"self":[{"href":"https:\/\/pood-moe.dev.almic.ee\/en\/wp-json\/wp\/v2\/product\/3649"}],"collection":[{"href":"https:\/\/pood-moe.dev.almic.ee\/en\/wp-json\/wp\/v2\/product"}],"about":[{"href":"https:\/\/pood-moe.dev.almic.ee\/en\/wp-json\/wp\/v2\/types\/product"}],"wp:featuredmedia":[{"embeddable":true,"href":"https:\/\/pood-moe.dev.almic.ee\/en\/wp-json\/wp\/v2\/media\/5506"}],"wp:attachment":[{"href":"https:\/\/pood-moe.dev.almic.ee\/en\/wp-json\/wp\/v2\/media?parent=3649"}],"wp:term":[{"taxonomy":"product_cat","embeddable":true,"href":"https:\/\/pood-moe.dev.almic.ee\/en\/wp-json\/wp\/v2\/product_cat?post=3649"},{"taxonomy":"product_tag","embeddable":true,"href":"https:\/\/pood-moe.dev.almic.ee\/en\/wp-json\/wp\/v2\/product_tag?post=3649"}],"curies":[{"name":"wp","href":"https:\/\/api.w.org\/{rel}","templated":true}]}}