{"id":3652,"date":"2022-02-12T15:00:48","date_gmt":"2022-02-12T13:00:48","guid":{"rendered":"https:\/\/pood.moe.ee\/?post_type=product&#038;p=3652"},"modified":"2023-09-11T07:58:10","modified_gmt":"2023-09-11T04:58:10","slug":"2020-ribolla-gialla","status":"publish","type":"product","link":"https:\/\/pood-moe.dev.almic.ee\/en\/shop\/vein\/varvus\/valge\/2020-ribolla-gialla\/","title":{"rendered":"Sirch Ribolla Gialla"},"content":{"rendered":"","protected":false},"excerpt":{"rendered":"<p>Ribolla Gialla , Sirch<\/p>\n<p><strong>Alkoholisisaldus<\/strong>: 12,50 % alc vol<br \/>\n<strong>Piirkond<\/strong>: Friuli Colli Orientali DOC \/ Itaalia<br \/>\n<strong>Millest tehtud<\/strong>: 100% Ribolla Gialla viinamarjasort<br \/>\n<strong>V\u00e4rvus<\/strong>: Vein on \u00f5lekollase v\u00e4rvusega kerge rohelise helgiga.<br \/>\n<strong>Veinist<\/strong>: Intensiivne ja elegantne aroom, milles peegeldumas valged lilled k\u00e4sik\u00e4es rohelise \u00f5unaga. Maitses lisandumas neile mineraalsus ja s\u00e4rtsakas tsitruseliste palett, mis annab kergele veinile meeldiva v\u00e4rskuse.<br \/>\n<strong>Toit<\/strong>: Ideaalne kaaslane aperatiivina, ja eelroogade k\u00f5rvale. Sobiv kaaslane ka grillitud k\u00f6\u00f6giviljade k\u00f5rvale.<br \/>\n<strong>Serveerimine<\/strong>: Serveerin Bordeaux t\u00fc\u00fcpi valge veini pokaalist temperatuuril 7-8 kraadi .<br \/>\n<strong>Tootest<\/strong>: Sirchi viinapuuaiad paiknevad peamiselt merglist ja liivakivist koosnevatel muldadel. Korjeajad aedades on erinevad. Vein laagerdub peale pressimist ja fermentatsiooni terastangis paar kuud kokkupuutes sur lie (p\u00e4rmseentega) .<br \/>\n<strong>Tootja<\/strong>: Feudi di San Gregorio , Sirch<br \/>\n<strong>M\u00f5ni tore fakt<\/strong>: Friuli Venezia Giulia on Kirde- Itaalia tuntud veinipiirkond, mis piirneb p\u00f5hjas Austria ja idas Sloveeniaga. Veini stiil varieerub palju s\u00f5ltuvalt sellest kas seda valmistatakse vahemerelises v\u00f5i Alpi kontinentaalses kliima m\u00f5jus. Peamiselt valge veini piirkonnana tuntud Friuli tuntuim kohalik viinamarjasort on Ribolla Gialla.<\/p>\n","protected":false},"featured_media":5590,"template":"","meta":[],"product_cat":[148,118,55],"product_tag":[],"acf":[],"_links":{"self":[{"href":"https:\/\/pood-moe.dev.almic.ee\/en\/wp-json\/wp\/v2\/product\/3652"}],"collection":[{"href":"https:\/\/pood-moe.dev.almic.ee\/en\/wp-json\/wp\/v2\/product"}],"about":[{"href":"https:\/\/pood-moe.dev.almic.ee\/en\/wp-json\/wp\/v2\/types\/product"}],"wp:featuredmedia":[{"embeddable":true,"href":"https:\/\/pood-moe.dev.almic.ee\/en\/wp-json\/wp\/v2\/media\/5590"}],"wp:attachment":[{"href":"https:\/\/pood-moe.dev.almic.ee\/en\/wp-json\/wp\/v2\/media?parent=3652"}],"wp:term":[{"taxonomy":"product_cat","embeddable":true,"href":"https:\/\/pood-moe.dev.almic.ee\/en\/wp-json\/wp\/v2\/product_cat?post=3652"},{"taxonomy":"product_tag","embeddable":true,"href":"https:\/\/pood-moe.dev.almic.ee\/en\/wp-json\/wp\/v2\/product_tag?post=3652"}],"curies":[{"name":"wp","href":"https:\/\/api.w.org\/{rel}","templated":true}]}}