{"id":3658,"date":"2022-02-12T16:00:02","date_gmt":"2022-02-12T14:00:02","guid":{"rendered":"https:\/\/pood.moe.ee\/?post_type=product&#038;p=3658"},"modified":"2023-09-11T07:58:09","modified_gmt":"2023-09-11T04:58:09","slug":"stupore-bolgheri-rosso-doc-2016","status":"publish","type":"product","link":"https:\/\/pood-moe.dev.almic.ee\/en\/shop\/vein\/varvus\/punane\/stupore-bolgheri-rosso-doc-2016\/","title":{"rendered":"Campo alle Comete &#8220;Stupore&#8221; Rosso Bolgheri Magnum"},"content":{"rendered":"","protected":false},"excerpt":{"rendered":"<p>Stupore Bolgheri Rosso DOC , Magnum , Campo Alle Comete<\/p>\n<p><strong>Piirkond<\/strong>: Bolgheri DOC\/ Toscana\/ Itaalia<br \/>\n<strong>Tootest<\/strong>: Stupore Bolgheri Rosso 2016 a. Aastak\u00e4ik, mis on pandud Magnum (1.5L) pudelisse. Suures pudelis savutab vein v\u00f5imsama komplekssuse ja keerukamad maitsen\u00fcansid. P\u00f5hjuseks asjaolu et suures pudelis on veini rohkem ja seet\u00f5ttu ka \u00f5hku v\u00e4hem, mis aga p\u00f5hjustabki veini pikema ja \u00fchtlasema arengu. Paljud tootjad valmistavadki Magnumeid sooviga n\u00e4idata oma parimaid tooteid ja aastak\u00e4ike. Nii ka siin.<br \/>\nIga viinamrjasordi fermentatsiooni protsess leiab aset eraldi teras vaadis umbes 25 p\u00e4eva jooksul. Lisaks on veini arendatud 10 kuud uutes ja kasutatud barriqudes ja 500 liitristes Prantsuse tammevaatides Tonneaux- des. Peale pudeldamist minimaalselt 6 kuud veel pudelis. Esimene aastak\u00e4ik mis on valminud t\u00e4ielikult Feudi di San Gregorio kaubam\u00e4rgi all. Veini s\u00e4ilitamis potensiaal on v\u00e4ga pikk h\u00f5lmates kindlasti ajavahemikku 2022 \u2013 2038.<br \/>\n<strong>Millest tehtud<\/strong>: 40% Cabernet Sauvignon, 35 % Merlot, 20%Syrah ja 5% Petite Verdot.<br \/>\n<strong>Toit<\/strong>: Ideaalne kaaslane roa juures kus on esindatud k\u00fclmad liha l\u00f5igud, vinnutatud lihad, grillitud lammas ja erinevad toorvorstid.<br \/>\n<strong>Serveerimine<\/strong>: Serveerida temperatuuril 16-17 kraadi Bordeaux t\u00fc\u00fcpi punase veini pokaalist.<br \/>\n<strong>Tootja<\/strong>: Feudi di San Gregorio<br \/>\n<strong>M\u00f5ni tore fakt<\/strong>: Campo Alle Comete on selle viinamrja kasvatus piirkonna iidne nimetus, millega on p\u00fc\u00fctud tuua kliendini veinimaja olemust \u2013 maagiline maailm, kuhu saab pageda igap\u00e4eva elust ja unistada. Veinimaja logo ja kujunduse on loonud kunstnik ja illustraator Nicoletta Ceccoli. Fragmendid kujtletavast unistuste maailmast on j\u00f5udnud ka minimalistlikus stiilis pudeli siltidele.<br \/>\nPiirkond h\u00f5lmab 17,5 ha, millest 14,5 ha on viinamrjakasvatuse all ja 2,5 ha oliivipuude all.<br \/>\nAlkoholisisaldus: 14,00% alc vol<\/p>\n","protected":false},"featured_media":5404,"template":"","meta":[],"product_cat":[148,116,55],"product_tag":[],"acf":[],"_links":{"self":[{"href":"https:\/\/pood-moe.dev.almic.ee\/en\/wp-json\/wp\/v2\/product\/3658"}],"collection":[{"href":"https:\/\/pood-moe.dev.almic.ee\/en\/wp-json\/wp\/v2\/product"}],"about":[{"href":"https:\/\/pood-moe.dev.almic.ee\/en\/wp-json\/wp\/v2\/types\/product"}],"wp:featuredmedia":[{"embeddable":true,"href":"https:\/\/pood-moe.dev.almic.ee\/en\/wp-json\/wp\/v2\/media\/5404"}],"wp:attachment":[{"href":"https:\/\/pood-moe.dev.almic.ee\/en\/wp-json\/wp\/v2\/media?parent=3658"}],"wp:term":[{"taxonomy":"product_cat","embeddable":true,"href":"https:\/\/pood-moe.dev.almic.ee\/en\/wp-json\/wp\/v2\/product_cat?post=3658"},{"taxonomy":"product_tag","embeddable":true,"href":"https:\/\/pood-moe.dev.almic.ee\/en\/wp-json\/wp\/v2\/product_tag?post=3658"}],"curies":[{"name":"wp","href":"https:\/\/api.w.org\/{rel}","templated":true}]}}