{"id":3664,"date":"2022-02-12T16:00:04","date_gmt":"2022-02-12T14:00:04","guid":{"rendered":"https:\/\/pood.moe.ee\/?post_type=product&#038;p=3664"},"modified":"2023-09-11T07:58:09","modified_gmt":"2023-09-11T04:58:09","slug":"teodosio-rossi-aglianico-del-vulture-doc","status":"publish","type":"product","link":"https:\/\/pood-moe.dev.almic.ee\/en\/shop\/vein\/varvus\/punane\/teodosio-rossi-aglianico-del-vulture-doc\/","title":{"rendered":"Teodosio Rossi Aglianico del Vulture"},"content":{"rendered":"","protected":false},"excerpt":{"rendered":"<p>Teodosio Rossi, Aglianico del Vulture DOC, Biologico, Basilisco<\/p>\n<p><strong>Alkoholisisaldus<\/strong>: 14,00% alc vol<br \/>\n<strong>Piirkond<\/strong>: Aglianico del Vulture DOC \/ Basilicata \/ Itaalia<br \/>\n<strong>Millest tehtud<\/strong>: 100% Aglianico viinamarjasort<br \/>\n<strong>V\u00e4rvus<\/strong>: Kirgas rubiinpunane v\u00e4rvus.<br \/>\n<strong>Aroom<\/strong>: Aroomis v\u00e4rskete punaste ja mustade marjade- ja luuviljade kaskaad, kuhu sekka torkamas s\u00e4hvatused k\u00fcpsetusv\u00fcrtsidest.<br \/>\n<strong>Maitse<\/strong>: V\u00e4rske iseloomu ja keskmise kehandiga punane vein vulkaaniliselt pinnaselt. Veini kompleksele karakterile on tooni andmas punased luuviljad koos mustade metsamarjadega. J\u00e4relmaitse pikk, pehme ja siidine, kantud marjasusest ja k\u00fcpsetusv\u00fcrtsidest. Hea arengupotensiaal.<br \/>\n<strong>Toit<\/strong>: Ideaalne kaaslane Vahemere k\u00f6\u00f6gi juures, vinnutaud liha, punane liha ja metsloom- hirv.<br \/>\n<strong>Serveerimine<\/strong>: Serveerida temperatuuril 16-17 kraadi Bordeaux t\u00fc\u00fcpi punase veini pokaalist.<br \/>\n<strong>Tootest<\/strong>: Aglianico del Vulture \u201eTeodosio\u201c on punase veini armastajate seas k\u00f5rgelt hinnatud just t\u00e4nu oma tugevale iseloomule ja intensiivsele maitsele. Veini on arendatud 10-12 kuud Prantsuse tammevaatides \u2013 barrique (220 l)<br \/>\n<strong>Tootja<\/strong>: Feudi di San Gregorio kaubam\u00e4rgi alla kuuluv Basilicata veinimaja Basilisco<br \/>\n<strong>M\u00f5ni tore fakt<\/strong>:<br \/>\nBasilisco veinimaja v\u00f5lgneb oma nime t\u00e4nu B\u00fctsantsi keisrile Basileusele, mis vana kreeka keelest t\u00f5lgituna t\u00e4hendab \u201e v\u00e4ike kuningas\u201c , kelle kujutis 5 saj m\u00fcndilt on saanud veinimaja ikooniks. Kuldne m\u00fcnt n\u00e4htaval ka pudeli esik\u00fcljel.<br \/>\nHinnangud : 2017 Luca Maroni 91\/ 99<\/p>\n","protected":false},"featured_media":5518,"template":"","meta":[],"product_cat":[148,116,55],"product_tag":[],"acf":[],"_links":{"self":[{"href":"https:\/\/pood-moe.dev.almic.ee\/en\/wp-json\/wp\/v2\/product\/3664"}],"collection":[{"href":"https:\/\/pood-moe.dev.almic.ee\/en\/wp-json\/wp\/v2\/product"}],"about":[{"href":"https:\/\/pood-moe.dev.almic.ee\/en\/wp-json\/wp\/v2\/types\/product"}],"wp:featuredmedia":[{"embeddable":true,"href":"https:\/\/pood-moe.dev.almic.ee\/en\/wp-json\/wp\/v2\/media\/5518"}],"wp:attachment":[{"href":"https:\/\/pood-moe.dev.almic.ee\/en\/wp-json\/wp\/v2\/media?parent=3664"}],"wp:term":[{"taxonomy":"product_cat","embeddable":true,"href":"https:\/\/pood-moe.dev.almic.ee\/en\/wp-json\/wp\/v2\/product_cat?post=3664"},{"taxonomy":"product_tag","embeddable":true,"href":"https:\/\/pood-moe.dev.almic.ee\/en\/wp-json\/wp\/v2\/product_tag?post=3664"}],"curies":[{"name":"wp","href":"https:\/\/api.w.org\/{rel}","templated":true}]}}