{"id":3668,"date":"2022-02-12T16:00:35","date_gmt":"2022-02-12T14:00:35","guid":{"rendered":"https:\/\/pood.moe.ee\/?post_type=product&#038;p=3668"},"modified":"2023-09-11T07:58:08","modified_gmt":"2023-09-11T04:58:08","slug":"teodosio-aglianico-del-vulture-superiore-docg","status":"publish","type":"product","link":"https:\/\/pood-moe.dev.almic.ee\/en\/shop\/vein\/varvus\/punane\/teodosio-aglianico-del-vulture-superiore-docg\/","title":{"rendered":"Basilisco Aglianico del Vulture Superiore DOCG Biologico"},"content":{"rendered":"","protected":false},"excerpt":{"rendered":"<p>Basilisco Aglianico del Vulture Superiore DOCG Biologico<\/p>\n<p><strong>Alkoholisisaldus<\/strong>: 13,50%<br \/>\n<strong>Piirkond<\/strong>: Aglianico del Vulture DOCG \/ Basilicata \/ Itaalia<br \/>\n<strong>Millest tehtud<\/strong>: 100% Aglianico viinamarjasort<br \/>\n<strong>V\u00e4rvus<\/strong>: Rubiinpunase v\u00e4rvusega intensiivse violetse alatooniga.<br \/>\n<strong>Aroom<\/strong>: Aroom on mitmek\u00fclgne tuntavad tumedad ja punased metsamarjad ja luuviljad.<br \/>\n<strong>Maitse<\/strong>: Maitses intensiivne veidi t\u00e4idlasema kehandiga elegantne punane vein mille maitsekooslus on kompleksne ja arenenud. J\u00e4relmaitse on pikk ja mitmek\u00fclgne.<br \/>\n<strong>Toit<\/strong>: Sobiv Vahemere toitudega, mis baseeeruvad tomatikastmetel. Sobib ka erinevate pearoogadega , mis baseeruvad toorvorstidel , metslooma lihal \u2013 hirv ja arenenud juustudel.<br \/>\n<strong>Serveerimine<\/strong>: Serveerida temperatuuril 16-17 kraadi Bordeaux t\u00fc\u00fcpi punase veini pokaalist.<br \/>\n<strong>Tootest<\/strong>: Veini valmistamiseks kasutatavate veinide viinamrjad kasvavad Barile m\u00e4el. Veini arendatakse 14-16 kuud Prantsuse tamme vaatides<br \/>\n<strong>Tootja<\/strong>: Feudi di San Gregorio kaubam\u00e4rgi alla kuuluv Basilicata veinimaja Basilisco<br \/>\n<strong>M\u00f5ni tore fakt<\/strong>: Basilisco veinimaja v\u00f5lgneb oma nime t\u00e4nu B\u00fctsantsi keisrile Basileusele, mis vana kreeka keelest t\u00f5lgituna t\u00e4hendab \u201e v\u00e4ike kuningas\u201c , kelle kujutis 5 saj m\u00fcndilt on saanud veinimaja ikooniks. Kuldne m\u00fcnt n\u00e4htaval ka pudeli esik\u00fcljel.<br \/>\nHinnangud: 2013 Robert Parker 91 \/ 100<br \/>\n2013 James Suckling 93 \/100<br \/>\n2012 Robert Parker 90 \/100<br \/>\n2012 James Suckling 90 \/ 100<\/p>\n","protected":false},"featured_media":5392,"template":"","meta":[],"product_cat":[148,116,55],"product_tag":[],"acf":[],"_links":{"self":[{"href":"https:\/\/pood-moe.dev.almic.ee\/en\/wp-json\/wp\/v2\/product\/3668"}],"collection":[{"href":"https:\/\/pood-moe.dev.almic.ee\/en\/wp-json\/wp\/v2\/product"}],"about":[{"href":"https:\/\/pood-moe.dev.almic.ee\/en\/wp-json\/wp\/v2\/types\/product"}],"wp:featuredmedia":[{"embeddable":true,"href":"https:\/\/pood-moe.dev.almic.ee\/en\/wp-json\/wp\/v2\/media\/5392"}],"wp:attachment":[{"href":"https:\/\/pood-moe.dev.almic.ee\/en\/wp-json\/wp\/v2\/media?parent=3668"}],"wp:term":[{"taxonomy":"product_cat","embeddable":true,"href":"https:\/\/pood-moe.dev.almic.ee\/en\/wp-json\/wp\/v2\/product_cat?post=3668"},{"taxonomy":"product_tag","embeddable":true,"href":"https:\/\/pood-moe.dev.almic.ee\/en\/wp-json\/wp\/v2\/product_tag?post=3668"}],"curies":[{"name":"wp","href":"https:\/\/api.w.org\/{rel}","templated":true}]}}