{"id":3956,"date":"2022-04-29T12:36:54","date_gmt":"2022-04-29T09:36:54","guid":{"rendered":"https:\/\/pood.moe.ee\/?post_type=product&#038;p=3956"},"modified":"2023-09-11T07:58:07","modified_gmt":"2023-09-11T04:58:07","slug":"2021-collines-du-bourdic-eclate-de-gris-grenache-rose","status":"publish","type":"product","link":"https:\/\/pood-moe.dev.almic.ee\/en\/shop\/vein\/varvus\/roosa\/2021-collines-du-bourdic-eclate-de-gris-grenache-rose\/","title":{"rendered":"Collines du Bourdic \u00c9clate De Gris Grenache Rose"},"content":{"rendered":"","protected":false},"excerpt":{"rendered":"<p>Collines du Bourdic \u00c9clate De Gris Grenache Rose<\/p>\n<p><strong>Alkoholisisaldus<\/strong>: alc vol 12,50%<br \/>\n<strong>Piirkond<\/strong>: AOP Duch\u00e9 D&#8217;Uz\u00e8s\/L\u00f5una Rhone\/Prantsusmaa<br \/>\n<strong>Millest tehtud<\/strong>: Grenache viinamarjasordist.<br \/>\n<strong>V\u00e4rvus<\/strong>: Kahvatu roosa v\u00e4rvusega.<br \/>\n<strong>Aroom<\/strong>: Vein on v\u00e4rske, aromaatne ja marjane. Domineerivad v\u00e4rsked metsmaasika aroomid.<br \/>\n<strong>Maitse<\/strong>: Kerge kehandiga v\u00e4rske rose vein, kus suus annavad tooni v\u00e4rsked marjased maitsen\u00fcansid. Kohe tarbimiseks.<br \/>\n<strong>Toit<\/strong>: Sobiv aperatiiviks, lisaks kergemad eelroad ja grill- tooted.<br \/>\n<strong>Serveerimine<\/strong>: Serveerida temperatuuril 7-8 kraadi Bordeaux t\u00fc\u00fcpi valge veini pokaalist.<br \/>\n<strong>Tootja<\/strong>: Les Collines du Bourdic<\/p>\n","protected":false},"featured_media":5331,"template":"","meta":[],"product_cat":[366,120,55],"product_tag":[],"acf":[],"_links":{"self":[{"href":"https:\/\/pood-moe.dev.almic.ee\/en\/wp-json\/wp\/v2\/product\/3956"}],"collection":[{"href":"https:\/\/pood-moe.dev.almic.ee\/en\/wp-json\/wp\/v2\/product"}],"about":[{"href":"https:\/\/pood-moe.dev.almic.ee\/en\/wp-json\/wp\/v2\/types\/product"}],"wp:featuredmedia":[{"embeddable":true,"href":"https:\/\/pood-moe.dev.almic.ee\/en\/wp-json\/wp\/v2\/media\/5331"}],"wp:attachment":[{"href":"https:\/\/pood-moe.dev.almic.ee\/en\/wp-json\/wp\/v2\/media?parent=3956"}],"wp:term":[{"taxonomy":"product_cat","embeddable":true,"href":"https:\/\/pood-moe.dev.almic.ee\/en\/wp-json\/wp\/v2\/product_cat?post=3956"},{"taxonomy":"product_tag","embeddable":true,"href":"https:\/\/pood-moe.dev.almic.ee\/en\/wp-json\/wp\/v2\/product_tag?post=3956"}],"curies":[{"name":"wp","href":"https:\/\/api.w.org\/{rel}","templated":true}]}}