{"id":3959,"date":"2022-04-29T12:39:18","date_gmt":"2022-04-29T09:39:18","guid":{"rendered":"https:\/\/pood.moe.ee\/?post_type=product&#038;p=3959"},"modified":"2023-09-11T07:58:07","modified_gmt":"2023-09-11T04:58:07","slug":"les-collines-du-bourdic-racine-rose","status":"publish","type":"product","link":"https:\/\/pood-moe.dev.almic.ee\/en\/shop\/vein\/varvus\/roosa\/les-collines-du-bourdic-racine-rose\/","title":{"rendered":"Bourdic Racine Rose"},"content":{"rendered":"","protected":false},"excerpt":{"rendered":"<p>Les Collines du Bourdic Racine Rose<\/p>\n<p>Alkoholisisaldus: alc vol 12,50%<br \/>\nPiirkond: AOP Duch\u00e9 D&#8217;Uz\u00e8s\/L\u00f5una Rhone\/Prantsusmaa<br \/>\nMillest tehtud: Kasutatud viinamarjasordid Syrah ja Grenache.<br \/>\nV\u00e4rvus: L\u00f5heroosa v\u00e4rvusega.<br \/>\nAroom: Vein on aromaatne, marjane ja v\u00e4rske.<br \/>\nMaitse: Maitselt v\u00e4rske ja kerge vein, kus domineerimas hea marjasus ja s\u00e4rtakas iseloom.<br \/>\nToit: Sobiv aperatiiviks. Erinevad kergemad toidud ja grillid.<br \/>\nServeerimine: Serveerida temperatuuril 7-8 kraadi Bordeaux t\u00fc\u00fcpi valge veini pokaalist.<br \/>\nTootest: Syrah annab veinile hea struktuuri ja v\u00e4rvi ning v\u00f5imaldab saada v\u00e4ga meeldivaid ros\u00e9sid. Grenache toob veini \u00fcmaruse ja n\u00f5tkuse.<br \/>\nTootja: Les Collines du Bourdic<\/p>\n","protected":false},"featured_media":5323,"template":"","meta":[],"product_cat":[366,120,55],"product_tag":[],"acf":[],"_links":{"self":[{"href":"https:\/\/pood-moe.dev.almic.ee\/en\/wp-json\/wp\/v2\/product\/3959"}],"collection":[{"href":"https:\/\/pood-moe.dev.almic.ee\/en\/wp-json\/wp\/v2\/product"}],"about":[{"href":"https:\/\/pood-moe.dev.almic.ee\/en\/wp-json\/wp\/v2\/types\/product"}],"wp:featuredmedia":[{"embeddable":true,"href":"https:\/\/pood-moe.dev.almic.ee\/en\/wp-json\/wp\/v2\/media\/5323"}],"wp:attachment":[{"href":"https:\/\/pood-moe.dev.almic.ee\/en\/wp-json\/wp\/v2\/media?parent=3959"}],"wp:term":[{"taxonomy":"product_cat","embeddable":true,"href":"https:\/\/pood-moe.dev.almic.ee\/en\/wp-json\/wp\/v2\/product_cat?post=3959"},{"taxonomy":"product_tag","embeddable":true,"href":"https:\/\/pood-moe.dev.almic.ee\/en\/wp-json\/wp\/v2\/product_tag?post=3959"}],"curies":[{"name":"wp","href":"https:\/\/api.w.org\/{rel}","templated":true}]}}